{"id":67238,"date":"2022-11-23T10:44:19","date_gmt":"2022-11-23T09:44:19","guid":{"rendered":"https:\/\/madelinefashion.pl\/?post_type=product&#038;p=67238"},"modified":"2026-02-20T14:57:23","modified_gmt":"2026-02-20T13:57:23","slug":"sweter-krotki-palmare-karmelowy","status":"publish","type":"product","link":"https:\/\/madelinefashion.pl\/en\/product\/sweter-krotki-palmare-karmelowy\/","title":{"rendered":"Palmare Caramel Short Sweater"},"content":{"rendered":"<h3 style=\"text-align: center;\">Palmare Caramel Short Sweater<\/h3>\n<p style=\"text-align: center;\">\u00a0High neck sweater <strong>\u00a0\u2013 <\/strong>\u00a0Made of extremely pleasant material. Slipped over the head, it fits perfectly on the body. <strong>Turtleneck sweater<\/strong> for a long, straight sleeve finished with a welt. A simple cut and classic pattern will fit into many styles. You can successfully wear it for everyday outings, work, family gatherings or even more important occasions. Thanks to the structure of the material, it will work better <strong>on colder days and during transitional periods<\/strong> or on <strong>winter in combination with a jacket<\/strong>. We recommend combining them with high boots, which will make you stand out from the crowd.\u00a0 <strong>The size is UNIVERSAL<\/strong> recommended for ladies wearing <strong> SML XL<\/strong><strong>,<\/strong>\u00a0but we recommend\u00a0<strong>accurate measurement <\/strong>according to the dimension table below. Available in our e-shop in several color variants, so do not hesitate and choose the one that is perfect for you. If you cannot decide which color is best for you, please contact us through <strong>Facebook<\/strong>\u00a0or phone.<\/p>\n<h3 style=\"text-align: center;\">Sweater dimensions:<\/h3>\n<ul>\n<li style=\"text-align: center;\">Overall length: 58 cm<\/li>\n<li style=\"text-align: center;\">Width from armpit to armpit: 58-68 cm<\/li>\n<li style=\"text-align: center;\">Sleeve length from armpit: 39 cm<\/li>\n<li style=\"text-align: center;\">Sleeve length from the shoulder: 60 cm<\/li>\n<\/ul>\n<p style=\"text-align: center;\">Dimensions may slightly differ from the given +\/- 2cm. All dimensions given are measured flat.<\/p>\n<table width=\"610\">\n<tbody>\n<tr>\n<td width=\"302\">Model name<\/td>\n<td width=\"302\">Palmare Short Sweater<\/td>\n<\/tr>\n<tr>\n<td width=\"302\">Color<\/td>\n<td width=\"302\">caramel<\/td>\n<\/tr>\n<tr>\n<td width=\"302\">Sizes<\/td>\n<td width=\"302\">Universal<\/td>\n<\/tr>\n<tr>\n<td width=\"302\">Collection<\/td>\n<td width=\"302\">Spring \/ Autumn \/ Winter<\/td>\n<\/tr>\n<tr>\n<td width=\"302\">Cleavage<\/td>\n<td width=\"302\">Golf<\/td>\n<\/tr>\n<tr>\n<td width=\"302\">Warmed up<\/td>\n<td width=\"302\">Uninsulated<\/td>\n<\/tr>\n<tr>\n<td width=\"302\">Material<\/td>\n<td width=\"302\">100 % Polyester<\/td>\n<\/tr>\n<\/tbody>\n<\/table>\n<section class=\"page-product-box\">\n<div class=\"rte\">\n<div class=\"tabs tabs-bb clear mb-80\">\n<div class=\"tab-content\">\n<div id=\"tab-description\" class=\"tab-pane fade in woocommerce-Tabs-panel--description active\">\n<p style=\"text-align: center;\">The model has\u00a0<strong>169<\/strong>\u00a0cm tall, wears a size every day\u00a0<strong>S.<\/strong><\/p>\n<p style=\"text-align: center;\">The width at the bust is 92 cm<\/p>\n<p style=\"text-align: center;\">Waist width 62 cm<\/p>\n<p style=\"text-align: center;\">The width at the hips is 94 cm<\/p>\n<\/div>\n<\/div>\n<\/div>\n<\/div>\n<\/section>","protected":false},"excerpt":{"rendered":"<p>Sweter Kr\u00f3tki Palmare Karmelowy \u00a0Sweterek do pasa z p\u00f3\u0142golfem \u00a0&#8211; \u00a0Wykonany z niezwykle przyjemnego materia\u0142u. Wk\u0142adany przez g\u0142ow\u0119, \u015bwietnie uk\u0142ada si\u0119 na ciele. Sweter z Golfem na d\u0142ugi, prosty r\u0119kaw zako\u0144czony \u015bci\u0105gaczem.\u00a0 Prosty kr\u00f3j i klasyczny wz\u00f3r wpisze si\u0119 w wiele stylizacji. Z powodzeniem mo\u017cesz go ubra\u0107 na codzienne wyj\u015bcia, do pracy, spotkanie rodzinne czy<\/p>\n<div class=\"klb-readmore post-buttons\"><a class=\"button black outline size-sm\" href=\"https:\/\/madelinefashion.pl\/en\/product\/sweter-krotki-palmare-karmelowy\/\">Read More <i class=\"klbth-icon-right-arrow\"><\/i><\/a><\/div>","protected":false},"featured_media":67226,"template":"","meta":[],"product_brand":[],"product_cat":[90],"product_tag":[],"class_list":{"0":"post-67238","1":"product","2":"type-product","3":"status-publish","4":"has-post-thumbnail","6":"product_cat-swetry","8":"first","9":"instock","10":"purchasable","11":"product-type-simple"},"_links":{"self":[{"href":"https:\/\/madelinefashion.pl\/en\/wp-json\/wp\/v2\/product\/67238","targetHints":{"allow":["GET"]}}],"collection":[{"href":"https:\/\/madelinefashion.pl\/en\/wp-json\/wp\/v2\/product"}],"about":[{"href":"https:\/\/madelinefashion.pl\/en\/wp-json\/wp\/v2\/types\/product"}],"wp:featuredmedia":[{"embeddable":true,"href":"https:\/\/madelinefashion.pl\/en\/wp-json\/wp\/v2\/media\/67226"}],"wp:attachment":[{"href":"https:\/\/madelinefashion.pl\/en\/wp-json\/wp\/v2\/media?parent=67238"}],"wp:term":[{"taxonomy":"product_brand","embeddable":true,"href":"https:\/\/madelinefashion.pl\/en\/wp-json\/wp\/v2\/product_brand?post=67238"},{"taxonomy":"product_cat","embeddable":true,"href":"https:\/\/madelinefashion.pl\/en\/wp-json\/wp\/v2\/product_cat?post=67238"},{"taxonomy":"product_tag","embeddable":true,"href":"https:\/\/madelinefashion.pl\/en\/wp-json\/wp\/v2\/product_tag?post=67238"}],"curies":[{"name":"wp","href":"https:\/\/api.w.org\/{rel}","templated":true}]}}