{"id":67298,"date":"2022-11-23T11:44:46","date_gmt":"2022-11-23T10:44:46","guid":{"rendered":"https:\/\/madelinefashion.pl\/?post_type=product&#038;p=67298"},"modified":"2026-03-05T17:03:07","modified_gmt":"2026-03-05T16:03:07","slug":"sukienka-sweterkowa-z-golfem-dluga-denver-ciemno-szara-2","status":"publish","type":"product","link":"https:\/\/madelinefashion.pl\/en\/product\/sukienka-sweterkowa-z-golfem-dluga-denver-ciemno-szara-2\/","title":{"rendered":"Denver Long Turtleneck Sweater Dress Dark Gray"},"content":{"rendered":"<h2 style=\"text-align: center;\">Denver Long Turtleneck Sweater Dress Dark Gray<\/h2>\n<p style=\"text-align: center;\">The cut of the dress is beautiful <strong>emphasizes the figure and feminine shapes<\/strong>. A very comfortable and pleasant to the touch knitted dress will be perfect for everyday use, when you want to look perfect and feel great at the same time. <strong>S.<\/strong><strong>long tube with a turtleneck with a delicate slit at the bottom. <\/strong>A model in which you will shine among friends or family gatherings. Thanks to their material, they will work better\u00a0<strong>on colder days and during transitional periods<\/strong> or for the winter in combination with a jacket. . One size recommended for ladies in size <strong>SML<\/strong> <b>XL. <a href=\"https:\/\/madelinefashion.pl\/en\/czapki-dodatki\/dodatki\/\">Strap<\/a> the picture is not included.\u00a0<\/b><\/p>\n<h2 style=\"text-align: center;\">Dress dimensions:<\/h2>\n<ul style=\"text-align: center;\">\n<li>total length 124 cm<\/li>\n<li>width at the hips 40-60 cm<\/li>\n<li>width from armpit to armpit: 44-57 cm<\/li>\n<li>sleeve length from the shoulder: 60 cm<\/li>\n<li>sleeve length from the armpit 50 cm<\/li>\n<li>length of the dress to the spreader 88 cm<\/li>\n<li><\/li>\n<\/ul>\n<p style=\"text-align: center;\">Dimensions may slightly differ from the given +\/- 2cm. All dimensions given are measured flat.<\/p>\n<p style=\"text-align: center;\">X2 dimension<\/p>\n<table style=\"height: 250px;\" width=\"565\">\n<tbody>\n<tr>\n<td width=\"302\">Model name<\/td>\n<td width=\"302\">Long Denver Turtleneck Sweater Dress<\/td>\n<\/tr>\n<tr>\n<td width=\"302\">Color<\/td>\n<td width=\"302\">Dark Gray<\/td>\n<\/tr>\n<tr>\n<td width=\"302\">Collection<\/td>\n<td width=\"302\">Spring \/ Autumn \/ Winter<\/td>\n<\/tr>\n<tr>\n<td width=\"302\">Sizes<\/td>\n<td width=\"302\">Universal<\/td>\n<\/tr>\n<tr>\n<td width=\"302\">Composition<\/td>\n<td width=\"302\">40% acrylic, 30% wool, 30% Mohair<\/td>\n<\/tr>\n<tr>\n<td width=\"302\">Length<\/td>\n<td width=\"302\">Over the knee<\/td>\n<\/tr>\n<tr>\n<td width=\"302\">Cleavage<\/td>\n<td width=\"302\">Golf<\/td>\n<\/tr>\n<\/tbody>\n<\/table>\n<p>&nbsp;<\/p>\n<section class=\"page-product-box\">\n<div class=\"rte\">\n<p style=\"text-align: center;\">The model has\u00a0<strong>169<\/strong>\u00a0cm tall, wears a size every day\u00a0<strong>S.<\/strong><\/p>\n<p style=\"text-align: center;\">The width at the bust is 92 cm<\/p>\n<p style=\"text-align: center;\">Waist width 62 cm<\/p>\n<p style=\"text-align: center;\">The width at the hips is 94 cm<\/p>\n<p style=\"text-align: center;\">\n<\/div>\n<\/section>","protected":false},"excerpt":{"rendered":"<p>Sukienka Sweterkowa z Golfem D\u0142uga Denver Ciemno Szara Kr\u00f3j sukienki pi\u0119knie podkre\u015bla figur\u0119 i kobiece kszta\u0142ty. Bardzo wygodna i przyjemna w dotyku dzianinowa sukienka \u015bwietnie sprawdzi si\u0119 na co dzie\u0144, gdy chcesz wygl\u0105da\u0107 idealnie i jednocze\u015bnie \u015bwietnie si\u0119 czu\u0107. Sukienka d\u0142uga z golfem z delikatnym rozci\u0119ciem na dole. Model w kt\u00f3rym zab\u0142y\u015bniesz w gronie przyjaci\u00f3\u0142<\/p>\n<div class=\"klb-readmore post-buttons\"><a class=\"button black outline size-sm\" href=\"https:\/\/madelinefashion.pl\/en\/product\/sukienka-sweterkowa-z-golfem-dluga-denver-ciemno-szara-2\/\">Read More <i class=\"klbth-icon-right-arrow\"><\/i><\/a><\/div>","protected":false},"featured_media":67297,"template":"","meta":[],"product_brand":[],"product_cat":[158,395],"product_tag":[214],"class_list":{"0":"post-67298","1":"product","2":"type-product","3":"status-publish","4":"has-post-thumbnail","6":"product_cat-sukienki-sweterkowe","7":"product_cat-nowosci","8":"product_tag-sukienka-szara","10":"first","11":"instock","12":"sale","13":"purchasable","14":"product-type-simple"},"_links":{"self":[{"href":"https:\/\/madelinefashion.pl\/en\/wp-json\/wp\/v2\/product\/67298","targetHints":{"allow":["GET"]}}],"collection":[{"href":"https:\/\/madelinefashion.pl\/en\/wp-json\/wp\/v2\/product"}],"about":[{"href":"https:\/\/madelinefashion.pl\/en\/wp-json\/wp\/v2\/types\/product"}],"wp:featuredmedia":[{"embeddable":true,"href":"https:\/\/madelinefashion.pl\/en\/wp-json\/wp\/v2\/media\/67297"}],"wp:attachment":[{"href":"https:\/\/madelinefashion.pl\/en\/wp-json\/wp\/v2\/media?parent=67298"}],"wp:term":[{"taxonomy":"product_brand","embeddable":true,"href":"https:\/\/madelinefashion.pl\/en\/wp-json\/wp\/v2\/product_brand?post=67298"},{"taxonomy":"product_cat","embeddable":true,"href":"https:\/\/madelinefashion.pl\/en\/wp-json\/wp\/v2\/product_cat?post=67298"},{"taxonomy":"product_tag","embeddable":true,"href":"https:\/\/madelinefashion.pl\/en\/wp-json\/wp\/v2\/product_tag?post=67298"}],"curies":[{"name":"wp","href":"https:\/\/api.w.org\/{rel}","templated":true}]}}