{"id":6733,"date":"2021-03-27T21:12:37","date_gmt":"2021-03-27T20:12:37","guid":{"rendered":"https:\/\/madelinefashion.pl\/?post_type=product&#038;p=6733"},"modified":"2026-03-26T12:40:43","modified_gmt":"2026-03-26T11:40:43","slug":"komplet-spodnie-bluza-planet-rozowy","status":"publish","type":"product","link":"https:\/\/madelinefashion.pl\/en\/product\/komplet-spodnie-bluza-planet-rozowy\/","title":{"rendered":"Set of Pants + Sweatshirt Planet Pink"},"content":{"rendered":"<h3 style=\"text-align: center;\">Set of Pants + Sweatshirt Planet Pink<\/h3>\n<p style=\"text-align: center;\"><strong>A phenomenal tracksuit set<\/strong> made of very good quality, soft and <strong>enjoyable<\/strong> in touch <strong>material<\/strong>. Tracksuit decorated with patches in the form of Planet. <strong>Planet tracksuit<\/strong> is a perfect set for those who love to feel comfortable every day, and at the same time to feel a friendly and soft touch. The set is made of high quality 90% material <strong>Cotton<\/strong> , it is very pleasant to the touch and very delicate on the inside.<br \/>\n<strong><span lang=\"en-us\" xml:lang=\"en-us\">Pants can be worn with a blouse or can also be combined with <\/span><\/strong><a href=\"https:\/\/madelinefashion.pl\/en\/casual-clothes\/t-shirty\/\"><span lang=\"en-us\" xml:lang=\"en-us\">shirt<\/span><\/a><strong><span lang=\"en-us\" xml:lang=\"en-us\"> and create the perfect everyday, casual look. <\/span><\/strong>The tracksuit is made of high-quality material with fashionable patches <strong>SOLAR SYSTEM<\/strong> <strong>. <\/strong>The sweatshirt has a welt and a deep hood. Pants have two pockets. The set is available in beautiful colors that perfectly match the upcoming season. A set in a universal size recommended for ladies in size <strong>SML XL<\/strong> .<\/p>\n<h3 style=\"text-align: center;\">\u00a0 \u00a0 \u00a0Dimensions :<\/h3>\n<p style=\"text-align: center;\"><strong>Hoodie:<\/strong><br \/>\nTotal length - 62 cm<br \/>\nThe width from armpit to armpit - 48-55 cm<br \/>\nThe width at the bottom - 40-50 cm<br \/>\nSleeve length from armpit - 48 cm<br \/>\nBicep width -42 cm<\/p>\n<p style=\"text-align: center;\"><strong>Pants:<\/strong><br \/>\nOverall length -105 cm<br \/>\nInside leg length -75 cm<br \/>\nStan -31cm<br \/>\nWaist width - 33-45 cm<br \/>\nThe width of the hips - 45-53 cm<br \/>\nThigh width - 28 cm<br \/>\nThe width of the leg at the bottom - 12-15 cm<\/p>\n<p style=\"text-align: center;\">Dimensions may slightly differ from the given +\/- 2cm. <strong>All dimensions given are measured flat x2\u00a0<\/strong><\/p>\n<h3 style=\"text-align: center;\">Product characteristics:<\/h3>\n<p align=\"center\">-pants<br \/>\n-hoodie<br \/>\n- pockets<br \/>\n-Long Sleeve<br \/>\n-hood<br \/>\n-Subtitles<br \/>\n-loose<br \/>\n-welt<br \/>\n- patches<\/p>\n<table width=\"615\">\n<tbody>\n<tr>\n<td width=\"302\">Model name<\/td>\n<td width=\"302\">Set of Pants + Sweatshirt Planet<\/td>\n<\/tr>\n<tr>\n<td width=\"302\">Color<\/td>\n<td width=\"302\">Pink<\/td>\n<\/tr>\n<tr>\n<td width=\"302\">Sizes<\/td>\n<td width=\"302\">Universal<\/td>\n<\/tr>\n<tr>\n<td width=\"302\">Fashion<\/td>\n<td width=\"302\">Matched<\/td>\n<\/tr>\n<tr>\n<td width=\"302\">Material<\/td>\n<td width=\"302\">90% Cotton 10% Plastic<\/td>\n<\/tr>\n<\/tbody>\n<\/table>\n<p>&nbsp;<\/p>\n<div class=\"tabs tabs-bb clear mb-80\">\n<div class=\"tab-content\">\n<div id=\"tab-description\" class=\"tab-pane fade in woocommerce-Tabs-panel--description active\">\n<div class=\"tabs tabs-bb clear mb-80\">\n<div class=\"tab-content\">\n<div id=\"tab-description\" class=\"tab-pane fade in woocommerce-Tabs-panel--description active\">\n<p style=\"text-align: center;\">The model has\u00a0<strong>169<\/strong>\u00a0cm tall, wears a size every day\u00a0<strong>S.<\/strong><\/p>\n<p style=\"text-align: center;\">The width at the bust is 92 cm<\/p>\n<p style=\"text-align: center;\">Waist width 62 cm<\/p>\n<p style=\"text-align: center;\">The width at the hips is 94 cm<\/p>\n<\/div>\n<\/div>\n<\/div>\n<section class=\"related products mb-80\"><\/section>\n<section class=\"page-product-box\">\n<div class=\"rte\">\n<p>&nbsp;<\/p>\n<\/div>\n<\/section>\n<\/div>\n<\/div>\n<\/div>\n<section class=\"up-sells upsells products mb-80\"><\/section>\n<p>&nbsp;<\/p>\n<p style=\"text-align: center;\">","protected":false},"excerpt":{"rendered":"<p>Komplet Spodnie + Bluza Planet R\u00f3\u017cowy Fenomenalny Komplet dresowy wykonany z bardzo dobrej jako\u015bci, mi\u0119kkiego i przyjemnego w dotyku materia\u0142u. Dres ozdobiony naszywkami w postaci Planet. Komplet Dresowy\u00a0 Planet to doskona\u0142y komplet dla tych, kt\u00f3re uwielbiaj\u0105 na co dzie\u0144 mie\u0107 poczucie komfortu, a przy tym odczucie przyjaznego i mi\u0119kkiego dotyku. Komplet wykonany jest z wysokiej<\/p>\n<div class=\"klb-readmore post-buttons\"><a class=\"button black outline size-sm\" href=\"https:\/\/madelinefashion.pl\/en\/product\/komplet-spodnie-bluza-planet-rozowy\/\">Read More <i class=\"klbth-icon-right-arrow\"><\/i><\/a><\/div>","protected":false},"featured_media":74922,"template":"","meta":[],"product_brand":[],"product_cat":[89,380],"product_tag":[282],"class_list":{"0":"post-6733","1":"product","2":"type-product","3":"status-publish","4":"has-post-thumbnail","6":"product_cat-komplety","7":"product_cat-wyprzedaz","8":"product_tag-komplety-dresowe","9":"pa_rozmiar-s-m","10":"pa_rozmiar-l-xl","12":"first","13":"instock","14":"sale","15":"purchasable","16":"product-type-simple"},"_links":{"self":[{"href":"https:\/\/madelinefashion.pl\/en\/wp-json\/wp\/v2\/product\/6733","targetHints":{"allow":["GET"]}}],"collection":[{"href":"https:\/\/madelinefashion.pl\/en\/wp-json\/wp\/v2\/product"}],"about":[{"href":"https:\/\/madelinefashion.pl\/en\/wp-json\/wp\/v2\/types\/product"}],"wp:featuredmedia":[{"embeddable":true,"href":"https:\/\/madelinefashion.pl\/en\/wp-json\/wp\/v2\/media\/74922"}],"wp:attachment":[{"href":"https:\/\/madelinefashion.pl\/en\/wp-json\/wp\/v2\/media?parent=6733"}],"wp:term":[{"taxonomy":"product_brand","embeddable":true,"href":"https:\/\/madelinefashion.pl\/en\/wp-json\/wp\/v2\/product_brand?post=6733"},{"taxonomy":"product_cat","embeddable":true,"href":"https:\/\/madelinefashion.pl\/en\/wp-json\/wp\/v2\/product_cat?post=6733"},{"taxonomy":"product_tag","embeddable":true,"href":"https:\/\/madelinefashion.pl\/en\/wp-json\/wp\/v2\/product_tag?post=6733"}],"curies":[{"name":"wp","href":"https:\/\/api.w.org\/{rel}","templated":true}]}}