{"id":67617,"date":"2022-11-25T11:56:42","date_gmt":"2022-11-25T10:56:42","guid":{"rendered":"https:\/\/madelinefashion.pl\/?post_type=product&#038;p=67617"},"modified":"2026-03-05T17:03:06","modified_gmt":"2026-03-05T16:03:06","slug":"tunika-swiateczna-jelonki-ze-srebrna-nitka-czerwona","status":"publish","type":"product","link":"https:\/\/madelinefashion.pl\/en\/product\/tunika-swiateczna-jelonki-ze-srebrna-nitka-czerwona\/","title":{"rendered":"Christmas tunic of deer with silver thread red"},"content":{"rendered":"<h3 style=\"text-align: center;\">Christmas tunic of deer with silver thread red<\/h3>\n<p style=\"text-align: center;\"><strong>Christmas tunic of deer with silver thread\u00a0 <\/strong>is a model with Christmas patterns, perfect for Christmas meetings.<strong> Sweater tunic <\/strong>\u00a0this beautiful model is made of the highest quality yarn, which, thanks to the precise processing process, adds softness, softness and maximum comfort. A tunic with deer patterns with a silver thread will perfectly fit in at t=Christmas time. <b>Tunic\u00a0 <\/b>in one universal size recommended for <b>Mr<\/b>\u00a0wearing a size\u00a0<b>S, M, L, XL<\/b>\u00a0It will attract attention and you will be\u00a0<b>look amazing<\/b>. Holidays are almost here, so it&#039;s high time to think about preparations, also those related to refreshing your wardrobe. In our store you will find <strong>Christmas clothes<\/strong>that will make you feel again <strong>the magic of Christmas.<\/strong> <strong>Festive character <\/strong>it will work both on a daily basis<strong>, <\/strong>and during dinner <strong>Christmas Eve. The material is decorated with the motifs of reindeer, stars, snowmen, snowflakes and Christmas trees associated with winter and Christmas. <\/strong>Thanks to their material, they will work better\u00a0<strong>on colder days and during transitional periods<\/strong> or for the winter in combination with a jacket. If you have any additional questions about this product, please do not hesitate to contact us by phone or via Facebook.<\/p>\n<h3 style=\"text-align: center;\">Dress dimensions:<\/h3>\n<ul>\n<li style=\"text-align: center;\">Width from armpit to armpit 52-68 cm<\/li>\n<li style=\"text-align: center;\">Total length 90 cm<\/li>\n<li style=\"text-align: center;\">Sleeve length from the armpit 50 cm<\/li>\n<li style=\"text-align: center;\">Sleeve length from shoulder 64 cm<\/li>\n<\/ul>\n<p style=\"text-align: center;\">Dimensions may slightly differ from the given +\/- 2cm. All dimensions given are measured flat.<strong>\u00a0<\/strong><\/p>\n<table style=\"height: 216px;\" width=\"732\">\n<tbody>\n<tr>\n<td width=\"302\">Model name<\/td>\n<td width=\"302\">Christmas tunic of deer with silver thread<\/td>\n<\/tr>\n<tr>\n<td width=\"302\">Collection<\/td>\n<td width=\"302\">Spring \/ Autumn \/ Winter<\/td>\n<\/tr>\n<tr>\n<td width=\"302\">Sizes<\/td>\n<td width=\"302\">Universal SML XL<\/td>\n<\/tr>\n<tr>\n<td width=\"302\">Composition<\/td>\n<td width=\"302\">85% Acrylic 15% Nylon<\/td>\n<\/tr>\n<tr>\n<td width=\"302\">Color<\/td>\n<td width=\"302\">Red<\/td>\n<\/tr>\n<tr>\n<td width=\"302\">Cleavage<\/td>\n<td width=\"302\">Round<\/td>\n<\/tr>\n<\/tbody>\n<\/table>\n<p style=\"text-align: center;\">The model has\u00a0<strong>169<\/strong>\u00a0cm tall, wears a size every day\u00a0<strong>S.<\/strong><\/p>\n<p style=\"text-align: center;\">The width at the bust is 92 cm<\/p>\n<p style=\"text-align: center;\">Waist width 62 cm<\/p>\n<p style=\"text-align: center;\">The width at the hips is 94 cm<\/p>","protected":false},"excerpt":{"rendered":"<p>Tunika \u015awi\u0105teczna Jelonki Ze Srebrn\u0105 Nitk\u0105 Czerwona Tunika \u015awi\u0105teczna Jelonki Ze Srebrn\u0105 Nitk\u0105\u00a0 to model o \u015bwi\u0105tecznych wzorach, idealnie sprawdzi si\u0119 podczas \u015bwi\u0105tecznych spotka\u0144. Tunika Sweterkowa \u00a0to pi\u0119kny model wykonany jest z najwy\u017cszej jako\u015bci prz\u0119dzy, kt\u00f3ra dzi\u0119ki precyzyjnemu procesowi obr\u00f3bki dodaje mi\u0119kko\u015bci, mi\u0119kko\u015bci i maksymalnego komfortu. Tunika we wzory w jelonki ze srebrn\u0105 nitk\u0105 idealnie<\/p>\n<div class=\"klb-readmore post-buttons\"><a class=\"button black outline size-sm\" href=\"https:\/\/madelinefashion.pl\/en\/product\/tunika-swiateczna-jelonki-ze-srebrna-nitka-czerwona\/\">Read More <i class=\"klbth-icon-right-arrow\"><\/i><\/a><\/div>","protected":false},"featured_media":67601,"template":"","meta":[],"product_brand":[],"product_cat":[158,395],"product_tag":[473,296,505],"class_list":{"0":"post-67617","1":"product","2":"type-product","3":"status-publish","4":"has-post-thumbnail","6":"product_cat-sukienki-sweterkowe","7":"product_cat-nowosci","8":"product_tag-kolekcja-swiateczna","9":"product_tag-tuniki","10":"product_tag-tunika-swiateczna","12":"first","13":"instock","14":"sale","15":"purchasable","16":"product-type-simple"},"_links":{"self":[{"href":"https:\/\/madelinefashion.pl\/en\/wp-json\/wp\/v2\/product\/67617","targetHints":{"allow":["GET"]}}],"collection":[{"href":"https:\/\/madelinefashion.pl\/en\/wp-json\/wp\/v2\/product"}],"about":[{"href":"https:\/\/madelinefashion.pl\/en\/wp-json\/wp\/v2\/types\/product"}],"wp:featuredmedia":[{"embeddable":true,"href":"https:\/\/madelinefashion.pl\/en\/wp-json\/wp\/v2\/media\/67601"}],"wp:attachment":[{"href":"https:\/\/madelinefashion.pl\/en\/wp-json\/wp\/v2\/media?parent=67617"}],"wp:term":[{"taxonomy":"product_brand","embeddable":true,"href":"https:\/\/madelinefashion.pl\/en\/wp-json\/wp\/v2\/product_brand?post=67617"},{"taxonomy":"product_cat","embeddable":true,"href":"https:\/\/madelinefashion.pl\/en\/wp-json\/wp\/v2\/product_cat?post=67617"},{"taxonomy":"product_tag","embeddable":true,"href":"https:\/\/madelinefashion.pl\/en\/wp-json\/wp\/v2\/product_tag?post=67617"}],"curies":[{"name":"wp","href":"https:\/\/api.w.org\/{rel}","templated":true}]}}