{"id":68189,"date":"2022-11-28T17:39:33","date_gmt":"2022-11-28T16:39:33","guid":{"rendered":"https:\/\/madelinefashion.pl\/?post_type=product&#038;p=68189"},"modified":"2026-03-07T13:46:56","modified_gmt":"2026-03-07T12:46:56","slug":"sukienka-cekinowa-falbanka-na-jedno-ramie-molie-rozowa","status":"publish","type":"product","link":"https:\/\/madelinefashion.pl\/en\/product\/sukienka-cekinowa-falbanka-na-jedno-ramie-molie-rozowa\/","title":{"rendered":"Molie Pink One-Shoulder Frill Sequin Dress"},"content":{"rendered":"<h3 style=\"text-align: center;\">Molie Pink One-Shoulder Frill Sequin Dress<\/h3>\n<p style=\"text-align: center;\"><strong>Molie One Shoulder Ruffle Sequin Dress<\/strong> put it on for a special occasion and make that no one will pass by you indifferently. The dress is one shoulder. In combination with your favorite high heels, you will create a unique look. The dress has a lining.\u00a0 <strong>The size is UNIVERSAL\u00a0<\/strong>\u00a0recommended for ladies wearing XS, S, M, L\u00a0<strong>,<\/strong>\u00a0but we recommend\u00a0<strong>accurate measurement\u00a0<\/strong>according to the dimension table below. Available in our e-shop in several color variants, so do not hesitate and choose the one that is perfect for you.<\/p>\n<h3 style=\"text-align: center;\">Dress dimensions<\/h3>\n<ul style=\"text-align: center;\">\n<li>total length 83 cm<\/li>\n<li>width from armpit to armpit: 37-48 cm<\/li>\n<li>waist width: 36-43 cm<\/li>\n<li><\/li>\n<li><\/li>\n<\/ul>\n<p style=\"text-align: center;\">Dimensions may slightly differ from the given +\/- 2cm. All dimensions given are measured flat. <strong>X2 dimension<\/strong><\/p>\n<p style=\"text-align: center;\"><strong>\u00a0<\/strong><\/p>\n<table style=\"height: 175px;\" width=\"690\">\n<tbody>\n<tr>\n<td width=\"302\">Model name<\/td>\n<td width=\"302\">mollies<\/td>\n<\/tr>\n<tr>\n<td width=\"302\">Color<\/td>\n<td width=\"302\">Pink<\/td>\n<\/tr>\n<tr>\n<td width=\"302\">Collection<\/td>\n<td width=\"302\">Fall \/ Winter \/ Spring<\/td>\n<\/tr>\n<tr>\n<td width=\"302\">Sizes<\/td>\n<td width=\"302\">Universal<\/td>\n<\/tr>\n<tr>\n<td width=\"302\">Fashion<\/td>\n<td width=\"302\">Fitted \/ Flexible<\/td>\n<\/tr>\n<tr>\n<td width=\"302\">Material<\/td>\n<td width=\"302\">45 % Polyester 50% Viscose 5% Elastane<\/td>\n<\/tr>\n<\/tbody>\n<\/table>\n<section class=\"page-product-box\">\n<div class=\"rte\">\n<p style=\"text-align: center;\">The model has\u00a0<strong>169<\/strong>\u00a0cm tall, wears a size every day\u00a0<strong>S.<\/strong><\/p>\n<p style=\"text-align: center;\">The width at the bust is 92 cm<\/p>\n<p style=\"text-align: center;\">Waist width 62 cm<\/p>\n<p style=\"text-align: center;\">The width at the hips is 94 cm<\/p>\n<\/div>\n<\/section>","protected":false},"excerpt":{"rendered":"<p>Sukienka Cekinowa Falbanka Na Jedno Rami\u0119 Molie R\u00f3\u017cowa Sukienka Cekinowa Falbanka Na Jedno Rami\u0119 Molie za\u0142\u00f3\u017c j\u0105 na wyj\u0105tkow\u0105 okazj\u0119 i spraw, \u017ce nikt nie przejdzie obok Ciebie oboj\u0119tnie. Sukienka jest na jedno rami\u0119. W zestawieniu z ulubionymi szpilkami stworzysz niepowtarzalny look. Sukienka posiada podszewk\u0119.\u00a0 Rozmiar jest UNIWERSALNY\u00a0\u00a0zalecany dla Pa\u0144 nosz\u0105cych XS,S,M,L\u00a0,\u00a0ale zalecamy\u00a0dok\u0142adne zmierzenie\u00a0zgodnie z<\/p>\n<div class=\"klb-readmore post-buttons\"><a class=\"button black outline size-sm\" href=\"https:\/\/madelinefashion.pl\/en\/product\/sukienka-cekinowa-falbanka-na-jedno-ramie-molie-rozowa\/\">Read More <i class=\"klbth-icon-right-arrow\"><\/i><\/a><\/div>","protected":false},"featured_media":68175,"template":"","meta":[],"product_brand":[],"product_cat":[124,558],"product_tag":[262],"class_list":{"0":"post-68189","1":"product","2":"type-product","3":"status-publish","4":"has-post-thumbnail","6":"product_cat-sukienki-okolicznosciowe","7":"product_cat-sukienki-cekinowe","8":"product_tag-sukienki-krotkie","10":"first","11":"instock","12":"sale","13":"purchasable","14":"product-type-simple"},"_links":{"self":[{"href":"https:\/\/madelinefashion.pl\/en\/wp-json\/wp\/v2\/product\/68189","targetHints":{"allow":["GET"]}}],"collection":[{"href":"https:\/\/madelinefashion.pl\/en\/wp-json\/wp\/v2\/product"}],"about":[{"href":"https:\/\/madelinefashion.pl\/en\/wp-json\/wp\/v2\/types\/product"}],"wp:featuredmedia":[{"embeddable":true,"href":"https:\/\/madelinefashion.pl\/en\/wp-json\/wp\/v2\/media\/68175"}],"wp:attachment":[{"href":"https:\/\/madelinefashion.pl\/en\/wp-json\/wp\/v2\/media?parent=68189"}],"wp:term":[{"taxonomy":"product_brand","embeddable":true,"href":"https:\/\/madelinefashion.pl\/en\/wp-json\/wp\/v2\/product_brand?post=68189"},{"taxonomy":"product_cat","embeddable":true,"href":"https:\/\/madelinefashion.pl\/en\/wp-json\/wp\/v2\/product_cat?post=68189"},{"taxonomy":"product_tag","embeddable":true,"href":"https:\/\/madelinefashion.pl\/en\/wp-json\/wp\/v2\/product_tag?post=68189"}],"curies":[{"name":"wp","href":"https:\/\/api.w.org\/{rel}","templated":true}]}}