{"id":68199,"date":"2022-11-28T17:50:56","date_gmt":"2022-11-28T16:50:56","guid":{"rendered":"https:\/\/madelinefashion.pl\/?post_type=product&#038;p=68199"},"modified":"2024-11-19T11:44:42","modified_gmt":"2024-11-19T10:44:42","slug":"komplet-cekinowy-top-spodnica-victoria-srebrny","status":"publish","type":"product","link":"https:\/\/madelinefashion.pl\/en\/product\/komplet-cekinowy-top-spodnica-victoria-srebrny\/","title":{"rendered":"Set Sequin Top+ Skirt Victoria Silver"},"content":{"rendered":"<h3 style=\"text-align: center;\">Set Sequin Top+ Skirt Victoria Silver<\/h3>\n<p style=\"text-align: center;\"><strong>Set Sequin Top+ Skirt Victoria is <\/strong>A fashionable sequin set, which includes a long-sleeved short top with an elastic band and a midi skirt <strong>fly<\/strong>.<\/p>\n<p style=\"text-align: center;\">In combination with your favorite high heels, you will create a unique look. The set has a lining.\u00a0 <strong>The size is UNIVERSAL\u00a0<\/strong>\u00a0recommended for ladies wearing XS, S, M, L\u00a0<strong>,<\/strong>\u00a0but we recommend\u00a0<strong>accurate measurement\u00a0<\/strong>according to the dimension table below. Available in our e-shop in several color variants, so do not hesitate and choose the one that is perfect for you.<\/p>\n<p>!<\/p>\n<h3 style=\"text-align: center;\">\u00a0 \u00a0 \u00a0Dimensions :<\/h3>\n<p style=\"text-align: center;\">TOP :<br \/>\nArmpit width: 40-48cm<br \/>\nTotal length: 35cm<br \/>\nSleeve length from the shoulder: 65 cm<br \/>\nSleeve length from the armpit: 49 cm<\/p>\n<p style=\"text-align: center;\">SKIRT :<br \/>\nWaist width: 32-42 cm<br \/>\nTotal length: 82 cm<br \/>\nLining length: 48 cm<\/p>\n<p>&nbsp;<\/p>\n<p style=\"text-align: center;\">Dimensions may slightly differ from the given +\/- 2cm. <strong>All dimensions given are measured flat x2\u00a0<\/strong><\/p>\n<p align=\"center\">\n<table width=\"615\">\n<tbody>\n<tr>\n<td width=\"302\">Model name<\/td>\n<td width=\"302\">Victoria<\/td>\n<\/tr>\n<tr>\n<td width=\"302\">Color<\/td>\n<td width=\"302\">Silver<\/td>\n<\/tr>\n<tr>\n<td width=\"302\">Sizes<\/td>\n<td width=\"302\">Uni<\/td>\n<\/tr>\n<tr>\n<td width=\"302\">Fashion<\/td>\n<td width=\"302\">Matched<\/td>\n<\/tr>\n<tr>\n<td width=\"302\">Composition<\/td>\n<td width=\"302\">42% viscose 30% polyamide 28% polyester<\/td>\n<\/tr>\n<\/tbody>\n<\/table>\n<p>&nbsp;<\/p>\n<div class=\"tabs tabs-bb clear mb-80\">\n<div class=\"tab-content\">\n<div id=\"tab-description\" class=\"tab-pane fade in woocommerce-Tabs-panel--description active\">\n<div class=\"tabs tabs-bb clear mb-80\">\n<div class=\"tab-content\">\n<div id=\"tab-description\" class=\"tab-pane fade in woocommerce-Tabs-panel--description active\">\n<p style=\"text-align: center;\">The model has\u00a0<strong>169<\/strong>\u00a0cm tall, wears a size every day\u00a0<strong>S.<\/strong><\/p>\n<p style=\"text-align: center;\">The width at the bust is 92 cm<\/p>\n<p style=\"text-align: center;\">Waist width 62 cm<\/p>\n<p style=\"text-align: center;\">The width at the hips is 94 cm<\/p>\n<\/div>\n<\/div>\n<\/div>\n<\/div>\n<\/div>\n<\/div>\n<p style=\"text-align: center;\">","protected":false},"excerpt":{"rendered":"<p>Komplet Cekinowy Top+ Sp\u00f3dnica Victoria Srebrny Komplet Cekinowy Top+ Sp\u00f3dnica Victoria to modny komplet cekinowy, w sk\u0142ad kt\u00f3rego wchodzi kr\u00f3tki top na d\u0142ugi r\u0119kaw zako\u0144czony gumk\u0105 oraz sp\u00f3dnica w wersji midi z rozporkiem. W zestawieniu z ulubionymi szpilkami stworzysz niepowtarzalny look. Komplet posiada podszewk\u0119.\u00a0 Rozmiar jest UNIWERSALNY\u00a0\u00a0zalecany dla Pa\u0144 nosz\u0105cych XS,S,M,L\u00a0,\u00a0ale zalecamy\u00a0dok\u0142adne zmierzenie\u00a0zgodnie z tabel\u0105<\/p>\n<div class=\"klb-readmore post-buttons\"><a class=\"button black outline size-sm\" href=\"https:\/\/madelinefashion.pl\/en\/product\/komplet-cekinowy-top-spodnica-victoria-srebrny\/\">Read More <i class=\"klbth-icon-right-arrow\"><\/i><\/a><\/div>","protected":false},"featured_media":68193,"template":"","meta":[],"product_brand":[],"product_cat":[89],"product_tag":[487],"class_list":{"0":"post-68199","1":"product","2":"type-product","3":"status-publish","4":"has-post-thumbnail","6":"product_cat-komplety","7":"product_tag-komplet","8":"pa_rozmiar-m","9":"pa_rozmiar-l-2","10":"pa_rozmiar-s-2","12":"first","13":"instock","14":"purchasable","15":"product-type-simple"},"_links":{"self":[{"href":"https:\/\/madelinefashion.pl\/en\/wp-json\/wp\/v2\/product\/68199","targetHints":{"allow":["GET"]}}],"collection":[{"href":"https:\/\/madelinefashion.pl\/en\/wp-json\/wp\/v2\/product"}],"about":[{"href":"https:\/\/madelinefashion.pl\/en\/wp-json\/wp\/v2\/types\/product"}],"wp:featuredmedia":[{"embeddable":true,"href":"https:\/\/madelinefashion.pl\/en\/wp-json\/wp\/v2\/media\/68193"}],"wp:attachment":[{"href":"https:\/\/madelinefashion.pl\/en\/wp-json\/wp\/v2\/media?parent=68199"}],"wp:term":[{"taxonomy":"product_brand","embeddable":true,"href":"https:\/\/madelinefashion.pl\/en\/wp-json\/wp\/v2\/product_brand?post=68199"},{"taxonomy":"product_cat","embeddable":true,"href":"https:\/\/madelinefashion.pl\/en\/wp-json\/wp\/v2\/product_cat?post=68199"},{"taxonomy":"product_tag","embeddable":true,"href":"https:\/\/madelinefashion.pl\/en\/wp-json\/wp\/v2\/product_tag?post=68199"}],"curies":[{"name":"wp","href":"https:\/\/api.w.org\/{rel}","templated":true}]}}