{"id":68612,"date":"2022-11-29T17:58:50","date_gmt":"2022-11-29T16:58:50","guid":{"rendered":"https:\/\/madelinefashion.pl\/?post_type=product&#038;p=68612"},"modified":"2025-10-14T12:11:43","modified_gmt":"2025-10-14T10:11:43","slug":"spodniczka-cekinowa-prosta-naomi-srebrna-2","status":"publish","type":"product","link":"https:\/\/madelinefashion.pl\/en\/product\/spodniczka-cekinowa-prosta-naomi-srebrna-2\/","title":{"rendered":"Naomi Silver Sequin Straight Skirt"},"content":{"rendered":"<h3 style=\"text-align: center;\">Naomi Silver Sequin Straight Skirt<\/h3>\n<p style=\"text-align: center;\"><span style=\"font-family: arial, helvetica, sans-serif; font-size: 10pt;\"><strong>Naomi Straight Sequin Skirt\u00a0 <\/strong>- perfect <strong>emphasizes feminine shapes<\/strong>. Elastic skirt, has a lining that is highly elastic and fitted. It is a bestseller in our boutique. The skirt is a real hit among bloggers and celebrities.\u00a0 <\/span><span style=\"font-size: 10pt;\">In our skirt you will always present yourself <strong>attractive<\/strong>. <\/span><span style=\"font-size: 10pt;\"><strong>Create the perfect set<\/strong> with our <a href=\"https:\/\/madelinefashion.pl\/en\/bluzki-2\/bluzki\/\">blouses<\/a> and <a href=\"https:\/\/madelinefashion.pl\/en\/body\/\">bodami<\/a>. . Surely in our online boutique you will find the right combination with <strong>skirt<\/strong>. Recommended for ladies in sizes S, M, L We recommend <strong>accurate measurement\u00a0<\/strong>according to the dimension table below. Available in our e-shop in <strong>several color variants<\/strong>so don&#039;t hesitate and choose the one that&#039;s perfect for you. If you cannot decide which color is best for you, please contact us through <a href=\"https:\/\/www.facebook.com\/madelinefashionbutik\" target=\"_blank\" rel=\"noopener\">Facebook<\/a>\u00a0or <a href=\"https:\/\/madelinefashion.pl\/en\/kontakt\/\">phone<\/a>.<\/span><\/p>\n<p>&nbsp;<\/p>\n<p>&nbsp;<\/p>\n<h3 style=\"text-align: center;\">Dimensions:<\/h3>\n<ul>\n<li style=\"text-align: center;\">Total length -47 cm<\/li>\n<li style=\"text-align: center;\">Waist width - 33 - 40 cm (elastic)<\/li>\n<li style=\"text-align: center;\">Width at the hips 34-45 cm<\/li>\n<\/ul>\n<p style=\"text-align: center;\"><span style=\"font-size: 10pt;\">\u00a0<\/span><\/p>\n<p style=\"text-align: center;\"><span style=\"font-size: 10pt;\">Dimensions may slightly differ from the given +\/- 2cm. All dimensions given are measured flat.<\/span><\/p>\n<p style=\"text-align: center;\"><span style=\"font-size: 10pt;\">\u00a0<\/span><\/p>\n<table>\n<tbody>\n<tr>\n<td width=\"302\">Product name<\/td>\n<td width=\"302\">Naomi<\/td>\n<\/tr>\n<tr>\n<td width=\"302\">Color<\/td>\n<td width=\"302\">Silver<\/td>\n<\/tr>\n<tr>\n<td width=\"302\">Sizes<\/td>\n<td width=\"302\">Universal<\/td>\n<\/tr>\n<tr>\n<td width=\"302\">Fashion<\/td>\n<td width=\"302\">Matched<\/td>\n<\/tr>\n<tr>\n<td width=\"302\"><\/td>\n<td width=\"302\"><\/td>\n<\/tr>\n<\/tbody>\n<\/table>\n<p style=\"text-align: center;\"><span style=\"font-size: 10pt;\">\u00a0<\/span><\/p>\n<p>&nbsp;<\/p>\n<p style=\"text-align: center;\"><span style=\"font-size: 10pt;\">\u00a0<strong>Recommended<\/strong> for people wearing size from\u00a0<strong>S.\u00a0<\/strong>down\u00a0<strong>L.<\/strong><\/span><\/p>\n<p>&nbsp;<\/p>\n<p>&nbsp;<\/p>\n<p style=\"text-align: center;\">The model has\u00a0<strong>169<\/strong>\u00a0cm tall, wears a size every day\u00a0<strong>S.<\/strong><\/p>\n<p style=\"text-align: center;\">The width at the bust is 92 cm<\/p>\n<p style=\"text-align: center;\">Waist width 62 cm<\/p>\n<p style=\"text-align: center;\">The width at the hips is 94 cm<\/p>\n<p style=\"text-align: center;\"><span style=\"font-size: 10pt;\">\u00a0<\/span><\/p>\n<p style=\"text-align: center;\"><span style=\"font-size: 10pt;\">\u00a0<\/span><\/p>\n<p style=\"text-align: center;\"><span style=\"font-size: 10pt;\">\u00a0<\/span><\/p>","protected":false},"excerpt":{"rendered":"<p>Sp\u00f3dniczka Cekinowa Prosta Naomi Srebrna Sp\u00f3dniczka Cekinowa Prosta Naomi\u00a0 &#8211; idealnie podkre\u015bla kobiece kszta\u0142ty. Sp\u00f3dniczka na gumk\u0119, posiada podszewk\u0119\u00a0 mocno elastyczna dopasowana. Jest to\u00a0 bestseler w naszym butiku. Sp\u00f3dnica jest prawdziwym hitem w\u015br\u00f3d blogerek i gwiazd.\u00a0 W naszej sp\u00f3dnicy zawsze b\u0119dziesz si\u0119\u00a0 prezentowa\u0107 atrakcyjnie. Stw\u00f3rz idealny zestaw z naszymi bluzkami i bodami. . ,\u00a0 Z<\/p>\n<div class=\"klb-readmore post-buttons\"><a class=\"button black outline size-sm\" href=\"https:\/\/madelinefashion.pl\/en\/product\/spodniczka-cekinowa-prosta-naomi-srebrna-2\/\">Read More <i class=\"klbth-icon-right-arrow\"><\/i><\/a><\/div>","protected":false},"featured_media":68591,"template":"","meta":[],"product_brand":[],"product_cat":[121,395],"product_tag":[],"class_list":{"0":"post-68612","1":"product","2":"type-product","3":"status-publish","4":"has-post-thumbnail","6":"product_cat-mini","7":"product_cat-nowosci","8":"pa_rozmiar-s-36","9":"pa_rozmiar-m-38","10":"pa_rozmiar-l-40","12":"first","13":"instock","14":"purchasable","15":"product-type-simple"},"_links":{"self":[{"href":"https:\/\/madelinefashion.pl\/en\/wp-json\/wp\/v2\/product\/68612","targetHints":{"allow":["GET"]}}],"collection":[{"href":"https:\/\/madelinefashion.pl\/en\/wp-json\/wp\/v2\/product"}],"about":[{"href":"https:\/\/madelinefashion.pl\/en\/wp-json\/wp\/v2\/types\/product"}],"wp:featuredmedia":[{"embeddable":true,"href":"https:\/\/madelinefashion.pl\/en\/wp-json\/wp\/v2\/media\/68591"}],"wp:attachment":[{"href":"https:\/\/madelinefashion.pl\/en\/wp-json\/wp\/v2\/media?parent=68612"}],"wp:term":[{"taxonomy":"product_brand","embeddable":true,"href":"https:\/\/madelinefashion.pl\/en\/wp-json\/wp\/v2\/product_brand?post=68612"},{"taxonomy":"product_cat","embeddable":true,"href":"https:\/\/madelinefashion.pl\/en\/wp-json\/wp\/v2\/product_cat?post=68612"},{"taxonomy":"product_tag","embeddable":true,"href":"https:\/\/madelinefashion.pl\/en\/wp-json\/wp\/v2\/product_tag?post=68612"}],"curies":[{"name":"wp","href":"https:\/\/api.w.org\/{rel}","templated":true}]}}