{"id":68669,"date":"2022-11-30T10:30:40","date_gmt":"2022-11-30T09:30:40","guid":{"rendered":"https:\/\/madelinefashion.pl\/?post_type=product&#038;p=68669"},"modified":"2026-03-07T13:46:52","modified_gmt":"2026-03-07T12:46:52","slug":"sukienka-cekinowa-z-wycieciem-w-talii-roxi-miedziana","status":"publish","type":"product","link":"https:\/\/madelinefashion.pl\/en\/product\/sukienka-cekinowa-z-wycieciem-w-talii-roxi-miedziana\/","title":{"rendered":"Sequin Dress with Cutout at the Waist Copper Roxi"},"content":{"rendered":"<h3 style=\"text-align: center;\">Sequin Dress with Cutout at the Waist Copper Roxi<\/h3>\n<p style=\"text-align: center;\">Beautiful sequin dress, fitted to the body. Put it on for a special occasion and make that no one will pass by you indifferently. A one-shoulder dress with a cut-out waist that will make you look like a million dollars at a party. If you are looking for a dress that will make you stand out from the crowd, our latest model is created especially for you! Sophisticated and elegant, it will surely steal every heart! This dress is the hot trend of this season! It can&#039;t be missing in your wardrobe! In combination with your favorite high heels, you will create a unique look. The dress has a lining.\u00a0 <strong>The size is UNIVERSAL\u00a0<\/strong>\u00a0recommended for ladies wearing XS, S, M, L\u00a0<strong>,<\/strong>\u00a0but we recommend\u00a0<strong>accurate measurement\u00a0<\/strong>according to the dimension table below. Available in our e-shop in several color variants, so do not hesitate and choose the one that is perfect for you.<\/p>\n<h3 style=\"text-align: center;\">Dress dimensions<\/h3>\n<ul style=\"text-align: center;\">\n<li>total length95 cm<\/li>\n<li>width from armpit to armpit: 34-40 cm<\/li>\n<li>hip width: 36-42 cm<\/li>\n<li>sleeve length from the shoulder: 60 cm<\/li>\n<li>sleeve length from the armpit 43 cm<\/li>\n<li>cut-out length 10 cm<\/li>\n<li><\/li>\n<li><\/li>\n<\/ul>\n<p style=\"text-align: center;\">Dimensions may slightly differ from the given +\/- 2cm. All dimensions given are measured flat. <strong>X2 dimension<\/strong><\/p>\n<p>&nbsp;<\/p>\n<p align=\"center\"><em>-mini<\/em><\/p>\n<p align=\"center\"><em>- cutout at the waist<\/em><\/p>\n<p align=\"center\"><em>- for one shoulder\u00a0<\/em><\/p>\n<p align=\"center\"><em>- fastened with a zipper<\/em><\/p>\n<p align=\"center\"><em>- sequins<\/em><\/p>\n<p align=\"center\"><em>- fitted<\/em><\/p>\n<p align=\"center\"><em>-woman<\/em><\/p>\n<p align=\"center\"><em>-fashionable<\/em><\/p>\n<p style=\"text-align: center;\"><strong>\u00a0<\/strong><\/p>\n<table width=\"617\">\n<tbody>\n<tr>\n<td width=\"302\">Model name<\/td>\n<td width=\"302\">Roxi<\/td>\n<\/tr>\n<tr>\n<td width=\"302\">Color<\/td>\n<td width=\"302\">Copper<\/td>\n<\/tr>\n<tr>\n<td width=\"302\">Collection<\/td>\n<td width=\"302\">Fall \/ Winter \/ Spring<\/td>\n<\/tr>\n<tr>\n<td width=\"302\">Sizes<\/td>\n<td width=\"302\">Universal<\/td>\n<\/tr>\n<tr>\n<td width=\"302\">Fashion<\/td>\n<td width=\"302\">Fitted \/ Flexible<\/td>\n<\/tr>\n<tr>\n<td width=\"302\">Material<\/td>\n<td width=\"302\">95 % Polyester 5 % Elastane<\/td>\n<\/tr>\n<\/tbody>\n<\/table>\n<section class=\"page-product-box\">\n<div class=\"rte\">\n<p>&nbsp;<\/p>\n<p style=\"text-align: center;\">The model has\u00a0<strong>169<\/strong>\u00a0cm tall, wears a size every day\u00a0<strong>S.<\/strong><\/p>\n<p style=\"text-align: center;\">The width at the bust is 92 cm<\/p>\n<p style=\"text-align: center;\">Waist width 62 cm<\/p>\n<p style=\"text-align: center;\">The width at the hips is 94 cm<\/p>\n<p style=\"text-align: center;\">\n<\/div>\n<\/section>","protected":false},"excerpt":{"rendered":"<p>Sukienka Cekinowa z Wyci\u0119ciem w Talii Roxi Miedziana Pi\u0119kna cekinowa sukienka, dopasowana do cia\u0142a. Za\u0142\u00f3\u017c j\u0105 na wyj\u0105tkow\u0105 okazj\u0119 i spraw, \u017ce nikt nie przejdzie obok Ciebie oboj\u0119tnie. Sukienka na jedno rami\u0119 z wyci\u0119ciem w tali co sprawi \u017ce b\u0119dziesz wygl\u0105da\u0107 jak milion dolar\u00f3w na imprezie. Je\u015bli szukasz sukienki dzi\u0119ki kt\u00f3rej wyr\u00f3\u017cnisz si\u0119 z t\u0142umu<\/p>\n<div class=\"klb-readmore post-buttons\"><a class=\"button black outline size-sm\" href=\"https:\/\/madelinefashion.pl\/en\/product\/sukienka-cekinowa-z-wycieciem-w-talii-roxi-miedziana\/\">Read More <i class=\"klbth-icon-right-arrow\"><\/i><\/a><\/div>","protected":false},"featured_media":68648,"template":"","meta":[],"product_brand":[],"product_cat":[124,558],"product_tag":[262],"class_list":{"0":"post-68669","1":"product","2":"type-product","3":"status-publish","4":"has-post-thumbnail","6":"product_cat-sukienki-okolicznosciowe","7":"product_cat-sukienki-cekinowe","8":"product_tag-sukienki-krotkie","10":"first","11":"instock","12":"sale","13":"purchasable","14":"product-type-simple"},"_links":{"self":[{"href":"https:\/\/madelinefashion.pl\/en\/wp-json\/wp\/v2\/product\/68669","targetHints":{"allow":["GET"]}}],"collection":[{"href":"https:\/\/madelinefashion.pl\/en\/wp-json\/wp\/v2\/product"}],"about":[{"href":"https:\/\/madelinefashion.pl\/en\/wp-json\/wp\/v2\/types\/product"}],"wp:featuredmedia":[{"embeddable":true,"href":"https:\/\/madelinefashion.pl\/en\/wp-json\/wp\/v2\/media\/68648"}],"wp:attachment":[{"href":"https:\/\/madelinefashion.pl\/en\/wp-json\/wp\/v2\/media?parent=68669"}],"wp:term":[{"taxonomy":"product_brand","embeddable":true,"href":"https:\/\/madelinefashion.pl\/en\/wp-json\/wp\/v2\/product_brand?post=68669"},{"taxonomy":"product_cat","embeddable":true,"href":"https:\/\/madelinefashion.pl\/en\/wp-json\/wp\/v2\/product_cat?post=68669"},{"taxonomy":"product_tag","embeddable":true,"href":"https:\/\/madelinefashion.pl\/en\/wp-json\/wp\/v2\/product_tag?post=68669"}],"curies":[{"name":"wp","href":"https:\/\/api.w.org\/{rel}","templated":true}]}}