{"id":68775,"date":"2022-11-30T12:59:31","date_gmt":"2022-11-30T11:59:31","guid":{"rendered":"https:\/\/madelinefashion.pl\/?post_type=product&#038;p=68775"},"modified":"2025-09-09T10:21:44","modified_gmt":"2025-09-09T08:21:44","slug":"sukienka-dopasowana-z-rozcieciem-reliko-czerwona","status":"publish","type":"product","link":"https:\/\/madelinefashion.pl\/en\/product\/sukienka-dopasowana-z-rozcieciem-reliko-czerwona\/","title":{"rendered":"Fitted Dress with a Slit Reliko Red"},"content":{"rendered":"<h3 style=\"text-align: center;\">Fitted Dress with a Slit Reliko Red<\/h3>\n<p style=\"text-align: center;\"><span style=\"font-size: 10pt;\">Beautiful long evening dress of female shapes<strong>\u00a0<\/strong>Moreover<strong> The model has a very impressive back neckline. Familiarize yourself with our offer of dresses and choose the one in which you will look like a star and stand out from the crowd, the dress has cups sewn in at the front, so you do not need to wear a bra.<\/strong><\/span><span style=\"font-size: 10pt;\">\u00a0\u00a0<strong>\u00a0And the slit on the side adds a whole lot of sex appeal.\u00a0<\/strong>Dress with silver straps. Made of high quality material. Perfect for important outings. The fitted cut adds class and elegance to the dress. Perfect for women who value style and comfort!<\/span><\/p>\n<p>&nbsp;<\/p>\n<h3 style=\"text-align: center;\">Dress dimensions:<\/h3>\n<ul>\n<li style=\"text-align: center;\">Width from armpit to armpit 34-43 cm x2<\/li>\n<li style=\"text-align: center;\">Total length from the armpit 119 cm<br \/>\nTotal length from armpit to opening 41 cm<\/li>\n<li style=\"text-align: center;\">Waist width 32-36 cm<br \/>\nMax bust circumference 86 cm<\/li>\n<\/ul>\n<p style=\"text-align: center;\">Dimensions may slightly differ from the given +\/- 2cm.<\/p>\n<p style=\"text-align: center;\"><strong>\u00a0<\/strong><\/p>\n<p>&nbsp;<\/p>\n<table class=\"table\" width=\"617\">\n<tbody>\n<tr>\n<td width=\"302\">Model name<\/td>\n<td width=\"302\">Relic<\/td>\n<\/tr>\n<tr>\n<td width=\"302\">Color<\/td>\n<td width=\"302\">Red<\/td>\n<\/tr>\n<tr>\n<td width=\"302\">Collection<\/td>\n<td width=\"302\">Fall \/ Winter \/ Spring<\/td>\n<\/tr>\n<tr>\n<td width=\"302\">Sizes<\/td>\n<td width=\"302\">Universal<\/td>\n<\/tr>\n<tr>\n<td width=\"302\">Fashion<\/td>\n<td width=\"302\">Fitted \/ Flexible<\/td>\n<\/tr>\n<tr>\n<td width=\"302\">Material<\/td>\n<td width=\"302\">95 % Polyester 5 % Elastane<\/td>\n<\/tr>\n<\/tbody>\n<\/table>\n<p>&nbsp;<\/p>\n<p style=\"text-align: center;\">In order to match\u00a0<strong>perfect dresses<\/strong>\u00a0we invite you to contact us by phone or via our facebook.<br \/>\nOur team will help\u00a0<strong>Choose the right one<\/strong>\u00a0.\u00a0<strong>We can make each dress at the request of the buyer\u00a0<\/strong><strong>measure carefully.\u00a0<\/strong><\/p>\n<div class=\"additional-details\">\n<p style=\"text-align: center;\">\n<\/div>","protected":false},"excerpt":{"rendered":"<p>Sukienka Dopasowana z Rozci\u0119ciem Reliko Czerwona Pi\u0119kna d\u0142uga suknia wieczorowa\u00a0 kobiece kszta\u0142ty\u00a0Ponadto model posiada bardzo efektowny w dekolt\u00a0 ty\u0142.\u00a0 Zapoznaj si\u0119 z nasz\u0105 ofert\u0105 sukienek i wybierz t\u0105 w kt\u00f3rej b\u0119dziesz wygl\u0105da\u0107 jak gwiazda i wyr\u00f3\u017cnisz si\u0119 z t\u0142umu, sukienka posiada z przodu wszyte miseczki, dzi\u0119ki czemu nie trzeba zak\u0142ada\u0107 biustonosza.\u00a0\u00a0\u00a0A rozci\u0119cie na boku dodaje<\/p>\n<div class=\"klb-readmore post-buttons\"><a class=\"button black outline size-sm\" href=\"https:\/\/madelinefashion.pl\/en\/product\/sukienka-dopasowana-z-rozcieciem-reliko-czerwona\/\">Read More <i class=\"klbth-icon-right-arrow\"><\/i><\/a><\/div>","protected":false},"featured_media":68743,"template":"","meta":[],"product_brand":[],"product_cat":[395,125],"product_tag":[258,163],"class_list":{"0":"post-68775","1":"product","2":"type-product","3":"status-publish","4":"has-post-thumbnail","6":"product_cat-nowosci","7":"product_cat-sukienki","8":"product_tag-sukienka-czerwona","9":"product_tag-sukienki-dlugie","11":"first","12":"instock","13":"purchasable","14":"product-type-simple"},"_links":{"self":[{"href":"https:\/\/madelinefashion.pl\/en\/wp-json\/wp\/v2\/product\/68775","targetHints":{"allow":["GET"]}}],"collection":[{"href":"https:\/\/madelinefashion.pl\/en\/wp-json\/wp\/v2\/product"}],"about":[{"href":"https:\/\/madelinefashion.pl\/en\/wp-json\/wp\/v2\/types\/product"}],"wp:featuredmedia":[{"embeddable":true,"href":"https:\/\/madelinefashion.pl\/en\/wp-json\/wp\/v2\/media\/68743"}],"wp:attachment":[{"href":"https:\/\/madelinefashion.pl\/en\/wp-json\/wp\/v2\/media?parent=68775"}],"wp:term":[{"taxonomy":"product_brand","embeddable":true,"href":"https:\/\/madelinefashion.pl\/en\/wp-json\/wp\/v2\/product_brand?post=68775"},{"taxonomy":"product_cat","embeddable":true,"href":"https:\/\/madelinefashion.pl\/en\/wp-json\/wp\/v2\/product_cat?post=68775"},{"taxonomy":"product_tag","embeddable":true,"href":"https:\/\/madelinefashion.pl\/en\/wp-json\/wp\/v2\/product_tag?post=68775"}],"curies":[{"name":"wp","href":"https:\/\/api.w.org\/{rel}","templated":true}]}}