{"id":68918,"date":"2022-11-30T15:39:25","date_gmt":"2022-11-30T14:39:25","guid":{"rendered":"https:\/\/madelinefashion.pl\/?post_type=product&#038;p=68918"},"modified":"2026-01-15T14:34:29","modified_gmt":"2026-01-15T13:34:29","slug":"komplet-crop-top-spodniczka-onevia-zloty","status":"publish","type":"product","link":"https:\/\/madelinefashion.pl\/en\/product\/komplet-crop-top-spodniczka-onevia-zloty\/","title":{"rendered":"Set Crop Top + Skirt Onevia Gold"},"content":{"rendered":"<h3 style=\"text-align: center;\">Set Crop Top + Skirt Onevia Gold<\/h3>\n<p style=\"text-align: center;\"><strong>Crop Top + Skirt Onevia set is <\/strong>fashionable sequin set, consisting of a short crop top with thin straps finished with an elastic band and a mid-thigh skirt<\/p>\n<p style=\"text-align: center;\">In combination with your favorite high heels, you will create a unique look. The set has a lining.\u00a0 <strong>The size is UNIVERSAL\u00a0<\/strong>\u00a0recommended for ladies wearing XS, S, M, L\u00a0<strong>,<\/strong>\u00a0but we recommend\u00a0<strong>accurate measurement\u00a0<\/strong>according to the dimension table below. Available in our e-shop in several color variants, so do not hesitate and choose the one that is perfect for you.<\/p>\n<p>!<\/p>\n<h3 style=\"text-align: center;\">\u00a0 \u00a0 \u00a0Dimensions :<\/h3>\n<p style=\"text-align: center;\">TOP :<br \/>\nArmpit width: 35-40cm<br \/>\nTotal length: 22cm<br \/>\nWidth at the bottom: 28-33 cm<\/p>\n<p style=\"text-align: center;\">SKIRT :<br \/>\nWaist width: 32-39 cm<br \/>\nTotal length: 55 cm<\/p>\n<p>&nbsp;<\/p>\n<p style=\"text-align: center;\">Dimensions may slightly differ from the given +\/- 2cm. <strong>All dimensions given are measured flat x2\u00a0<\/strong><\/p>\n<table width=\"615\">\n<tbody>\n<tr>\n<td width=\"302\">Model name<\/td>\n<td width=\"302\">Onevia<\/td>\n<\/tr>\n<tr>\n<td width=\"302\">Color<\/td>\n<td width=\"302\">Golden<\/td>\n<\/tr>\n<tr>\n<td width=\"302\">Sizes<\/td>\n<td width=\"302\">Uni<\/td>\n<\/tr>\n<tr>\n<td width=\"302\">Fashion<\/td>\n<td width=\"302\">Matched<\/td>\n<\/tr>\n<tr>\n<td width=\"302\">Composition<\/td>\n<td width=\"302\">Polyester<\/td>\n<\/tr>\n<\/tbody>\n<\/table>\n<p>&nbsp;<\/p>\n<div class=\"tabs tabs-bb clear mb-80\">\n<div class=\"tab-content\">\n<div id=\"tab-description\" class=\"tab-pane fade in woocommerce-Tabs-panel--description active\">\n<div class=\"tabs tabs-bb clear mb-80\">\n<div class=\"tab-content\">\n<div id=\"tab-description\" class=\"tab-pane fade in woocommerce-Tabs-panel--description active\">\n<p style=\"text-align: center;\">The model has\u00a0<strong>169<\/strong>\u00a0cm tall, wears a size every day\u00a0<strong>S.<\/strong><\/p>\n<p style=\"text-align: center;\">The width at the bust is 92 cm<\/p>\n<p style=\"text-align: center;\">Waist width 62 cm<\/p>\n<p style=\"text-align: center;\">The width at the hips is 94 cm<\/p>\n<\/div>\n<\/div>\n<\/div>\n<\/div>\n<\/div>\n<\/div>\n<p style=\"text-align: center;\">","protected":false},"excerpt":{"rendered":"<p>Komplet Crop Top + Sp\u00f3dniczka Onevia Z\u0142oty Komplet Crop Top + Sp\u00f3dniczka Onevia\u00a0 to modny komplet cekinowy, w sk\u0142ad kt\u00f3rego wchodzi kr\u00f3tki crop top na cienkie rami\u0105czka zako\u0144czony gumk\u0105 oraz sp\u00f3dnica w wersji do po\u0142owy uda W zestawieniu z ulubionymi szpilkami stworzysz niepowtarzalny look. Komplet posiada podszewk\u0119.\u00a0 Rozmiar jest UNIWERSALNY\u00a0\u00a0zalecany dla Pa\u0144 nosz\u0105cych XS,S,M,L\u00a0,\u00a0ale zalecamy\u00a0dok\u0142adne<\/p>\n<div class=\"klb-readmore post-buttons\"><a class=\"button black outline size-sm\" href=\"https:\/\/madelinefashion.pl\/en\/product\/komplet-crop-top-spodniczka-onevia-zloty\/\">Read More <i class=\"klbth-icon-right-arrow\"><\/i><\/a><\/div>","protected":false},"featured_media":68899,"template":"","meta":[],"product_brand":[],"product_cat":[89],"product_tag":[487],"class_list":{"0":"post-68918","1":"product","2":"type-product","3":"status-publish","4":"has-post-thumbnail","6":"product_cat-komplety","7":"product_tag-komplet","8":"pa_rozmiar-m","9":"pa_rozmiar-l-2","10":"pa_rozmiar-s-2","12":"first","13":"instock","14":"purchasable","15":"product-type-simple"},"_links":{"self":[{"href":"https:\/\/madelinefashion.pl\/en\/wp-json\/wp\/v2\/product\/68918","targetHints":{"allow":["GET"]}}],"collection":[{"href":"https:\/\/madelinefashion.pl\/en\/wp-json\/wp\/v2\/product"}],"about":[{"href":"https:\/\/madelinefashion.pl\/en\/wp-json\/wp\/v2\/types\/product"}],"wp:featuredmedia":[{"embeddable":true,"href":"https:\/\/madelinefashion.pl\/en\/wp-json\/wp\/v2\/media\/68899"}],"wp:attachment":[{"href":"https:\/\/madelinefashion.pl\/en\/wp-json\/wp\/v2\/media?parent=68918"}],"wp:term":[{"taxonomy":"product_brand","embeddable":true,"href":"https:\/\/madelinefashion.pl\/en\/wp-json\/wp\/v2\/product_brand?post=68918"},{"taxonomy":"product_cat","embeddable":true,"href":"https:\/\/madelinefashion.pl\/en\/wp-json\/wp\/v2\/product_cat?post=68918"},{"taxonomy":"product_tag","embeddable":true,"href":"https:\/\/madelinefashion.pl\/en\/wp-json\/wp\/v2\/product_tag?post=68918"}],"curies":[{"name":"wp","href":"https:\/\/api.w.org\/{rel}","templated":true}]}}