{"id":69049,"date":"2022-12-01T13:42:21","date_gmt":"2022-12-01T12:42:21","guid":{"rendered":"https:\/\/madelinefashion.pl\/?post_type=product&#038;p=69049"},"modified":"2025-07-10T17:29:30","modified_gmt":"2025-07-10T15:29:30","slug":"elegancki-komplet-spodnica-sweterek-noah-bezowy","status":"publish","type":"product","link":"https:\/\/madelinefashion.pl\/en\/product\/elegancki-komplet-spodnica-sweterek-noah-bezowy\/","title":{"rendered":"Elegant Set Skirt + Sweater Noah Beige"},"content":{"rendered":"<h3 style=\"text-align: center;\">Elegant Set Skirt + Sweater Noah Beige<\/h3>\n<p style=\"text-align: center;\"><strong>Warm set<\/strong>\u00a0and comfortable\u00a0<strong>sweater<\/strong>\u00a0With\u00a0<strong>long sleeves<\/strong>\u00a0along with a matched one\u00a0<strong>skirt<\/strong>. Made of\u00a0<strong>elastic material,<\/strong>\u00a0thanks to which they perfectly adapt to any type of figure.\u00a0\u00a0<strong>Houndstooth pattern<\/strong>\u00a0gives a classic style, however\u00a0<strong>gold buttons,<\/strong>\u00a0on which the sweater is fastened, add charm to the styling. The set is perfect for everyday use, as well as for work.<\/p>\n<p style=\"text-align: center;\"><strong>Universal size\u00a0<\/strong>recommended for ladies wearing size SML XL<\/p>\n<p style=\"text-align: center;\"><strong>Dimensions:<\/strong><\/p>\n<p style=\"text-align: center;\"><strong>SWEATER\u00a0<\/strong><\/p>\n<ul style=\"text-align: center;\">\n<li>d\u0142ugo\u015b\u0107 ca\u0142kowita \u2013 55 cm<\/li>\n<li>szeroko\u015b\u0107 w biu\u015bcie \u2013 46-55 cm<\/li>\n<li>width at the bottom max 100 cm<\/li>\n<li>d\u0142ugo\u015b\u0107 r\u0119kawa od ramienia \u2013 60 cm<\/li>\n<li>sleeve length from armpit 45 cm<\/li>\n<\/ul>\n<p style=\"text-align: center;\"><strong>SKIRT<\/strong><\/p>\n<ul>\n<li style=\"text-align: center;\">d\u0142ugo\u015b\u0107 ca\u0142kowita \u2013 49 cm<\/li>\n<li style=\"text-align: center;\">szeroko\u015b\u0107 w\u00a0pasie \u2013 32-43 cm x2<\/li>\n<li style=\"text-align: center;\">hip width - 42-52 cm x2<\/li>\n<\/ul>\n<p>\u00a0<\/p>\n<p style=\"text-align: center;\">Dimensions may slightly differ from the given +\/- 2cm. <strong>All dimensions given are measured flat x2\u00a0<\/strong><\/p>\n<table width=\"615\">\n<tbody>\n<tr>\n<td width=\"302\">Model name<\/td>\n<td width=\"302\">Noah<\/td>\n<\/tr>\n<tr>\n<td width=\"302\">Color<\/td>\n<td width=\"302\">Without<\/td>\n<\/tr>\n<tr>\n<td width=\"302\">Sizes<\/td>\n<td width=\"302\">Universal<\/td>\n<\/tr>\n<tr>\n<td width=\"302\">Fashion<\/td>\n<td width=\"302\">Loose<\/td>\n<\/tr>\n<tr>\n<td width=\"302\">Material<\/td>\n<td width=\"302\">100% viscose<\/td>\n<\/tr>\n<\/tbody>\n<\/table>\n<p>\u00a0<\/p>\n<div class=\"tabs tabs-bb clear mb-80\">\n<div class=\"tab-content\">\n<div id=\"tab-description\" class=\"tab-pane fade in woocommerce-Tabs-panel--description active\">\n<div class=\"tabs tabs-bb clear mb-80\">\n<div class=\"tab-content\">\n<div id=\"tab-description\" class=\"tab-pane fade in woocommerce-Tabs-panel--description active\">\n<p style=\"text-align: center;\">The model has\u00a0<strong>169<\/strong>\u00a0cm tall, wears a size every day\u00a0<strong>S.<\/strong><\/p>\n<p style=\"text-align: center;\">The width at the bust is 92 cm<\/p>\n<p style=\"text-align: center;\">Waist width 62 cm<\/p>\n<p style=\"text-align: center;\">The width at the hips is 94 cm<\/p>\n<\/div>\n<\/div>\n<\/div>\n<section class=\"related products mb-80\"><\/section>\n<section class=\"page-product-box\">\n<div class=\"rte\">\n<p>\u00a0<\/p>\n<\/div>\n<\/section>\n<\/div>\n<\/div>\n<\/div>\n<section class=\"up-sells upsells products mb-80\"><\/section>\n<p>\u00a0<\/p>\n<p style=\"text-align: center;\">","protected":false},"excerpt":{"rendered":"<p>Elegancki Komplet Sp\u00f3dnica +Sweterek Noah Be\u017cowy Komplet z\u00a0ciep\u0142ego\u00a0i\u00a0wygodnego\u00a0sweterka\u00a0z\u00a0d\u0142ugimi r\u0119kawami\u00a0wraz\u00a0z dopasowan\u0105\u00a0sp\u00f3dnic\u0105. Wykonane z\u00a0elastycznego materia\u0142u,\u00a0dzi\u0119ki czemu \u015bwietnie dopasowuj\u0105 si\u0119 do ka\u017cdego typu sylwetki.\u00a0\u00a0Wz\u00f3r pepitki\u00a0nadaje klasycznego stylu, natomiast\u00a0z\u0142ote guziczki,\u00a0na kt\u00f3re jest zapinany sweterek, dodaj\u0105 stylizacji uroku. Komplet idealny na co dzie\u0144, jak r\u00f3wnie\u017c do pracy. Rozmiar uniwersalny\u00a0zalecany dla Pa\u0144 nosz\u0105cych rozmiar S M L XL Wymiary: SWETER\u00a0 d\u0142ugo\u015b\u0107<\/p>\n<div class=\"klb-readmore post-buttons\"><a class=\"button black outline size-sm\" href=\"https:\/\/madelinefashion.pl\/en\/product\/elegancki-komplet-spodnica-sweterek-noah-bezowy\/\">Read More <i class=\"klbth-icon-right-arrow\"><\/i><\/a><\/div>","protected":false},"featured_media":68993,"template":"","meta":[],"product_brand":[],"product_cat":[89,395],"product_tag":[],"class_list":{"0":"post-69049","1":"product","2":"type-product","3":"status-publish","4":"has-post-thumbnail","6":"product_cat-komplety","7":"product_cat-nowosci","8":"pa_rozmiar-l-2","9":"pa_rozmiar-m","10":"pa_rozmiar-s-2","12":"first","13":"outofstock","14":"purchasable","15":"product-type-simple"},"_links":{"self":[{"href":"https:\/\/madelinefashion.pl\/en\/wp-json\/wp\/v2\/product\/69049","targetHints":{"allow":["GET"]}}],"collection":[{"href":"https:\/\/madelinefashion.pl\/en\/wp-json\/wp\/v2\/product"}],"about":[{"href":"https:\/\/madelinefashion.pl\/en\/wp-json\/wp\/v2\/types\/product"}],"wp:featuredmedia":[{"embeddable":true,"href":"https:\/\/madelinefashion.pl\/en\/wp-json\/wp\/v2\/media\/68993"}],"wp:attachment":[{"href":"https:\/\/madelinefashion.pl\/en\/wp-json\/wp\/v2\/media?parent=69049"}],"wp:term":[{"taxonomy":"product_brand","embeddable":true,"href":"https:\/\/madelinefashion.pl\/en\/wp-json\/wp\/v2\/product_brand?post=69049"},{"taxonomy":"product_cat","embeddable":true,"href":"https:\/\/madelinefashion.pl\/en\/wp-json\/wp\/v2\/product_cat?post=69049"},{"taxonomy":"product_tag","embeddable":true,"href":"https:\/\/madelinefashion.pl\/en\/wp-json\/wp\/v2\/product_tag?post=69049"}],"curies":[{"name":"wp","href":"https:\/\/api.w.org\/{rel}","templated":true}]}}