{"id":69057,"date":"2022-12-01T13:49:15","date_gmt":"2022-12-01T12:49:15","guid":{"rendered":"https:\/\/madelinefashion.pl\/?post_type=product&#038;p=69057"},"modified":"2023-12-09T11:31:14","modified_gmt":"2023-12-09T10:31:14","slug":"elegancki-kombinezon-cekinowy-kopertowy-dekolt-lucky-miedziany","status":"publish","type":"product","link":"https:\/\/madelinefashion.pl\/en\/product\/elegancki-kombinezon-cekinowy-kopertowy-dekolt-lucky-miedziany\/","title":{"rendered":"Elegant Sequin Jumpsuit Envelope Lucky Copper Neckline"},"content":{"rendered":"<h3 style=\"text-align: center;\">Elegant Sequin Jumpsuit Envelope Lucky Copper Neckline<\/h3>\n<p style=\"text-align: center;\"><strong>Elegant Sequin Envelope Lucky Neckline Jumpsuit<\/strong>\u00a0 is an ideal option for women who feel better in trousers than in a dress. ) Legs and sleeves finished with an elastic band Envelope neckline (we can sew it gently in any place) The Camila jumpsuit is the perfect choice for all occasions where you want to shine and stand out from the crowd An ideal proposition for weddings, receptions, family celebrations, banquets. <strong> Dungarees<\/strong><strong><span lang=\"pl-pl\" xml:lang=\"pl-pl\"> it is made of light material so you will feel at ease in it.\u00a0 <\/span><\/strong><span lang=\"pl-pl\" xml:lang=\"pl-pl\">Available in our store in several color variants. Recommended for women in size SML XL<\/span><\/p>\n<h3 style=\"text-align: center;\">Dimensions:<\/h3>\n<ul style=\"text-align: center;\">\n<li><span style=\"font-size: 10pt;\">\u00a0\u00a0\u00a0\u00a0\u00a0\u00a0\u00a0 total length: 138 cm<\/span><\/li>\n<li><span style=\"font-size: 10pt;\">\u00a0\u00a0\u00a0\u00a0\u00a0\u00a0\u00a0 width from armpit to armpit: 40-48 cm<\/span><\/li>\n<li><span style=\"font-size: 10pt;\">\u00a0\u00a0\u00a0\u00a0\u00a0\u00a0\u00a0 waist width 33-49cm (elastic)<\/span><\/li>\n<li><span style=\"font-size: 10pt;\">\u00a0\u00a0\u00a0\u00a0\u00a0\u00a0\u00a0 leg length from crotch: 70cm<\/span><\/li>\n<li>sleeve length 50 cm<\/li>\n<\/ul>\n<p style=\"text-align: center;\"><span style=\"vertical-align: inherit;\">Dimensions may vary from the given +\/- 2cm. All dimensions given are measured flat. Dimension x2<\/span><\/p>\n<p style=\"text-align: center;\">\n<p style=\"text-align: center;\"><span style=\"font-size: 10pt;\"><strong>\u00a0<\/strong>\u00a0<\/span><\/p>\n<p>&nbsp;<\/p>\n<table style=\"height: 166px;\" width=\"670\">\n<tbody>\n<tr>\n<td width=\"302\"><span style=\"font-size: 10pt;\">Model name<\/span><\/td>\n<td width=\"302\">lucky<\/td>\n<\/tr>\n<tr>\n<td width=\"302\"><span style=\"font-size: 10pt;\">Color<\/span><\/td>\n<td width=\"302\"><span style=\"font-size: 10pt;\">Copper<\/span><\/td>\n<\/tr>\n<tr>\n<td width=\"302\"><span style=\"font-size: 10pt;\">Fashion<\/span><\/td>\n<td width=\"302\"><span style=\"font-size: 10pt;\">Flared<\/span><\/td>\n<\/tr>\n<tr>\n<td width=\"302\"><span style=\"font-size: 10pt;\">Material<\/span><\/td>\n<td width=\"302\"><span style=\"font-size: 10pt;\">95 % Polyester 5% Elastane<\/span><\/td>\n<\/tr>\n<tr>\n<td width=\"302\"><span style=\"font-size: 10pt;\">Length<\/span><\/td>\n<td width=\"302\"><span style=\"font-size: 13.3333px;\">Maxi<\/span><\/td>\n<\/tr>\n<\/tbody>\n<\/table>\n<p style=\"text-align: center;\">The model has\u00a0<strong>169<\/strong>\u00a0cm tall, wears a size every day\u00a0<strong>S.<\/strong><\/p>\n<p style=\"text-align: center;\">The width at the bust is 92 cm<\/p>\n<p style=\"text-align: center;\">Waist width 62 cm<\/p>\n<p style=\"text-align: center;\">The width at the hips is 94 cm<\/p>\n<div class=\"additional-details\" style=\"text-align: center;\">\n<p style=\"text-align: center;\"><span style=\"font-size: 10pt;\">\u00a0<\/span><\/p>\n<\/div>","protected":false},"excerpt":{"rendered":"<p>Elegancki Kombinezon Cekinowy Kopertowy Dekolt Lucky Miedziany Elegancki Kombinezon Cekinowy Kopertowy Dekolt Lucky\u00a0 jest idealn\u0105 opcj\u0105 dla Pa\u0144, kt\u00f3re lepiej czuj\u0105 si\u0119 w spodniach ni\u017c w sukience Unikatowy kr\u00f3j \u0142\u0105czy w sobie wygod\u0119, ekstrawagancj\u0119 i lu\u017any charakter Kombinezon idealny na wielkie wyj\u015bcie, urodziny, czy imprez\u0119 karnawa\u0142ow\u0105 Kombinezon wykonany z tkaniny wyszywanej czarnymi cekinami (posiada czarn\u0105,<\/p>\n<div class=\"klb-readmore post-buttons\"><a class=\"button black outline size-sm\" href=\"https:\/\/madelinefashion.pl\/en\/product\/elegancki-kombinezon-cekinowy-kopertowy-dekolt-lucky-miedziany\/\">Read More <i class=\"klbth-icon-right-arrow\"><\/i><\/a><\/div>","protected":false},"featured_media":69002,"template":"","meta":[],"product_brand":[],"product_cat":[80],"product_tag":[297,504],"class_list":{"0":"post-69057","1":"product","2":"type-product","3":"status-publish","4":"has-post-thumbnail","6":"product_cat-sukienki-i-kombinezony","7":"product_tag-kombinezony","8":"product_tag-party-time","10":"first","11":"instock","12":"purchasable","13":"product-type-simple"},"_links":{"self":[{"href":"https:\/\/madelinefashion.pl\/en\/wp-json\/wp\/v2\/product\/69057","targetHints":{"allow":["GET"]}}],"collection":[{"href":"https:\/\/madelinefashion.pl\/en\/wp-json\/wp\/v2\/product"}],"about":[{"href":"https:\/\/madelinefashion.pl\/en\/wp-json\/wp\/v2\/types\/product"}],"wp:featuredmedia":[{"embeddable":true,"href":"https:\/\/madelinefashion.pl\/en\/wp-json\/wp\/v2\/media\/69002"}],"wp:attachment":[{"href":"https:\/\/madelinefashion.pl\/en\/wp-json\/wp\/v2\/media?parent=69057"}],"wp:term":[{"taxonomy":"product_brand","embeddable":true,"href":"https:\/\/madelinefashion.pl\/en\/wp-json\/wp\/v2\/product_brand?post=69057"},{"taxonomy":"product_cat","embeddable":true,"href":"https:\/\/madelinefashion.pl\/en\/wp-json\/wp\/v2\/product_cat?post=69057"},{"taxonomy":"product_tag","embeddable":true,"href":"https:\/\/madelinefashion.pl\/en\/wp-json\/wp\/v2\/product_tag?post=69057"}],"curies":[{"name":"wp","href":"https:\/\/api.w.org\/{rel}","templated":true}]}}