{"id":69066,"date":"2022-12-01T14:04:46","date_gmt":"2022-12-01T13:04:46","guid":{"rendered":"https:\/\/madelinefashion.pl\/?post_type=product&#038;p=69066"},"modified":"2024-04-01T21:28:48","modified_gmt":"2024-04-01T19:28:48","slug":"kombinezon-z-odkrytymi-plecami-wiazany-perfect-czarny","status":"publish","type":"product","link":"https:\/\/madelinefashion.pl\/en\/product\/kombinezon-z-odkrytymi-plecami-wiazany-perfect-czarny\/","title":{"rendered":"Perfect Black Open Back Tied Jumpsuit"},"content":{"rendered":"<h3 style=\"text-align: center;\">Perfect Black Open Back Tied Jumpsuit<\/h3>\n<p style=\"text-align: center;\"><strong>Perfect Tie Open Back Jumpsuit<\/strong> is an ideal option for women who feel better in trousers than in a dress. The unique cut combines comfort, extravagance and a loose character. The jumpsuit is a proposal for women who value uniqueness in their look. A sequin jumpsuit will enrich your wardrobe. Goes great with heels. It will be perfect for evening outings. It has a fairly deep neckline and has a tie at the neck.<\/p>\n<p align=\"center\">\n<p align=\"center\">-universal<\/p>\n<p align=\"center\">- sequin<\/p>\n<p align=\"center\">-feminine<\/p>\n<p align=\"center\">-bold<\/p>\n<p align=\"center\">-exceptional<\/p>\n<p align=\"center\">- tie around the neck<\/p>\n<p align=\"center\">-cleavage<\/p>\n<p style=\"text-align: center;\"><strong><span lang=\"pl-pl\" xml:lang=\"pl-pl\">\u00a0\u00a0<\/span><\/strong><span lang=\"pl-pl\" xml:lang=\"pl-pl\">Available in our store in several color variants. Recommended for women in size SML XL<\/span><\/p>\n<h3 style=\"text-align: center;\">Dimensions:<\/h3>\n<ul style=\"text-align: center;\">\n<li><span style=\"font-size: 10pt;\">\u00a0\u00a0\u00a0\u00a0\u00a0\u00a0\u00a0 length from the waist: 108 cm<\/span><\/li>\n<li><span style=\"font-size: 10pt;\">\u00a0\u00a0\u00a0\u00a0\u00a0\u00a0\u00a0 waist width 30-45cm (elastic)<\/span><\/li>\n<li><span style=\"font-size: 10pt;\">\u00a0\u00a0\u00a0\u00a0\u00a0\u00a0\u00a0 leg length from crotch: 70cm<\/span><\/li>\n<li><\/li>\n<\/ul>\n<p style=\"text-align: center;\"><span style=\"vertical-align: inherit;\">Dimensions may vary from the given +\/- 2cm. All dimensions given are measured flat. Dimension x2<\/span><\/p>\n<p style=\"text-align: center;\"><span style=\"font-size: 10pt;\"><strong>\u00a0<\/strong>\u00a0<\/span><\/p>\n<p>&nbsp;<\/p>\n<table style=\"height: 166px;\" width=\"670\">\n<tbody>\n<tr>\n<td width=\"302\"><span style=\"font-size: 10pt;\">Model name<\/span><\/td>\n<td width=\"302\">perfect<\/td>\n<\/tr>\n<tr>\n<td width=\"302\"><span style=\"font-size: 10pt;\">Color<\/span><\/td>\n<td width=\"302\"><span style=\"font-size: 10pt;\">Black<\/span><\/td>\n<\/tr>\n<tr>\n<td width=\"302\"><span style=\"font-size: 10pt;\">Fashion<\/span><\/td>\n<td width=\"302\"><span style=\"font-size: 13.3333px;\">Elegant<\/span><\/td>\n<\/tr>\n<tr>\n<td width=\"302\"><span style=\"font-size: 10pt;\">Material<\/span><\/td>\n<td width=\"302\"><span style=\"font-size: 10pt;\">95 % Polyester 5% Elastane<\/span><\/td>\n<\/tr>\n<tr>\n<td width=\"302\"><span style=\"font-size: 10pt;\">Length<\/span><\/td>\n<td width=\"302\"><span style=\"font-size: 13.3333px;\">Maxi<\/span><\/td>\n<\/tr>\n<\/tbody>\n<\/table>\n<p style=\"text-align: center;\">The model has\u00a0<strong>169<\/strong>\u00a0cm tall, wears a size every day\u00a0<strong>S.<\/strong><\/p>\n<p style=\"text-align: center;\">The width at the bust is 92 cm<\/p>\n<p style=\"text-align: center;\">Waist width 62 cm<\/p>\n<p style=\"text-align: center;\">The width at the hips is 94 cm<\/p>\n<div class=\"additional-details\" style=\"text-align: center;\">\n<p style=\"text-align: center;\"><span style=\"font-size: 10pt;\">\u00a0<\/span><\/p>\n<\/div>","protected":false},"excerpt":{"rendered":"<p>Kombinezon z Odkrytymi Plecami Wi\u0105zany Perfect Czarny Kombinezon z Odkrytymi Plecami Wi\u0105zany Perfect jest idealn\u0105 opcj\u0105 dla Pa\u0144, kt\u00f3re lepiej czuj\u0105 si\u0119 w spodniach ni\u017c w sukience Unikatowy kr\u00f3j \u0142\u0105czy w sobie wygod\u0119, ekstrawagancj\u0119 i lu\u017any charakter. Kombinezon to propozycja dla Pa\u0144 ceni\u0105cych sobie niepowtarzalno\u015b\u0107 w swoim looku.\u00a0Kombinezon\u00a0cekinowy\u00a0wzbogaci twoj\u0105 garderob\u0119. \u015awietnie komponuje si\u0119 ze szpilkami.\u00a0Sprawdzi<\/p>\n<div class=\"klb-readmore post-buttons\"><a class=\"button black outline size-sm\" href=\"https:\/\/madelinefashion.pl\/en\/product\/kombinezon-z-odkrytymi-plecami-wiazany-perfect-czarny\/\">Read More <i class=\"klbth-icon-right-arrow\"><\/i><\/a><\/div>","protected":false},"featured_media":69036,"template":"","meta":[],"product_brand":[],"product_cat":[80,395],"product_tag":[297,504],"class_list":{"0":"post-69066","1":"product","2":"type-product","3":"status-publish","4":"has-post-thumbnail","6":"product_cat-sukienki-i-kombinezony","7":"product_cat-nowosci","8":"product_tag-kombinezony","9":"product_tag-party-time","11":"first","12":"instock","13":"purchasable","14":"product-type-simple"},"_links":{"self":[{"href":"https:\/\/madelinefashion.pl\/en\/wp-json\/wp\/v2\/product\/69066","targetHints":{"allow":["GET"]}}],"collection":[{"href":"https:\/\/madelinefashion.pl\/en\/wp-json\/wp\/v2\/product"}],"about":[{"href":"https:\/\/madelinefashion.pl\/en\/wp-json\/wp\/v2\/types\/product"}],"wp:featuredmedia":[{"embeddable":true,"href":"https:\/\/madelinefashion.pl\/en\/wp-json\/wp\/v2\/media\/69036"}],"wp:attachment":[{"href":"https:\/\/madelinefashion.pl\/en\/wp-json\/wp\/v2\/media?parent=69066"}],"wp:term":[{"taxonomy":"product_brand","embeddable":true,"href":"https:\/\/madelinefashion.pl\/en\/wp-json\/wp\/v2\/product_brand?post=69066"},{"taxonomy":"product_cat","embeddable":true,"href":"https:\/\/madelinefashion.pl\/en\/wp-json\/wp\/v2\/product_cat?post=69066"},{"taxonomy":"product_tag","embeddable":true,"href":"https:\/\/madelinefashion.pl\/en\/wp-json\/wp\/v2\/product_tag?post=69066"}],"curies":[{"name":"wp","href":"https:\/\/api.w.org\/{rel}","templated":true}]}}