{"id":691,"date":"2018-11-23T13:46:38","date_gmt":"2018-11-23T12:46:38","guid":{"rendered":"http:\/\/serwer2078743.home.pl\/?post_type=product&#038;p=691"},"modified":"2026-01-15T11:07:26","modified_gmt":"2026-01-15T10:07:26","slug":"body-kopertowe-biale","status":"publish","type":"product","link":"https:\/\/madelinefashion.pl\/en\/product\/body-kopertowe-biale\/","title":{"rendered":"White envelope bodysuit"},"content":{"rendered":"<h3 style=\"text-align: center;\">White envelope bodysuit<\/h3>\n<p style=\"text-align: center;\"><strong>Envelope body with a neckline<\/strong>\u00a0 type V. Luxurious blouse-body with a deep, sensual neckline. It will be perfect for both elegant and casual stylizations. Selected for many styles. A model you will fall in love with. You can wear them with shorts, jeans, skirts and even leather pants. European product, very good quality of the material. Perfectly fits the figure. Perfect for school, work, on a date or meeting with friends! <strong>Perfect for any time and occasion! <\/strong>Size <strong>universal recommended<\/strong> for ladies in sizes from<strong> XS to L<\/strong><\/p>\n<h3 style=\"text-align: center;\">Dimensions :<\/h3>\n<ul style=\"text-align: center;\">\n<li>\n<ul style=\"text-align: center;\">\n<li>overall length: 70 cm<\/li>\n<li>width from armpit to armpit: 45 cm -48 cm<\/li>\n<li>sleeve length from shoulder: 39 cm<\/li>\n<li>sleeve length from armpit: 54 cm<\/li>\n<li>recommended maximum bust circumference: 100 cm<\/li>\n<li>waist width: 45 cm<\/li>\n<li><\/li>\n<\/ul>\n<p style=\"text-align: center;\">Dimensions may slightly differ from the given +\/- 2cm. All dimensions given are measured flat. <strong>X2 dimension<\/strong><\/p>\n<p style=\"text-align: center;\"><strong>\u00a0<\/strong><\/p>\n<\/li>\n<\/ul>\n<p style=\"text-align: center;\"><strong>\u00a0<\/strong><\/p>\n<table width=\"612\">\n<tbody>\n<tr>\n<td width=\"302\">Model name<\/td>\n<td width=\"302\">White envelope bodysuit<\/td>\n<\/tr>\n<tr>\n<td width=\"302\">Color<\/td>\n<td width=\"302\">White<\/td>\n<\/tr>\n<tr>\n<td width=\"302\">Sizes<\/td>\n<td width=\"302\">Universal<\/td>\n<\/tr>\n<tr>\n<td width=\"302\">Matched<\/td>\n<td width=\"302\">Yes<\/td>\n<\/tr>\n<tr>\n<td width=\"302\">Cleavage<\/td>\n<td width=\"302\">Envelope<\/td>\n<\/tr>\n<tr>\n<td width=\"302\">Material<\/td>\n<td width=\"302\">95% polyester 5% elastane<\/td>\n<\/tr>\n<\/tbody>\n<\/table>\n<p style=\"text-align: center;\">\u00a0The model has\u00a0<strong>169<\/strong>\u00a0cm tall, wears a size every day\u00a0<strong>S.<\/strong><\/p>\n<p style=\"text-align: center;\">The width at the bust is 92 cm<\/p>\n<p style=\"text-align: center;\">Waist width 62 cm<\/p>\n<p style=\"text-align: center;\">The width at the hips is 94 cm<\/p>","protected":false},"excerpt":{"rendered":"<p>Body Kopertowe Bia\u0142e Body kopertowe z dekoltem\u00a0 typu V . Luksusowa bluzka-body z g\u0142\u0119bokim, zmys\u0142owym dekoltem. Rewelacyjnie sprawdzi si\u0119 zar\u00f3wno w eleganckich, jak i casualowych stylizacjach. Wybierane do wielu stylizacji. Model w kt\u00f3rym si\u0119 zakochasz . Mo\u017cesz je nosi\u0107 do szort\u00f3w, d\u017cins\u00f3w, sp\u00f3dnicy, a nawet spodni ze sk\u00f3ry. Produkt europejski, bardzo dobra jako\u015b\u0107 materia\u0142u. Idealnie<\/p>\n<div class=\"klb-readmore post-buttons\"><a class=\"button black outline size-sm\" href=\"https:\/\/madelinefashion.pl\/en\/product\/body-kopertowe-biale\/\">Read More <i class=\"klbth-icon-right-arrow\"><\/i><\/a><\/div>","protected":false},"featured_media":32983,"template":"","meta":[],"product_brand":[],"product_cat":[84],"product_tag":[],"class_list":{"0":"post-691","1":"product","2":"type-product","3":"status-publish","4":"has-post-thumbnail","6":"product_cat-body","8":"first","9":"instock","10":"purchasable","11":"product-type-simple"},"_links":{"self":[{"href":"https:\/\/madelinefashion.pl\/en\/wp-json\/wp\/v2\/product\/691","targetHints":{"allow":["GET"]}}],"collection":[{"href":"https:\/\/madelinefashion.pl\/en\/wp-json\/wp\/v2\/product"}],"about":[{"href":"https:\/\/madelinefashion.pl\/en\/wp-json\/wp\/v2\/types\/product"}],"wp:featuredmedia":[{"embeddable":true,"href":"https:\/\/madelinefashion.pl\/en\/wp-json\/wp\/v2\/media\/32983"}],"wp:attachment":[{"href":"https:\/\/madelinefashion.pl\/en\/wp-json\/wp\/v2\/media?parent=691"}],"wp:term":[{"taxonomy":"product_brand","embeddable":true,"href":"https:\/\/madelinefashion.pl\/en\/wp-json\/wp\/v2\/product_brand?post=691"},{"taxonomy":"product_cat","embeddable":true,"href":"https:\/\/madelinefashion.pl\/en\/wp-json\/wp\/v2\/product_cat?post=691"},{"taxonomy":"product_tag","embeddable":true,"href":"https:\/\/madelinefashion.pl\/en\/wp-json\/wp\/v2\/product_tag?post=691"}],"curies":[{"name":"wp","href":"https:\/\/api.w.org\/{rel}","templated":true}]}}