{"id":69135,"date":"2022-12-01T15:29:35","date_gmt":"2022-12-01T14:29:35","guid":{"rendered":"https:\/\/madelinefashion.pl\/?post_type=product&#038;p=69135"},"modified":"2026-03-07T13:46:50","modified_gmt":"2026-03-07T12:46:50","slug":"sukienka-cekinowa-z-wycieciem-na-jedno-ramie-lily-srebrna","status":"publish","type":"product","link":"https:\/\/madelinefashion.pl\/en\/product\/sukienka-cekinowa-z-wycieciem-na-jedno-ramie-lily-srebrna\/","title":{"rendered":"Lily Silver Sequin Dress with One-Shoulder Cutout"},"content":{"rendered":"<h3 style=\"text-align: center;\">Lily Silver Sequin Dress with One-Shoulder Cutout<\/h3>\n<p style=\"text-align: center;\">Beautiful sequin dress, fitted to the body with decorative feathers at the neckline, asymmetric. Put it on for a special occasion and make that no one will pass by you indifferently. One-shoulder dress with a cut-out on the side has an elastic band at the waist, which beautifully emphasizes feminine shapes. <strong>The size is UNIVERSAL\u00a0<\/strong>\u00a0recommended for ladies wearing XS, S, M, L\u00a0<strong>,<\/strong>\u00a0but we recommend\u00a0<strong>accurate measurement\u00a0<\/strong>according to the dimension table below. Available in our e-shop in several color variants, so do not hesitate and choose the one that is perfect for you.<\/p>\n<h3 style=\"text-align: center;\">Dress dimensions<\/h3>\n<ul>\n<li style=\"text-align: center;\">total length of the longer side: 118 cm<br \/>\ntotal length of the shorter side: 58 cm<\/li>\n<li style=\"text-align: center;\">width from armpit to armpit: 34-41cm<\/li>\n<li style=\"text-align: center;\">waist width: 32 - 39 cm<\/li>\n<li style=\"text-align: center;\"><\/li>\n<\/ul>\n<p>&nbsp;<\/p>\n<p style=\"text-align: center;\">Dimensions may slightly differ from the given +\/- 2cm. All dimensions given are measured flat. X2 dimension<\/p>\n<p style=\"text-align: center;\"><strong>\u00a0<\/strong><\/p>\n<table style=\"height: 197px;\" width=\"662\">\n<tbody>\n<tr>\n<td width=\"302\">Model name<\/td>\n<td width=\"302\">Lily<\/td>\n<\/tr>\n<tr>\n<td width=\"302\">Color<\/td>\n<td width=\"302\">Silver<\/td>\n<\/tr>\n<tr>\n<td width=\"302\">Collection<\/td>\n<td width=\"302\">Fall \/ Winter \/ Spring \/ Summer<\/td>\n<\/tr>\n<tr>\n<td width=\"302\">Sizes<\/td>\n<td width=\"302\">Universal<\/td>\n<\/tr>\n<tr>\n<td width=\"302\">Fashion<\/td>\n<td width=\"302\">Fitted \/ Elastic \/ Asymmetrical<\/td>\n<\/tr>\n<tr>\n<td width=\"302\">Decoration<\/td>\n<td width=\"302\">Sequins<\/td>\n<\/tr>\n<\/tbody>\n<\/table>\n<p>&nbsp;<\/p>\n<section class=\"page-product-box\">\n<div class=\"rte\">\n<p style=\"text-align: center;\">The model has\u00a0<strong>169<\/strong>\u00a0cm tall, wears a size every day\u00a0<strong>S.<\/strong><\/p>\n<p style=\"text-align: center;\">The width at the bust is 92 cm<\/p>\n<p style=\"text-align: center;\">Waist width 62 cm<\/p>\n<p style=\"text-align: center;\">The width at the hips is 94 cm<\/p>\n<p>&nbsp;<\/p>\n<p style=\"text-align: center;\">\n<\/div>\n<\/section>","protected":false},"excerpt":{"rendered":"<p>Sukienka Cekinowa z Wyci\u0119ciem na Jedno Rami\u0119 Lily Srebrna Pi\u0119kna cekinowa sukienka, dopasowana do cia\u0142a z ozdobnymi pi\u00f3rkami przy dekolcie, asymetryczna. Za\u0142\u00f3\u017c j\u0105 na wyj\u0105tkow\u0105 okazj\u0119 i spraw, \u017ce nikt nie przejdzie obok Ciebie oboj\u0119tnie. Sukienka na jedno rami\u0119 z wyci\u0119ciem na boku posiada gumk\u0119 w talii co pi\u0119knie podkre\u015bla kobiece kszta\u0142ty. Rozmiar jest UNIWERSALNY\u00a0\u00a0zalecany<\/p>\n<div class=\"klb-readmore post-buttons\"><a class=\"button black outline size-sm\" href=\"https:\/\/madelinefashion.pl\/en\/product\/sukienka-cekinowa-z-wycieciem-na-jedno-ramie-lily-srebrna\/\">Read More <i class=\"klbth-icon-right-arrow\"><\/i><\/a><\/div>","protected":false},"featured_media":69111,"template":"","meta":[],"product_brand":[],"product_cat":[80,124,558],"product_tag":[262],"class_list":{"0":"post-69135","1":"product","2":"type-product","3":"status-publish","4":"has-post-thumbnail","6":"product_cat-sukienki-i-kombinezony","7":"product_cat-sukienki-okolicznosciowe","8":"product_cat-sukienki-cekinowe","9":"product_tag-sukienki-krotkie","11":"first","12":"instock","13":"sale","14":"purchasable","15":"product-type-simple"},"_links":{"self":[{"href":"https:\/\/madelinefashion.pl\/en\/wp-json\/wp\/v2\/product\/69135","targetHints":{"allow":["GET"]}}],"collection":[{"href":"https:\/\/madelinefashion.pl\/en\/wp-json\/wp\/v2\/product"}],"about":[{"href":"https:\/\/madelinefashion.pl\/en\/wp-json\/wp\/v2\/types\/product"}],"wp:featuredmedia":[{"embeddable":true,"href":"https:\/\/madelinefashion.pl\/en\/wp-json\/wp\/v2\/media\/69111"}],"wp:attachment":[{"href":"https:\/\/madelinefashion.pl\/en\/wp-json\/wp\/v2\/media?parent=69135"}],"wp:term":[{"taxonomy":"product_brand","embeddable":true,"href":"https:\/\/madelinefashion.pl\/en\/wp-json\/wp\/v2\/product_brand?post=69135"},{"taxonomy":"product_cat","embeddable":true,"href":"https:\/\/madelinefashion.pl\/en\/wp-json\/wp\/v2\/product_cat?post=69135"},{"taxonomy":"product_tag","embeddable":true,"href":"https:\/\/madelinefashion.pl\/en\/wp-json\/wp\/v2\/product_tag?post=69135"}],"curies":[{"name":"wp","href":"https:\/\/api.w.org\/{rel}","templated":true}]}}