{"id":69146,"date":"2022-12-01T15:46:56","date_gmt":"2022-12-01T14:46:56","guid":{"rendered":"https:\/\/madelinefashion.pl\/?post_type=product&#038;p=69146"},"modified":"2026-03-01T12:58:23","modified_gmt":"2026-03-01T11:58:23","slug":"rekawiczki-damskie-bez-palcow-ocieplane-zimowe-bezowe","status":"publish","type":"product","link":"https:\/\/madelinefashion.pl\/en\/product\/rekawiczki-damskie-bez-palcow-ocieplane-zimowe-bezowe\/","title":{"rendered":"Women&#039;s Fingerless Winter Warm Gloves Beige"},"content":{"rendered":"<h3 style=\"text-align: center;\">Women&#039;s Fingerless Winter Warm Gloves Beige<\/h3>\n<h4 style=\"text-align: center;\"><b>UNIVERSAL SIZE\u00a0<\/b>\u2013 gloves will fit any hand<\/h4>\n<h4 style=\"text-align: center;\"><b>Glove features:<\/b><\/h4>\n<ul style=\"text-align: center;\">\n<li>\n<h4>cuffs on the wrists<\/h4>\n<\/li>\n<li>\n<h4>classic fashionable cut and pattern<\/h4>\n<\/li>\n<li>\n<h4>durable, pleasant to the touch material<\/h4>\n<\/li>\n<\/ul>\n<p style=\"text-align: center;\">\n<p style=\"text-align: center;\">\n<p style=\"text-align: center;\">\n<section class=\"page-product-box\">\n<div class=\"rte\">\n<p style=\"text-align: center;\">\n<p>&nbsp;<\/p>\n<p style=\"text-align: center;\">\n<\/div>\n<\/section>","protected":false},"excerpt":{"rendered":"<p>R\u0119kawiczki Damskie Bez Palc\u00f3w Ocieplane Zimowe Be\u017cowe ROZMIAR UNIWERSALNY\u00a0\u2013 r\u0119kawiczki dopasuj\u0105 si\u0119 do ka\u017cdej d\u0142oni Cechy r\u0119kawiczek: \u015bci\u0105gacze na nadgarstkach klasyczny modny fason i wz\u00f3r trwa\u0142y, przyjemny w dotyku materia\u0142 &nbsp;<\/p>","protected":false},"featured_media":69138,"template":"","meta":[],"product_brand":[],"product_cat":[113],"product_tag":[490],"class_list":{"0":"post-69146","1":"product","2":"type-product","3":"status-publish","4":"has-post-thumbnail","6":"product_cat-dodatki","7":"product_tag-rekawiczki-damskie","9":"first","10":"instock","11":"sale","12":"purchasable","13":"product-type-simple"},"_links":{"self":[{"href":"https:\/\/madelinefashion.pl\/en\/wp-json\/wp\/v2\/product\/69146","targetHints":{"allow":["GET"]}}],"collection":[{"href":"https:\/\/madelinefashion.pl\/en\/wp-json\/wp\/v2\/product"}],"about":[{"href":"https:\/\/madelinefashion.pl\/en\/wp-json\/wp\/v2\/types\/product"}],"wp:featuredmedia":[{"embeddable":true,"href":"https:\/\/madelinefashion.pl\/en\/wp-json\/wp\/v2\/media\/69138"}],"wp:attachment":[{"href":"https:\/\/madelinefashion.pl\/en\/wp-json\/wp\/v2\/media?parent=69146"}],"wp:term":[{"taxonomy":"product_brand","embeddable":true,"href":"https:\/\/madelinefashion.pl\/en\/wp-json\/wp\/v2\/product_brand?post=69146"},{"taxonomy":"product_cat","embeddable":true,"href":"https:\/\/madelinefashion.pl\/en\/wp-json\/wp\/v2\/product_cat?post=69146"},{"taxonomy":"product_tag","embeddable":true,"href":"https:\/\/madelinefashion.pl\/en\/wp-json\/wp\/v2\/product_tag?post=69146"}],"curies":[{"name":"wp","href":"https:\/\/api.w.org\/{rel}","templated":true}]}}