{"id":69189,"date":"2022-12-01T16:29:06","date_gmt":"2022-12-01T15:29:06","guid":{"rendered":"https:\/\/madelinefashion.pl\/?post_type=product&#038;p=69189"},"modified":"2026-01-15T12:43:08","modified_gmt":"2026-01-15T11:43:08","slug":"alpaka-zapinana-na-zamek-dinemis-rozowa","status":"publish","type":"product","link":"https:\/\/madelinefashion.pl\/en\/product\/alpaka-zapinana-na-zamek-dinemis-rozowa\/","title":{"rendered":"Alpaca Zipper Dinemis Pink"},"content":{"rendered":"<h3 style=\"text-align: center;\">Alpaca Zipper Dinemis Pink<\/h3>\n<p style=\"text-align: center;\"><strong>Alpaca Zipper Dinemis<\/strong> Zipper is real <strong>season hit<\/strong>. It is a combination of elegance, modernity and functionality - Made of a very fashionable and extremely pleasant material - &quot;alpaca&quot;. Stylish women&#039;s alpaca carefully sewn from <strong>warm and pleasant to the touch<\/strong> fabrics.<strong>\u00a0Hooded alpaca<\/strong> this model with a straight cut will mask the imperfections of the figure and, at the same time, will allow for freedom of movement. Warm, perfect for fall and spring. Oversized, loose cut suitable for elegant, casual and sporty styling. The cape has <strong>pockets<\/strong> on the sides. It has a clasp fastening. Wide cuffs on the sleeves add character to the whole. Alpaca has a hood, which is why the presented model will be perfect as a warm cover in everyday and occasional stylizations. You can combine it with our jeans or fitted skirts.<br \/>\nIn our online store you will find a large selection of coats for unbeatable prices <strong>low price.<br \/>\n<\/strong>Suitable for any style, for everyday wear, but thanks to the right accessories, you can also create an original outfit for the evening<strong>an omantic walk and a business trip<\/strong>. The model is suitable for ladies wearing size <strong>SML XL<\/strong><strong>\u00a0 . Add a fashionable outerwear to your order and stand out from the crowd with an original look for the fall \/ winter season.<\/strong><\/p>\n<h3 style=\"text-align: center;\">Coat dimensions:<\/h3>\n<ul style=\"text-align: center;\">\n<li>Overall length: 87 cm<\/li>\n<li>Width from armpit to armpit: 60-67 cm<\/li>\n<li>Max bust circumference: 130 cm<\/li>\n<li>Sleeve length 45 cm<\/li>\n<\/ul>\n<p style=\"text-align: center;\">Dimensions may slightly differ from the given +\/- 2cm. All dimensions given are measured flat.<\/p>\n<p style=\"text-align: center;\"><strong>\u00a0<\/strong><\/p>\n<table width=\"499\">\n<tbody>\n<tr>\n<td width=\"302\">Model name<\/td>\n<td width=\"302\">Alpaca Zipper Dinemis<\/td>\n<\/tr>\n<tr>\n<td width=\"302\">Color<\/td>\n<td width=\"302\">Pink<\/td>\n<\/tr>\n<tr>\n<td width=\"302\">Collection<\/td>\n<td width=\"302\">Spring \/ Autumn \/ Winter<\/td>\n<\/tr>\n<tr>\n<td width=\"302\">Sizes<\/td>\n<td width=\"302\">Universal<\/td>\n<\/tr>\n<tr>\n<td width=\"302\">Fashion<\/td>\n<td width=\"302\">Oversize<\/td>\n<\/tr>\n<tr>\n<td width=\"302\">Hood<\/td>\n<td width=\"302\">Yes<\/td>\n<\/tr>\n<tr>\n<td width=\"302\">Fastening<\/td>\n<td width=\"302\">Snaps<\/td>\n<\/tr>\n<tr>\n<td width=\"302\">Material<\/td>\n<td width=\"302\">38.4% wool; 23.5% polyester; 15.3% angora; 22.8% viscose<\/td>\n<\/tr>\n<\/tbody>\n<\/table>\n<p style=\"text-align: center;\">The model has\u00a0<strong>169<\/strong>\u00a0cm tall, wears a size every day\u00a0<strong>S.<\/strong><\/p>\n<p style=\"text-align: center;\">The width at the bust is 92 cm<\/p>\n<p style=\"text-align: center;\">Waist width 62 cm<\/p>\n<p style=\"text-align: center;\">The width at the hips is 94 cm<\/p>\n<section class=\"related products mb-80\"><\/section>","protected":false},"excerpt":{"rendered":"<p>Alpaka Zapinana na Zamek Dinemis R\u00f3\u017cowa Alpaka Zapinana na Zamek Dinemis zapinana na zamek to prawdziwy hit sezonu. Jest to po\u0142\u0105czenie elegancji, nowoczesno\u015bci i funkcjonalno\u015bci \u2013 \u00a0Wykonany z bardzo modnego i niezwykle przyjemnego materia\u0142u &#8211; &#8222;alpaka&#8221; . Stylowa alpaka damski starannie uszyty z ciep\u0142ej i przyjemnej w dotyku tkaniny.\u00a0Alpaka z kapturem to model o prostym<\/p>\n<div class=\"klb-readmore post-buttons\"><a class=\"button black outline size-sm\" href=\"https:\/\/madelinefashion.pl\/en\/product\/alpaka-zapinana-na-zamek-dinemis-rozowa\/\">Read More <i class=\"klbth-icon-right-arrow\"><\/i><\/a><\/div>","protected":false},"featured_media":69180,"template":"","meta":[],"product_brand":[],"product_cat":[118,279],"product_tag":[284],"class_list":{"0":"post-69189","1":"product","2":"type-product","3":"status-publish","4":"has-post-thumbnail","6":"product_cat-plaszcze","7":"product_cat-plaszcze-wiosenne","8":"product_tag-alpaka","10":"first","11":"instock","12":"sale","13":"purchasable","14":"product-type-simple"},"_links":{"self":[{"href":"https:\/\/madelinefashion.pl\/en\/wp-json\/wp\/v2\/product\/69189","targetHints":{"allow":["GET"]}}],"collection":[{"href":"https:\/\/madelinefashion.pl\/en\/wp-json\/wp\/v2\/product"}],"about":[{"href":"https:\/\/madelinefashion.pl\/en\/wp-json\/wp\/v2\/types\/product"}],"wp:featuredmedia":[{"embeddable":true,"href":"https:\/\/madelinefashion.pl\/en\/wp-json\/wp\/v2\/media\/69180"}],"wp:attachment":[{"href":"https:\/\/madelinefashion.pl\/en\/wp-json\/wp\/v2\/media?parent=69189"}],"wp:term":[{"taxonomy":"product_brand","embeddable":true,"href":"https:\/\/madelinefashion.pl\/en\/wp-json\/wp\/v2\/product_brand?post=69189"},{"taxonomy":"product_cat","embeddable":true,"href":"https:\/\/madelinefashion.pl\/en\/wp-json\/wp\/v2\/product_cat?post=69189"},{"taxonomy":"product_tag","embeddable":true,"href":"https:\/\/madelinefashion.pl\/en\/wp-json\/wp\/v2\/product_tag?post=69189"}],"curies":[{"name":"wp","href":"https:\/\/api.w.org\/{rel}","templated":true}]}}