{"id":70198,"date":"2022-12-08T16:36:44","date_gmt":"2022-12-08T15:36:44","guid":{"rendered":"https:\/\/madelinefashion.pl\/?post_type=product&#038;p=70198"},"modified":"2026-03-01T12:58:18","modified_gmt":"2026-03-01T11:58:18","slug":"zakolanowki-swiateczne-rudolf-czarne","status":"publish","type":"product","link":"https:\/\/madelinefashion.pl\/en\/product\/zakolanowki-swiateczne-rudolf-czarne\/","title":{"rendered":"Rudolf Black Christmas Overknee Socks"},"content":{"rendered":"<h3 style=\"text-align: center;\">Rudolf Black Christmas Overknee Socks<\/h3>\n<p style=\"text-align: center;\">\u00a0Holidays are almost here, so it&#039;s high time to think about preparations, also those related to refreshing your wardrobe. In our store you will find <a href=\"https:\/\/madelinefashion.pl\/en\/product-tag\/swiateczny\/\"><strong>Christmas clothes<\/strong><\/a>that will make you feel again <strong>the magic of Christmas.<\/strong> <strong>Festive character <\/strong>it will work both on a daily basis<strong>, <\/strong>and during dinner <b>Christmas Eve.\u00a0<\/b><\/p>\n<p style=\"text-align: center;\">Christmas socks with a star motif.<\/p>\n<ul>\n<li style=\"text-align: center;\">Size 36-40<\/li>\n<li style=\"text-align: center;\">Elastic<\/li>\n<li style=\"text-align: center;\">Polish product<\/li>\n<li style=\"text-align: center;\">Made of high quality materials<\/li>\n<\/ul>","protected":false},"excerpt":{"rendered":"<p>Zakolan\u00f3wki \u015awi\u0105teczne Rudolf Czarne \u00a0\u015awi\u0119ta ju\u017c za pasem, wi\u0119c najwy\u017csza pora pomy\u015ble\u0107 o przygotowaniach, r\u00f3wnie\u017c tych zwi\u0105zanych z od\u015bwie\u017ceniem garderoby. W Naszym sklepie znajdziesz \u015bwi\u0105teczne ubrania, dzi\u0119ki kt\u00f3rym na nowo poczujesz magi\u0119 \u015bwi\u0105t Bo\u017cego Narodzenia. \u015awi\u0105teczny charakter sprawdzi si\u0119 zar\u00f3wno na co dzie\u0144, jak i podczas kolacji wigilijnej.\u00a0 Zakolan\u00f3wki \u015bwi\u0105teczne z motywem gwiazdki. Rozmiar 36-40<\/p>\n<div class=\"klb-readmore post-buttons\"><a class=\"button black outline size-sm\" href=\"https:\/\/madelinefashion.pl\/en\/product\/zakolanowki-swiateczne-rudolf-czarne\/\">Read More <i class=\"klbth-icon-right-arrow\"><\/i><\/a><\/div>","protected":false},"featured_media":70184,"template":"","meta":[],"product_brand":[],"product_cat":[113,395],"product_tag":[473,491],"class_list":{"0":"post-70198","1":"product","2":"type-product","3":"status-publish","4":"has-post-thumbnail","6":"product_cat-dodatki","7":"product_cat-nowosci","8":"product_tag-kolekcja-swiateczna","9":"product_tag-skarpetki-swiateczne","11":"first","12":"outofstock","13":"sale","14":"purchasable","15":"product-type-simple"},"_links":{"self":[{"href":"https:\/\/madelinefashion.pl\/en\/wp-json\/wp\/v2\/product\/70198","targetHints":{"allow":["GET"]}}],"collection":[{"href":"https:\/\/madelinefashion.pl\/en\/wp-json\/wp\/v2\/product"}],"about":[{"href":"https:\/\/madelinefashion.pl\/en\/wp-json\/wp\/v2\/types\/product"}],"wp:featuredmedia":[{"embeddable":true,"href":"https:\/\/madelinefashion.pl\/en\/wp-json\/wp\/v2\/media\/70184"}],"wp:attachment":[{"href":"https:\/\/madelinefashion.pl\/en\/wp-json\/wp\/v2\/media?parent=70198"}],"wp:term":[{"taxonomy":"product_brand","embeddable":true,"href":"https:\/\/madelinefashion.pl\/en\/wp-json\/wp\/v2\/product_brand?post=70198"},{"taxonomy":"product_cat","embeddable":true,"href":"https:\/\/madelinefashion.pl\/en\/wp-json\/wp\/v2\/product_cat?post=70198"},{"taxonomy":"product_tag","embeddable":true,"href":"https:\/\/madelinefashion.pl\/en\/wp-json\/wp\/v2\/product_tag?post=70198"}],"curies":[{"name":"wp","href":"https:\/\/api.w.org\/{rel}","templated":true}]}}