{"id":7080,"date":"2021-04-01T17:15:22","date_gmt":"2021-04-01T15:15:22","guid":{"rendered":"https:\/\/madelinefashion.pl\/?post_type=product&#038;p=7080"},"modified":"2026-03-26T12:40:43","modified_gmt":"2026-03-26T11:40:43","slug":"bluzka-z-lancuszkiem-biala-xeni","status":"publish","type":"product","link":"https:\/\/madelinefashion.pl\/en\/product\/bluzka-z-lancuszkiem-biala-xeni\/","title":{"rendered":"White Xeni Chain Blouse"},"content":{"rendered":"<h3 style=\"text-align: center;\">White Xeni Chain Blouse<\/h3>\n<p style=\"text-align: center;\"><b>Blouse with a chain white ribbed Xeni <\/b>is a model that will suit most styles - due to its simplicity. Made of pleasant material, it will provide you with comfort. The universal cut can be worn all year round, regardless of the season. Combine her with ours <a href=\"https:\/\/madelinefashion.pl\/en\/product-tag\/ramoneski\/\">Ramones<\/a>\u00a0 and wax pants, <a href=\"https:\/\/madelinefashion.pl\/en\/spodnie-biale-jeans-z-dziurami\/\">pants with holes<\/a> or shorts. . The blouse has a decorative one <strong>gold-colored chain<\/strong>\u00a0. It is a model in which you will not pass unnoticed. One size fits all recommended from <strong>S to XL<\/strong><\/p>\n<h3 style=\"text-align: center;\">Dimensions :<\/h3>\n<ul>\n<li style=\"text-align: center;\">\u00a0\u00a0\u00a0\u00a0\u00a0\u00a0\u00a0 Overall length: 57 cm<\/li>\n<li style=\"text-align: center;\">\u00a0 \u00a0 \u00a0 \u00a0 Width from armpit to armpit: 37 cm - 53 cm<\/li>\n<li style=\"text-align: center;\">Bottom width: 46 cm - 55 cm<\/li>\n<\/ul>\n<ul>\n<li style=\"text-align: center;\"><\/li>\n<\/ul>\n<p style=\"text-align: center;\">Dimensions may slightly differ from the given +\/- 2cm. All dimensions given are measured flat.<\/p>\n<table>\n<tbody>\n<tr>\n<td width=\"302\">Model name<\/td>\n<td width=\"302\">Xeni Chain Blouse<\/td>\n<\/tr>\n<tr>\n<td width=\"302\">Color<\/td>\n<td width=\"302\">White<\/td>\n<\/tr>\n<tr>\n<td width=\"302\">Sizes<\/td>\n<td width=\"302\">Universal<\/td>\n<\/tr>\n<tr>\n<td width=\"302\">Fashion<\/td>\n<td width=\"302\">Oversize<\/td>\n<\/tr>\n<tr>\n<td width=\"302\">Material<\/td>\n<td width=\"302\">97 % Polyester 3% Elastane<\/td>\n<\/tr>\n<\/tbody>\n<\/table>\n<p style=\"text-align: center;\"><span style=\"font-size: 10pt;\">\u00a0<\/span><\/p>\n<p style=\"text-align: center;\">\u00a0The model has <strong>175<\/strong> cm tall, wears a size every day\u00a0<strong>S.<\/strong><\/p>","protected":false},"excerpt":{"rendered":"<p>Bluzka z \u0141a\u0144cuszkiem Bia\u0142a Xeni Bluzka z \u0141a\u0144cuszkiem Bia\u0142a pr\u0105\u017ckowana Xeni to model,\u00a0 kt\u00f3ry b\u0119dzie pasowa\u0142a do wi\u0119kszo\u015bci stylizacji\u2013 ze wzgl\u0119du na swoja prostot\u0119. Wykonana z przyjemnego materia\u0142u\u00a0 zapewni Ci komfort noszenia. Uniwersalny kr\u00f3j mo\u017cesz nosi\u0107 przez ca\u0142y rok, niezale\u017cnie od pory roku. Po\u0142\u0105cz j\u0105 z naszymi ramoneskami\u00a0 i woskowanymi spodniami, spodniami w dziury czy<\/p>\n<div class=\"klb-readmore post-buttons\"><a class=\"button black outline size-sm\" href=\"https:\/\/madelinefashion.pl\/en\/product\/bluzka-z-lancuszkiem-biala-xeni\/\">Read More <i class=\"klbth-icon-right-arrow\"><\/i><\/a><\/div>","protected":false},"featured_media":7071,"template":"","meta":[],"product_brand":[],"product_cat":[77,85,380],"product_tag":[251],"class_list":{"0":"post-7080","1":"product","2":"type-product","3":"status-publish","4":"has-post-thumbnail","6":"product_cat-bluzki","7":"product_cat-t-shirty","8":"product_cat-wyprzedaz","9":"product_tag-bluzka-biala","11":"first","12":"instock","13":"sale","14":"purchasable","15":"product-type-simple"},"_links":{"self":[{"href":"https:\/\/madelinefashion.pl\/en\/wp-json\/wp\/v2\/product\/7080","targetHints":{"allow":["GET"]}}],"collection":[{"href":"https:\/\/madelinefashion.pl\/en\/wp-json\/wp\/v2\/product"}],"about":[{"href":"https:\/\/madelinefashion.pl\/en\/wp-json\/wp\/v2\/types\/product"}],"wp:featuredmedia":[{"embeddable":true,"href":"https:\/\/madelinefashion.pl\/en\/wp-json\/wp\/v2\/media\/7071"}],"wp:attachment":[{"href":"https:\/\/madelinefashion.pl\/en\/wp-json\/wp\/v2\/media?parent=7080"}],"wp:term":[{"taxonomy":"product_brand","embeddable":true,"href":"https:\/\/madelinefashion.pl\/en\/wp-json\/wp\/v2\/product_brand?post=7080"},{"taxonomy":"product_cat","embeddable":true,"href":"https:\/\/madelinefashion.pl\/en\/wp-json\/wp\/v2\/product_cat?post=7080"},{"taxonomy":"product_tag","embeddable":true,"href":"https:\/\/madelinefashion.pl\/en\/wp-json\/wp\/v2\/product_tag?post=7080"}],"curies":[{"name":"wp","href":"https:\/\/api.w.org\/{rel}","templated":true}]}}