{"id":7140,"date":"2021-04-01T19:50:11","date_gmt":"2021-04-01T17:50:11","guid":{"rendered":"https:\/\/madelinefashion.pl\/?post_type=product&#038;p=7140"},"modified":"2023-08-17T11:16:32","modified_gmt":"2023-08-17T09:16:32","slug":"komplet-dwuczesciowy-boho-paradise-zolty","status":"publish","type":"product","link":"https:\/\/madelinefashion.pl\/en\/product\/komplet-dwuczesciowy-boho-paradise-zolty\/","title":{"rendered":"Two-piece Boho Paradise Yellow Set"},"content":{"rendered":"<h3 style=\"text-align: center;\">Two-piece Boho Paradise Yellow Set<\/h3>\n<p style=\"text-align: center;\"><strong>Dreamlike set consisting of a top and a skirt<\/strong>. Summer set consisting of a Spanish-style blouse with puffed sleeves and a skirt with a lampshade pattern with a wide elastic band. <strong>The whole thing is very impressive<\/strong>. The elastic state of the skirt makes it fit most body shapes. <strong>Set<\/strong> <strong>Paradise<\/strong> it has lace embroidered inserts and frills on both the blouse and skirt. The blouse has an elastic band at the waist - thanks to which it will perfectly emphasize the figure and puffy sleeves with <strong>lace inserts<\/strong> finished with a delicate welt. Our set is the perfect choice for styles in which you want to shine. The set is available in beautiful colors that perfectly match the upcoming season. A very holiday proposition - definitely <strong>Must have<\/strong> of the coming season .. Recommended for ladies wearing size <strong>XS<\/strong> <strong>SML<\/strong><\/p>\n<p>&nbsp;<\/p>\n<h3 style=\"text-align: center;\">\u00a0 \u00a0 \u00a0Dimensions :<\/h3>\n<p style=\"text-align: center;\"><strong>TOP<\/strong><br \/>\nUnderarm width: 30-45 cm<br \/>\nOverall length: 48 cm<br \/>\nSleeve length from armpit: 25 cm<br \/>\nSleeve length from the shoulder 35 cm<br \/>\nBottom width: 27-45 cm<\/p>\n<p style=\"text-align: center;\"><strong>SKIRT<\/strong><br \/>\nWaist width (elastic band): 28-46 cm<br \/>\nOverall length: 49 cm<\/p>\n<p style=\"text-align: center;\">Dimensions may slightly differ from the given +\/- 2cm. All dimensions given are measured flat.<\/p>\n<table width=\"618\">\n<tbody>\n<tr>\n<td width=\"302\">Model name<\/td>\n<td width=\"302\">Two-piece Boho Paradise set - Mihos<\/td>\n<\/tr>\n<tr>\n<td width=\"302\">Color<\/td>\n<td width=\"302\">Yellow<\/td>\n<\/tr>\n<tr>\n<td width=\"302\">Sizes<\/td>\n<td width=\"302\">Universal<\/td>\n<\/tr>\n<tr>\n<td width=\"302\">Fashion<\/td>\n<td width=\"302\">Oversize<\/td>\n<\/tr>\n<tr>\n<td width=\"302\">Material<\/td>\n<td width=\"302\">100 % Cotton<\/td>\n<\/tr>\n<\/tbody>\n<\/table>\n<div class=\"tabs tabs-bb clear mb-80\">\n<div class=\"tab-content\">\n<div id=\"tab-description\" class=\"tab-pane fade in woocommerce-Tabs-panel--description active\">\n<p style=\"text-align: center;\">The model has\u00a0<strong>169<\/strong>\u00a0cm tall, wears a size every day\u00a0<strong>S.<\/strong><\/p>\n<p style=\"text-align: center;\">The width at the bust is 92 cm<\/p>\n<p style=\"text-align: center;\">Waist width 62 cm<\/p>\n<p style=\"text-align: center;\">The width at the hips is 94 cm<\/p>\n<\/div>\n<\/div>\n<\/div>\n<section class=\"related products mb-80\"><\/section>\n<p style=\"text-align: center;\">","protected":false},"excerpt":{"rendered":"<p>Komplet Dwucz\u0119\u015bciowy Boho Paradise \u017b\u00f3\u0142ty Zjawiskowy Komplet sk\u0142adaj\u0105cy si\u0119 z topu oraz sp\u00f3dnicy.\u00a0 Letni komplet sk\u0142adaj\u0105cy si\u0119 z bluzki o fasonie hiszpanki z bufiastymi r\u0119kawami oraz\u00a0 sp\u00f3dnicy wz\u00f3r klosza z szerok\u0105 gumk\u0105. Ca\u0142o\u015b\u0107 prezentuje niezwykle efektownie. Elastyczny stan sp\u00f3dniczki sprawia, \u017ce b\u0119dzie pasowa\u0142 na wi\u0119kszo\u015b\u0107 sylwetek. Komplet Paradise posiada koronkowe haftowane wstawki oraz falbanki zar\u00f3wno<\/p>\n<div class=\"klb-readmore post-buttons\"><a class=\"button black outline size-sm\" href=\"https:\/\/madelinefashion.pl\/en\/product\/komplet-dwuczesciowy-boho-paradise-zolty\/\">Read More <i class=\"klbth-icon-right-arrow\"><\/i><\/a><\/div>","protected":false},"featured_media":48955,"template":"","meta":[],"product_brand":[],"product_cat":[89],"product_tag":[],"class_list":{"0":"post-7140","1":"product","2":"type-product","3":"status-publish","4":"has-post-thumbnail","6":"product_cat-komplety","7":"pa_rozmiar-l-xl","8":"pa_rozmiar-s-m","10":"first","11":"instock","12":"purchasable","13":"product-type-simple"},"_links":{"self":[{"href":"https:\/\/madelinefashion.pl\/en\/wp-json\/wp\/v2\/product\/7140","targetHints":{"allow":["GET"]}}],"collection":[{"href":"https:\/\/madelinefashion.pl\/en\/wp-json\/wp\/v2\/product"}],"about":[{"href":"https:\/\/madelinefashion.pl\/en\/wp-json\/wp\/v2\/types\/product"}],"wp:featuredmedia":[{"embeddable":true,"href":"https:\/\/madelinefashion.pl\/en\/wp-json\/wp\/v2\/media\/48955"}],"wp:attachment":[{"href":"https:\/\/madelinefashion.pl\/en\/wp-json\/wp\/v2\/media?parent=7140"}],"wp:term":[{"taxonomy":"product_brand","embeddable":true,"href":"https:\/\/madelinefashion.pl\/en\/wp-json\/wp\/v2\/product_brand?post=7140"},{"taxonomy":"product_cat","embeddable":true,"href":"https:\/\/madelinefashion.pl\/en\/wp-json\/wp\/v2\/product_cat?post=7140"},{"taxonomy":"product_tag","embeddable":true,"href":"https:\/\/madelinefashion.pl\/en\/wp-json\/wp\/v2\/product_tag?post=7140"}],"curies":[{"name":"wp","href":"https:\/\/api.w.org\/{rel}","templated":true}]}}