{"id":7154,"date":"2021-04-01T20:39:17","date_gmt":"2021-04-01T18:39:17","guid":{"rendered":"https:\/\/madelinefashion.pl\/?post_type=product&#038;p=7154"},"modified":"2026-01-20T10:34:39","modified_gmt":"2026-01-20T09:34:39","slug":"elegancka-koszula-atmosphere-biala","status":"publish","type":"product","link":"https:\/\/madelinefashion.pl\/en\/product\/elegancka-koszula-atmosphere-biala\/","title":{"rendered":"Elegant Atmosphere White Shirt"},"content":{"rendered":"<h3 style=\"text-align: center;\">Elegant Atmosphere White Shirt<\/h3>\n<p style=\"text-align: center;\"><strong>Elegant white shirt <\/strong>with an inscription on the front <strong>Atmosphere\u00a0 <\/strong>this <strong>the newest trend!<\/strong>\u00a0Its unique pattern will make you feel <strong>you will stand out from the crowd<\/strong>. Fitted button-down shirt. It will be the best match for everyday looks. A model chosen for many styles. A shirt you will fall in love with. Model with a slightly extended back. <strong>Possibility to turn up the sleeves<\/strong>.<strong><br \/>\n<\/strong>The shirt has a pocket - you can wear it with jeans, a skirt or leather pants. Perfectly fits the figure. Perfect for school, work, a date or meeting with friends! <strong>Perfect for any time and occasion!\u00a0<\/strong>Size\u00a0<strong>universal recommended<\/strong>\u00a0for ladies in sizes from<strong> S to XL.<\/strong><\/p>\n<h3 style=\"text-align: center;\">Shirt dimensions:<\/h3>\n<ul style=\"text-align: center;\">\n<li>Total length front: 78 cm<\/li>\n<li>Total length back: 83 cm<\/li>\n<li>Width from armpit to: 46-52 cm<\/li>\n<li>The width of the hips: 52 cm<\/li>\n<li>Sleeve length from the Armpit: 40 cm<\/li>\n<li>Sleeve length from the shoulder: 59 cm<\/li>\n<\/ul>\n<p style=\"text-align: center;\">Dimensions may be slightly different from the given +\/- 2cm. All given <strong>dimensions<\/strong> are measured flat <strong>x2<\/strong><\/p>\n<p style=\"text-align: center;\"><span style=\"font-size: 10pt;\">\u00a0<\/span><\/p>\n<p style=\"text-align: center;\"><span style=\"font-size: 10pt;\">\u00a0<\/span><\/p>\n<table width=\"608\">\n<tbody>\n<tr>\n<td width=\"302\">Model name<\/td>\n<td width=\"302\">Elegant Atmosphere Shirt<\/td>\n<\/tr>\n<tr>\n<td width=\"302\">Color<\/td>\n<td width=\"302\">White<\/td>\n<\/tr>\n<tr>\n<td width=\"302\">Sizes<\/td>\n<td width=\"302\">Universal<\/td>\n<\/tr>\n<tr>\n<td width=\"302\">Fashion<\/td>\n<td width=\"302\">Oversize<\/td>\n<\/tr>\n<tr>\n<td width=\"302\">Material<\/td>\n<td width=\"302\">\u00a095% Polyester 5%elastian<\/td>\n<\/tr>\n<\/tbody>\n<\/table>\n<p style=\"text-align: center;\"><span style=\"font-size: 10pt;\"><br \/>\nThe model is 175 cm tall and wears a size every day\u00a0<strong>S.<\/strong><br \/>\n<\/span><\/p>\n<p style=\"text-align: center;\"><span style=\"font-size: 10pt;\">\u00a0<\/span><\/p>\n<p style=\"text-align: center;\"><span style=\"font-size: 10pt;\">\u00a0<\/span><\/p>","protected":false},"excerpt":{"rendered":"<p>Elegancka Koszula Atmosphere Bia\u0142a Elegancka Koszula Bia\u0142a z napisem z przodu Atmosphere\u00a0 to najnowszy trend!\u00a0Jej niepowtarzalny wz\u00f3r spowoduje, \u017ce wyr\u00f3\u017cnisz si\u0119 z t\u0142umu. Dopasowana zapinana na guziki koszula. B\u0119dzie najlepiej pasowa\u0107 do codziennych look\u00f3w.\u00a0 Model wybierany do wielu stylizacji. Koszula w kt\u00f3rej\u00a0 si\u0119 zakochasz. Model z lekko przed\u0142u\u017conym ty\u0142em. Mo\u017cliwo\u015b\u0107 wywijania r\u0119kaw\u00f3w. Koszula posiada kieszonk\u0119<\/p>\n<div class=\"klb-readmore post-buttons\"><a class=\"button black outline size-sm\" href=\"https:\/\/madelinefashion.pl\/en\/product\/elegancka-koszula-atmosphere-biala\/\">Read More <i class=\"klbth-icon-right-arrow\"><\/i><\/a><\/div>","protected":false},"featured_media":7149,"template":"","meta":[],"product_brand":[],"product_cat":[92],"product_tag":[],"class_list":{"0":"post-7154","1":"product","2":"type-product","3":"status-publish","4":"has-post-thumbnail","6":"product_cat-koszule","8":"first","9":"instock","10":"sale","11":"purchasable","12":"product-type-simple"},"_links":{"self":[{"href":"https:\/\/madelinefashion.pl\/en\/wp-json\/wp\/v2\/product\/7154","targetHints":{"allow":["GET"]}}],"collection":[{"href":"https:\/\/madelinefashion.pl\/en\/wp-json\/wp\/v2\/product"}],"about":[{"href":"https:\/\/madelinefashion.pl\/en\/wp-json\/wp\/v2\/types\/product"}],"wp:featuredmedia":[{"embeddable":true,"href":"https:\/\/madelinefashion.pl\/en\/wp-json\/wp\/v2\/media\/7149"}],"wp:attachment":[{"href":"https:\/\/madelinefashion.pl\/en\/wp-json\/wp\/v2\/media?parent=7154"}],"wp:term":[{"taxonomy":"product_brand","embeddable":true,"href":"https:\/\/madelinefashion.pl\/en\/wp-json\/wp\/v2\/product_brand?post=7154"},{"taxonomy":"product_cat","embeddable":true,"href":"https:\/\/madelinefashion.pl\/en\/wp-json\/wp\/v2\/product_cat?post=7154"},{"taxonomy":"product_tag","embeddable":true,"href":"https:\/\/madelinefashion.pl\/en\/wp-json\/wp\/v2\/product_tag?post=7154"}],"curies":[{"name":"wp","href":"https:\/\/api.w.org\/{rel}","templated":true}]}}