{"id":7174,"date":"2021-04-01T21:27:24","date_gmt":"2021-04-01T19:27:24","guid":{"rendered":"https:\/\/madelinefashion.pl\/?post_type=product&#038;p=7174"},"modified":"2026-01-20T10:34:39","modified_gmt":"2026-01-20T09:34:39","slug":"top-loca-z-falbanka-bialy","status":"publish","type":"product","link":"https:\/\/madelinefashion.pl\/en\/product\/top-loca-z-falbanka-bialy\/","title":{"rendered":"Top Loca with a Frill White"},"content":{"rendered":"<h3 style=\"text-align: center;\">Top Loca with a Frill White<\/h3>\n<p>A delicate top with frills on one shoulder, with a v-neckline is a sexy model that will add sensuality to your styling. Airy, subtle cut that matches many styles. <strong>An elegant top with frills on the straps will be a perfect complement to many everyday and sophisticated stylizations. <\/strong>It will look great with our models <a href=\"https:\/\/madelinefashion.pl\/en\/spodnie\/\">pants<\/a> or shorts. One size is recommended <strong>XS SML\u00a0\u00a0<\/strong><\/p>\n<h3 style=\"text-align: center;\">Product characteristics:<\/h3>\n<p style=\"text-align: center;\">\u2013\u00a0<strong>top with straps<br \/>\n<\/strong>- stylish and sexy<strong><br \/>\n<\/strong>- light, satin fabric<br \/>\n-flounce<\/p>\n<p>&nbsp;<\/p>\n<h3 style=\"text-align: center;\">Dimensions:<\/h3>\n<ul>\n<li style=\"text-align: center;\">total length: 60 cm<\/li>\n<li style=\"text-align: center;\">width from armpit to armpit: 35-48 cm<\/li>\n<li style=\"text-align: center;\">bottom width: 47 cm<\/li>\n<\/ul>\n<p>&nbsp;<\/p>\n<table>\n<tbody>\n<tr>\n<td width=\"302\">Model name<\/td>\n<td width=\"302\">Top Loca with a Frill<\/td>\n<\/tr>\n<tr>\n<td width=\"302\">Color<\/td>\n<td width=\"302\">White<\/td>\n<\/tr>\n<tr>\n<td width=\"302\">Sizes<\/td>\n<td width=\"302\">Universal<\/td>\n<\/tr>\n<tr>\n<td width=\"302\">Fashion<\/td>\n<td width=\"302\">Oversize<\/td>\n<\/tr>\n<tr>\n<td width=\"302\">Material<\/td>\n<td width=\"302\">100 % Polyester<\/td>\n<\/tr>\n<\/tbody>\n<\/table>\n<p style=\"text-align: center;\"><span style=\"font-size: 10pt;\">\u00a0<\/span><\/p>\n<p style=\"text-align: center;\">The model has\u00a0<strong>169<\/strong>\u00a0cm tall, wears a size every day\u00a0<strong>S.<\/strong><\/p>\n<p style=\"text-align: center;\">The width at the bust is 92 cm<\/p>\n<p style=\"text-align: center;\">Waist width 62 cm<\/p>\n<p style=\"text-align: center;\">The width at the hips is 94 cm<\/p>","protected":false},"excerpt":{"rendered":"<p>Top Loca z Falbank\u0105 Bia\u0142y Delikatny top z falbankami na jednym rami\u0105czku, z dekoltem w styl v to seksowny model, kt\u00f3ry doda ka\u017cdej Twojej stylizacji zmys\u0142owo\u015bci. Zwiewny, subtelny kr\u00f3j pasuj\u0105cy do wielu stylizacji. Elegancki top z falbankami na rami\u0105czkach, b\u0119dzie znakomitym uzupe\u0142nieniem wielu codziennych oraz wyszukanych stylizacji. Idealnie b\u0119dzie prezentowa\u0107 si\u0119 z naszymi modelami spodni<\/p>\n<div class=\"klb-readmore post-buttons\"><a class=\"button black outline size-sm\" href=\"https:\/\/madelinefashion.pl\/en\/product\/top-loca-z-falbanka-bialy\/\">Read More <i class=\"klbth-icon-right-arrow\"><\/i><\/a><\/div>","protected":false},"featured_media":50295,"template":"","meta":[],"product_brand":[],"product_cat":[77],"product_tag":[292],"class_list":{"0":"post-7174","1":"product","2":"type-product","3":"status-publish","4":"has-post-thumbnail","6":"product_cat-bluzki","7":"product_tag-topy","9":"first","10":"instock","11":"sale","12":"purchasable","13":"product-type-simple"},"_links":{"self":[{"href":"https:\/\/madelinefashion.pl\/en\/wp-json\/wp\/v2\/product\/7174","targetHints":{"allow":["GET"]}}],"collection":[{"href":"https:\/\/madelinefashion.pl\/en\/wp-json\/wp\/v2\/product"}],"about":[{"href":"https:\/\/madelinefashion.pl\/en\/wp-json\/wp\/v2\/types\/product"}],"wp:featuredmedia":[{"embeddable":true,"href":"https:\/\/madelinefashion.pl\/en\/wp-json\/wp\/v2\/media\/50295"}],"wp:attachment":[{"href":"https:\/\/madelinefashion.pl\/en\/wp-json\/wp\/v2\/media?parent=7174"}],"wp:term":[{"taxonomy":"product_brand","embeddable":true,"href":"https:\/\/madelinefashion.pl\/en\/wp-json\/wp\/v2\/product_brand?post=7174"},{"taxonomy":"product_cat","embeddable":true,"href":"https:\/\/madelinefashion.pl\/en\/wp-json\/wp\/v2\/product_cat?post=7174"},{"taxonomy":"product_tag","embeddable":true,"href":"https:\/\/madelinefashion.pl\/en\/wp-json\/wp\/v2\/product_tag?post=7174"}],"curies":[{"name":"wp","href":"https:\/\/api.w.org\/{rel}","templated":true}]}}