{"id":7251,"date":"2021-04-01T23:21:42","date_gmt":"2021-04-01T21:21:42","guid":{"rendered":"https:\/\/madelinefashion.pl\/?post_type=product&#038;p=7251"},"modified":"2025-10-07T09:10:38","modified_gmt":"2025-10-07T07:10:38","slug":"spodnie-przekladane-wiazane-z-boku-czarne","status":"publish","type":"product","link":"https:\/\/madelinefashion.pl\/en\/product\/spodnie-przekladane-wiazane-z-boku-czarne\/","title":{"rendered":"Black Tied Side-tie Pants"},"content":{"rendered":"<h3 style=\"text-align: center;\">Black Tied Side-tie Pants<\/h3>\n<p style=\"text-align: center;\">Karen&#039;s Interleaved Side Tie Pants are a real hit this season. They blend in perfectly with our blouses, e.g. the Sasha model, creating<strong> a unique set<\/strong> perfect for spring and summer days. Complete your wardrobe with cotton pants. If you have any further questions about this product, please do not hesitate to contact us by phone or help <a href=\"https:\/\/www.facebook.com\/madelinefashionbutik\" target=\"_blank\" rel=\"noopener\">Facebook<\/a> . Follow the new trends with <strong>Madelinefashion.\u00a0\u00a0<\/strong>The universal size is recommended for ladies wearing <strong>SML XL\u00a0<\/strong> <strong>XXL \u2013 elastic waistband.<\/strong><\/p>\n<h3 style=\"text-align: center;\">Pants dimensions:<\/h3>\n<ul style=\"text-align: center;\">\n<li>Overall length: 96 cm<\/li>\n<li>Inside leg length: 68 cm<\/li>\n<li>Waist width: 33-46 cm (x2)<\/li>\n<li>waist: 29 cm<\/li>\n<\/ul>\n<p>\u00a0<\/p>\n<p style=\"text-align: center;\">Dimensions may be slightly different from the given +\/- 2cm. All pod<\/p>\n<p>\u00a0<\/p>\n<p style=\"text-align: center;\">The model has\u00a0<strong>169<\/strong>\u00a0cm tall, wears a size every day\u00a0<strong>S.<\/strong><\/p>\n<p style=\"text-align: center;\">The width at the bust is 92 cm<\/p>\n<p style=\"text-align: center;\">Waist width 62 cm<\/p>\n<p style=\"text-align: center;\">The width at the hips is 94 cm<\/p>\n<p style=\"text-align: center;\">","protected":false},"excerpt":{"rendered":"<p>Spodnie Przek\u0142adane Wi\u0105zane z Boku Czarne Spodnie Przek\u0142adane Wi\u0105zane z Boku Karen to prawdziwy hit tego sezonu. Idealnie komponuj\u0105 si\u0119 z naszymi bluzkami\u00a0 np. modelem Sasha tworz\u0105c niepowtarzalny komplet idealny na wiosn\u0119 i letnie dni. Uzupe\u0142nij swoj\u0105 garderob\u0119 o bawe\u0142niane spodnie. W przypadku dalszych pyta\u0144 dotycz\u0105cych tego produktu, nie wahaj si\u0119 skontaktowa\u0107 z nami telefonicznie<\/p>\n<div class=\"klb-readmore post-buttons\"><a class=\"button black outline size-sm\" href=\"https:\/\/madelinefashion.pl\/en\/product\/spodnie-przekladane-wiazane-z-boku-czarne\/\">Read More <i class=\"klbth-icon-right-arrow\"><\/i><\/a><\/div>","protected":false},"featured_media":45136,"template":"","meta":[],"product_brand":[],"product_cat":[83],"product_tag":[475],"class_list":{"0":"post-7251","1":"product","2":"type-product","3":"status-publish","4":"has-post-thumbnail","6":"product_cat-spodnie","7":"product_tag-spodnie-dlugie","8":"pa_rozmiar-34-42-38-2","10":"first","11":"outofstock","12":"purchasable","13":"product-type-simple"},"_links":{"self":[{"href":"https:\/\/madelinefashion.pl\/en\/wp-json\/wp\/v2\/product\/7251","targetHints":{"allow":["GET"]}}],"collection":[{"href":"https:\/\/madelinefashion.pl\/en\/wp-json\/wp\/v2\/product"}],"about":[{"href":"https:\/\/madelinefashion.pl\/en\/wp-json\/wp\/v2\/types\/product"}],"wp:featuredmedia":[{"embeddable":true,"href":"https:\/\/madelinefashion.pl\/en\/wp-json\/wp\/v2\/media\/45136"}],"wp:attachment":[{"href":"https:\/\/madelinefashion.pl\/en\/wp-json\/wp\/v2\/media?parent=7251"}],"wp:term":[{"taxonomy":"product_brand","embeddable":true,"href":"https:\/\/madelinefashion.pl\/en\/wp-json\/wp\/v2\/product_brand?post=7251"},{"taxonomy":"product_cat","embeddable":true,"href":"https:\/\/madelinefashion.pl\/en\/wp-json\/wp\/v2\/product_cat?post=7251"},{"taxonomy":"product_tag","embeddable":true,"href":"https:\/\/madelinefashion.pl\/en\/wp-json\/wp\/v2\/product_tag?post=7251"}],"curies":[{"name":"wp","href":"https:\/\/api.w.org\/{rel}","templated":true}]}}