{"id":72796,"date":"2023-01-05T10:59:06","date_gmt":"2023-01-05T09:59:06","guid":{"rendered":"https:\/\/madelinefashion.pl\/?post_type=product&#038;p=72796"},"modified":"2026-03-07T13:46:47","modified_gmt":"2026-03-07T12:46:47","slug":"sukienka-cekinowa-z-wycieciem-clarissa-fioletowa","status":"publish","type":"product","link":"https:\/\/madelinefashion.pl\/en\/product\/sukienka-cekinowa-z-wycieciem-clarissa-fioletowa\/","title":{"rendered":"Sequin Dress with Cutout Clarissa Purple"},"content":{"rendered":"<h3 style=\"text-align: center;\">Sequin Dress with Cutout Clarissa Purple<\/h3>\n<p style=\"text-align: center;\">Beautiful sequin dress, fitted to the body. Put it on for a special occasion and make no one pass by you indifferently. The dress has sewn pads on the shoulders, you can adjust its length, because it has sewn elastic bands on the sides. A long-sleeved dress with a cut-out at the waist, which beautifully emphasizes feminine shapes. <strong>The size is UNIVERSAL\u00a0<\/strong>\u00a0recommended for ladies wearing XS, S, M, L\u00a0<strong>,<\/strong>\u00a0but we recommend\u00a0<strong>accurate measurement\u00a0<\/strong>according to the dimension table below. Available in our e-shop in several color variants, so do not hesitate and choose the one that is perfect for you.<\/p>\n<h3 style=\"text-align: center;\">Dress dimensions<\/h3>\n<ul>\n<li style=\"text-align: center;\">total length min: 80 cm<\/li>\n<li style=\"text-align: center;\">total length max: 98 cm<br \/>\nsleeve length from the shoulder: 61 cm<\/li>\n<li style=\"text-align: center;\">sleeve length from the armpit: 50 cm<\/li>\n<li style=\"text-align: center;\">width from armpit to armpit: 37-45cm<\/li>\n<li style=\"text-align: center;\">waist width: 26 - 36 cm<br \/>\nwidth at the hips: 33 - 42 cm<\/li>\n<\/ul>\n<p>&nbsp;<\/p>\n<p style=\"text-align: center;\">Dimensions may slightly differ from the given +\/- 2cm. All dimensions given are measured flat. X2 dimension<\/p>\n<p style=\"text-align: center;\"><strong>\u00a0<\/strong><\/p>\n<table style=\"height: 197px;\" width=\"662\">\n<tbody>\n<tr>\n<td width=\"302\">Model name<\/td>\n<td width=\"302\">Clarissa<\/td>\n<\/tr>\n<tr>\n<td width=\"302\">Color<\/td>\n<td width=\"302\">Violet<\/td>\n<\/tr>\n<tr>\n<td width=\"302\">Collection<\/td>\n<td width=\"302\">Fall \/ Winter \/ Spring \/ Summer<\/td>\n<\/tr>\n<tr>\n<td width=\"302\">Sizes<\/td>\n<td width=\"302\">Universal<\/td>\n<\/tr>\n<tr>\n<td width=\"302\">Fashion<\/td>\n<td width=\"302\">Fitted \/ Elastic \/ Asymmetrical<\/td>\n<\/tr>\n<tr>\n<td width=\"302\">Decoration<\/td>\n<td width=\"302\">Sequins<\/td>\n<\/tr>\n<\/tbody>\n<\/table>\n<p>&nbsp;<\/p>\n<section class=\"page-product-box\">\n<div class=\"rte\">\n<p style=\"text-align: center;\">The model has\u00a0<strong>169<\/strong>\u00a0cm tall, wears a size every day\u00a0<strong>S.<\/strong><\/p>\n<p style=\"text-align: center;\">The width at the bust is 92 cm<\/p>\n<p style=\"text-align: center;\">Waist width 62 cm<\/p>\n<p style=\"text-align: center;\">The width at the hips is 94 cm<\/p>\n<p>&nbsp;<\/p>\n<p style=\"text-align: center;\">\n<\/div>\n<\/section>","protected":false},"excerpt":{"rendered":"<p>Sukienka Cekinowa z Wyci\u0119ciem Clarissa Fioletowa Pi\u0119kna cekinowa sukienka, dopasowana do cia\u0142a Za\u0142\u00f3\u017c j\u0105 na wyj\u0105tkow\u0105 okazj\u0119 i spraw, \u017ce nikt nie przejdzie obok Ciebie oboj\u0119tnie. Sukienka posiada wszyte poduszeczki na ramionach, mo\u017cna regulowa\u0107 jej d\u0142ugo\u015b\u0107, poniewa\u017c posiada po bokach wszyte gumki. Sukienka na d\u0142ugi r\u0119kaw z wyci\u0119ciem w\u00a0 talii co pi\u0119knie podkre\u015bla kobiece kszta\u0142ty.<\/p>\n<div class=\"klb-readmore post-buttons\"><a class=\"button black outline size-sm\" href=\"https:\/\/madelinefashion.pl\/en\/product\/sukienka-cekinowa-z-wycieciem-clarissa-fioletowa\/\">Read More <i class=\"klbth-icon-right-arrow\"><\/i><\/a><\/div>","protected":false},"featured_media":72787,"template":"","meta":[],"product_brand":[],"product_cat":[80,124,558],"product_tag":[504,262],"class_list":{"0":"post-72796","1":"product","2":"type-product","3":"status-publish","4":"has-post-thumbnail","6":"product_cat-sukienki-i-kombinezony","7":"product_cat-sukienki-okolicznosciowe","8":"product_cat-sukienki-cekinowe","9":"product_tag-party-time","10":"product_tag-sukienki-krotkie","12":"first","13":"instock","14":"sale","15":"purchasable","16":"product-type-simple"},"_links":{"self":[{"href":"https:\/\/madelinefashion.pl\/en\/wp-json\/wp\/v2\/product\/72796","targetHints":{"allow":["GET"]}}],"collection":[{"href":"https:\/\/madelinefashion.pl\/en\/wp-json\/wp\/v2\/product"}],"about":[{"href":"https:\/\/madelinefashion.pl\/en\/wp-json\/wp\/v2\/types\/product"}],"wp:featuredmedia":[{"embeddable":true,"href":"https:\/\/madelinefashion.pl\/en\/wp-json\/wp\/v2\/media\/72787"}],"wp:attachment":[{"href":"https:\/\/madelinefashion.pl\/en\/wp-json\/wp\/v2\/media?parent=72796"}],"wp:term":[{"taxonomy":"product_brand","embeddable":true,"href":"https:\/\/madelinefashion.pl\/en\/wp-json\/wp\/v2\/product_brand?post=72796"},{"taxonomy":"product_cat","embeddable":true,"href":"https:\/\/madelinefashion.pl\/en\/wp-json\/wp\/v2\/product_cat?post=72796"},{"taxonomy":"product_tag","embeddable":true,"href":"https:\/\/madelinefashion.pl\/en\/wp-json\/wp\/v2\/product_tag?post=72796"}],"curies":[{"name":"wp","href":"https:\/\/api.w.org\/{rel}","templated":true}]}}