{"id":7283,"date":"2021-04-02T00:04:17","date_gmt":"2021-04-01T22:04:17","guid":{"rendered":"https:\/\/madelinefashion.pl\/?post_type=product&#038;p=7283"},"modified":"2025-10-01T07:35:30","modified_gmt":"2025-10-01T05:35:30","slug":"spodnie-z-wysokim-stanem-z-lancuszkiem-bezowe","status":"publish","type":"product","link":"https:\/\/madelinefashion.pl\/en\/product\/spodnie-z-wysokim-stanem-z-lancuszkiem-bezowe\/","title":{"rendered":"High Waist Pants with Chain Beige"},"content":{"rendered":"<h3 style=\"text-align: center;\">High Waist Pants with Chain Beige<\/h3>\n<p style=\"text-align: center;\">High Waisted Pants with Chain Waist is real <strong>hit of this season<\/strong>. They blend in perfectly with our blouses, e.g. a model <strong><a href=\"https:\/\/madelinefashion.pl\/en\/?s=Koszula+Krata+Honey&amp;post_type=product\">Honey<\/a> <\/strong>creating<strong> a unique set<\/strong> perfect for spring, summer and autumn days. Complete your wardrobe with the best-selling pants. High-waisted trousers made of a pleasant, lightweight material that is great to stretch. The pants have an ornament in the form of <strong>gold-colored chain<\/strong>\u00a0 in waist.<br \/>\nThey have two pockets on the sides in the style of cargo pants and <strong>welt<\/strong> at the bottom of the legs. If you have any further questions about this product, please do not hesitate to contact us by phone or help <a href=\"https:\/\/www.facebook.com\/madelinefashionbutik\" target=\"_blank\" rel=\"noopener\">Facebook<\/a> . Follow the new trends with <strong>Madelinefashion.\u00a0\u00a0<\/strong>The universal size is recommended for ladies wearing <strong>SML XL\u00a0<\/strong> <b>XXL - elastic waist. Perfectly fit the figure.<\/b><\/p>\n<h3 style=\"text-align: center;\">Pants dimensions:<\/h3>\n<ul style=\"text-align: center;\">\n<li>Overall length: 94 cm<\/li>\n<li>Inside leg length: 63 cm<\/li>\n<li>Waist width: 32-45 cm (x2)<\/li>\n<li>waist: 32 cm<\/li>\n<\/ul>\n<p>&nbsp;<\/p>\n<p style=\"text-align: center;\">Dimensions may be slightly different from the given +\/- 2cm. All pod<\/p>\n<p>&nbsp;<\/p>\n<p style=\"text-align: center;\"><strong>Perfectly fits every figure<\/strong><\/p>\n<p style=\"text-align: center;\">","protected":false},"excerpt":{"rendered":"<p>Spodnie z Wysokim Stanem z \u0141a\u0144cuszkiem Be\u017cowe Spodnie z Wysokim Stanem z \u0141a\u0144cuszkiem w Pasie to prawdziwy hit tego sezonu. Idealnie komponuj\u0105 si\u0119 z naszymi bluzkami\u00a0 np. modelem Honey tworz\u0105c niepowtarzalny komplet idealny na wiosn\u0119, lato i jesienne dni. Uzupe\u0142nij swoj\u0105 garderob\u0119 o bestsellerowe spodnie . Spodnie z wysokim stanem z przyjemnego, lekkiego materia\u0142u, kt\u00f3ry<\/p>\n<div class=\"klb-readmore post-buttons\"><a class=\"button black outline size-sm\" href=\"https:\/\/madelinefashion.pl\/en\/product\/spodnie-z-wysokim-stanem-z-lancuszkiem-bezowe\/\">Read More <i class=\"klbth-icon-right-arrow\"><\/i><\/a><\/div>","protected":false},"featured_media":7272,"template":"","meta":[],"product_brand":[],"product_cat":[83],"product_tag":[475],"class_list":{"0":"post-7283","1":"product","2":"type-product","3":"status-publish","4":"has-post-thumbnail","6":"product_cat-spodnie","7":"product_tag-spodnie-dlugie","8":"pa_rozmiar-34-42-38-2","10":"first","11":"instock","12":"purchasable","13":"product-type-simple"},"_links":{"self":[{"href":"https:\/\/madelinefashion.pl\/en\/wp-json\/wp\/v2\/product\/7283","targetHints":{"allow":["GET"]}}],"collection":[{"href":"https:\/\/madelinefashion.pl\/en\/wp-json\/wp\/v2\/product"}],"about":[{"href":"https:\/\/madelinefashion.pl\/en\/wp-json\/wp\/v2\/types\/product"}],"wp:featuredmedia":[{"embeddable":true,"href":"https:\/\/madelinefashion.pl\/en\/wp-json\/wp\/v2\/media\/7272"}],"wp:attachment":[{"href":"https:\/\/madelinefashion.pl\/en\/wp-json\/wp\/v2\/media?parent=7283"}],"wp:term":[{"taxonomy":"product_brand","embeddable":true,"href":"https:\/\/madelinefashion.pl\/en\/wp-json\/wp\/v2\/product_brand?post=7283"},{"taxonomy":"product_cat","embeddable":true,"href":"https:\/\/madelinefashion.pl\/en\/wp-json\/wp\/v2\/product_cat?post=7283"},{"taxonomy":"product_tag","embeddable":true,"href":"https:\/\/madelinefashion.pl\/en\/wp-json\/wp\/v2\/product_tag?post=7283"}],"curies":[{"name":"wp","href":"https:\/\/api.w.org\/{rel}","templated":true}]}}