{"id":72853,"date":"2023-01-05T12:52:51","date_gmt":"2023-01-05T11:52:51","guid":{"rendered":"https:\/\/madelinefashion.pl\/?post_type=product&#038;p=72853"},"modified":"2026-03-26T12:39:51","modified_gmt":"2026-03-26T11:39:51","slug":"sukienka-cekinowa-maxi-z-rozcieciem-alisson-czarna","status":"publish","type":"product","link":"https:\/\/madelinefashion.pl\/en\/product\/sukienka-cekinowa-maxi-z-rozcieciem-alisson-czarna\/","title":{"rendered":"Alisson Sequin Maxi Slit Dress Black"},"content":{"rendered":"<h3 style=\"text-align: center;\">Alisson Sequin Maxi Slit Dress Black<\/h3>\n<p style=\"text-align: center;\">Beautiful sequin dress fitted to the body. Put it on for a special occasion and make that no one will pass by you indifferently. The model with long sleeves, in the maxi version to the ground, has a slit that adds sex appeal and an elastic band at the waist, which beautifully emphasizes the frigua. The dress has a lining. In combination with your favorite high heels, you will create a unique look. The dress has a lining.\u00a0 <strong>The size is UNIVERSAL\u00a0<\/strong>\u00a0recommended for ladies wearing XS, S, M, L\u00a0<strong>,<\/strong>\u00a0but we recommend\u00a0<strong>accurate measurement\u00a0<\/strong>according to the dimension table below. Available in our e-shop in several color variants, so do not hesitate and choose the one that is perfect for you.<\/p>\n<h3 style=\"text-align: center;\">Dress dimensions<\/h3>\n<ul style=\"text-align: center;\">\n<li>total length 135 cm<\/li>\n<li>sleeve length from shoulder 60 cm<\/li>\n<li>sleeve length from the armpit 48 cm<\/li>\n<li>width from armpit to armpit: 40-47 cm<\/li>\n<li>waist width: 37-44 cm<\/li>\n<li>waist width 34-42cm<\/li>\n<li><\/li>\n<\/ul>\n<p style=\"text-align: center;\">Dimensions may slightly differ from the given +\/- 2cm. All dimensions given are measured flat. <strong>X2 dimension<\/strong><\/p>\n<p style=\"text-align: center;\"><strong>\u00a0<\/strong><\/p>\n<table style=\"height: 175px;\" width=\"690\">\n<tbody>\n<tr>\n<td width=\"302\">Model name<\/td>\n<td width=\"302\">Alisson<\/td>\n<\/tr>\n<tr>\n<td width=\"302\">Color<\/td>\n<td width=\"302\">Black<\/td>\n<\/tr>\n<tr>\n<td width=\"302\">Collection<\/td>\n<td width=\"302\">Fall \/ Winter \/ Spring<\/td>\n<\/tr>\n<tr>\n<td width=\"302\">Sizes<\/td>\n<td width=\"302\">Universal<\/td>\n<\/tr>\n<tr>\n<td width=\"302\">Fashion<\/td>\n<td width=\"302\">Fitted \/ Flexible<\/td>\n<\/tr>\n<tr>\n<td width=\"302\">Material<\/td>\n<td width=\"302\">50 % Polyester 45% Viscose 5% Elastane<\/td>\n<\/tr>\n<\/tbody>\n<\/table>\n<section class=\"page-product-box\">\n<div class=\"rte\">\n<p style=\"text-align: center;\">The model has\u00a0<strong>169<\/strong>\u00a0cm tall, wears a size every day\u00a0<strong>S.<\/strong><\/p>\n<p style=\"text-align: center;\">The width at the bust is 92 cm<\/p>\n<p style=\"text-align: center;\">Waist width 62 cm<\/p>\n<p style=\"text-align: center;\">The width at the hips is 94 cm<\/p>\n<\/div>\n<\/section>","protected":false},"excerpt":{"rendered":"<p>Sukienka Cekinowa Maxi z Rozci\u0119ciem Alisson Czarna Pi\u0119kna cekinowa sukienka dopasowana do cia\u0142a.\u00a0 Za\u0142\u00f3\u017c j\u0105 na wyj\u0105tkow\u0105 okazj\u0119 i spraw, \u017ce nikt nie przejdzie obok Ciebie oboj\u0119tnie. Model na d\u0142ugi r\u0119kaw, w wersji maxi do ziemi, posiada rozci\u0119cie kt\u00f3re dodaje seksapilu oraz gumk\u0119 w talii co pi\u0119knie podkre\u015bla firgu\u0119. Sukienka posiada podszewk\u0119. W zestawieniu z<\/p>\n<div class=\"klb-readmore post-buttons\"><a class=\"button black outline size-sm\" href=\"https:\/\/madelinefashion.pl\/en\/product\/sukienka-cekinowa-maxi-z-rozcieciem-alisson-czarna\/\">Read More <i class=\"klbth-icon-right-arrow\"><\/i><\/a><\/div>","protected":false},"featured_media":72817,"template":"","meta":[],"product_brand":[],"product_cat":[124,395,559,558],"product_tag":[163],"class_list":{"0":"post-72853","1":"product","2":"type-product","3":"status-publish","4":"has-post-thumbnail","6":"product_cat-sukienki-okolicznosciowe","7":"product_cat-nowosci","8":"product_cat-noworoczna-sekcja-okazji","9":"product_cat-sukienki-cekinowe","10":"product_tag-sukienki-dlugie","12":"first","13":"instock","14":"sale","15":"purchasable","16":"product-type-simple"},"_links":{"self":[{"href":"https:\/\/madelinefashion.pl\/en\/wp-json\/wp\/v2\/product\/72853","targetHints":{"allow":["GET"]}}],"collection":[{"href":"https:\/\/madelinefashion.pl\/en\/wp-json\/wp\/v2\/product"}],"about":[{"href":"https:\/\/madelinefashion.pl\/en\/wp-json\/wp\/v2\/types\/product"}],"wp:featuredmedia":[{"embeddable":true,"href":"https:\/\/madelinefashion.pl\/en\/wp-json\/wp\/v2\/media\/72817"}],"wp:attachment":[{"href":"https:\/\/madelinefashion.pl\/en\/wp-json\/wp\/v2\/media?parent=72853"}],"wp:term":[{"taxonomy":"product_brand","embeddable":true,"href":"https:\/\/madelinefashion.pl\/en\/wp-json\/wp\/v2\/product_brand?post=72853"},{"taxonomy":"product_cat","embeddable":true,"href":"https:\/\/madelinefashion.pl\/en\/wp-json\/wp\/v2\/product_cat?post=72853"},{"taxonomy":"product_tag","embeddable":true,"href":"https:\/\/madelinefashion.pl\/en\/wp-json\/wp\/v2\/product_tag?post=72853"}],"curies":[{"name":"wp","href":"https:\/\/api.w.org\/{rel}","templated":true}]}}