{"id":7308,"date":"2021-04-02T00:55:40","date_gmt":"2021-04-01T22:55:40","guid":{"rendered":"https:\/\/madelinefashion.pl\/?post_type=product&#038;p=7308"},"modified":"2025-10-01T07:35:29","modified_gmt":"2025-10-01T05:35:29","slug":"spodnie-z-lancuszkiem-z-boku-mali-czarne","status":"publish","type":"product","link":"https:\/\/madelinefashion.pl\/en\/product\/spodnie-z-lancuszkiem-z-boku-mali-czarne\/","title":{"rendered":"Pants with Side Chain Mali Black"},"content":{"rendered":"<h3 style=\"text-align: center;\">Pants with Side Chain Mali Black<\/h3>\n<p style=\"text-align: center;\"><strong>Chain Pants <\/strong>from the Side Mali Beige<strong> hit of this season<\/strong>. They blend in perfectly with ours <a href=\"https:\/\/madelinefashion.pl\/en\/?s=xeni&post_type=product\">blouses<\/a> or bodami<strong>\u00a0<\/strong>creating<strong> a unique set<\/strong> perfect for spring, summer and autumn days. Complete your wardrobe with the best-selling pants. High-waisted sweatpants made of a pleasant, lightweight material that is great to stretch. The pants have an ornament in the form <strong>gold-colored chain<\/strong>\u00a0 on the sides of the pants. Chain pants made of cotton are the perfect basis for many timeless styles. They have two pockets and <strong>welt<\/strong> na dole nogawek oraz w Pasie \u2013 dzi\u0119ki czemu idealnie dopasowuj\u0105 si\u0119 do sylwetki. W przypadku dalszych pyta\u0144 dotycz\u0105cych tego produktu, nie wahaj si\u0119 skontaktowa\u0107 z nami telefonicznie lub za pomoc\u0105 <a href=\"https:\/\/www.facebook.com\/madelinefashionbutik\" target=\"_blank\" rel=\"noopener\">Facebook<\/a> . Follow the new trends with <strong>Madelinefashion.\u00a0\u00a0<\/strong>The universal size is recommended for ladies wearing <strong>XS<\/strong> <strong>SML XL <\/strong><b>\u00a0\u2013 gumka w pasie. <\/b>Available in our store in several color variants.<\/p>\n<p style=\"text-align: center;\"><b>\u00a0<\/b><\/p>\n<h3 style=\"text-align: center;\">Pants dimensions:<\/h3>\n<ul style=\"text-align: center;\">\n<li>Overall length: 97 cm<\/li>\n<li>Inside leg length: 80 cm<\/li>\n<li>Waist width: 32-44 cm (x2)<\/li>\n<li>waist: 32 cm<\/li>\n<\/ul>\n<p>\u00a0<\/p>\n<p style=\"text-align: center;\">Dimensions may be slightly different from the given +\/- 2cm. All pod<\/p>\n<p>\u00a0<\/p>\n<div class=\"tabs tabs-bb clear mb-80\">\n<div class=\"tab-content\">\n<div id=\"tab-description\" class=\"tab-pane fade in woocommerce-Tabs-panel--description active\">\n<p style=\"text-align: center;\">\u00a0The model has\u00a0<strong>175<\/strong>\u00a0cm tall, wears a size every day\u00a0<strong>S.<\/strong><\/p>\n<\/div>\n<\/div>\n<\/div>\n<section class=\"up-sells upsells products mb-80\"><\/section>\n<p style=\"text-align: center;\">","protected":false},"excerpt":{"rendered":"<p>Mali Black Side Chain Pants. Mali Beige Side Chain Pants are a hit this season. They pair perfectly with our blouses and bodysuits, creating a unique set perfect for spring, summer, and fall days. Complete your wardrobe with these bestselling pants. High-waisted sweatpants made of a comfortable, lightweight fabric that stretches beautifully.<\/p>\n<div class=\"klb-readmore post-buttons\"><a class=\"button black outline size-sm\" href=\"https:\/\/madelinefashion.pl\/en\/product\/spodnie-z-lancuszkiem-z-boku-mali-czarne\/\">Read More <i class=\"klbth-icon-right-arrow\"><\/i><\/a><\/div>","protected":false},"featured_media":7297,"template":"","meta":[],"product_brand":[],"product_cat":[83],"product_tag":[475],"class_list":{"0":"post-7308","1":"product","2":"type-product","3":"status-publish","4":"has-post-thumbnail","6":"product_cat-spodnie","7":"product_tag-spodnie-dlugie","8":"pa_rozmiar-34-42-38-2","10":"first","11":"outofstock","12":"purchasable","13":"product-type-simple"},"_links":{"self":[{"href":"https:\/\/madelinefashion.pl\/en\/wp-json\/wp\/v2\/product\/7308","targetHints":{"allow":["GET"]}}],"collection":[{"href":"https:\/\/madelinefashion.pl\/en\/wp-json\/wp\/v2\/product"}],"about":[{"href":"https:\/\/madelinefashion.pl\/en\/wp-json\/wp\/v2\/types\/product"}],"wp:featuredmedia":[{"embeddable":true,"href":"https:\/\/madelinefashion.pl\/en\/wp-json\/wp\/v2\/media\/7297"}],"wp:attachment":[{"href":"https:\/\/madelinefashion.pl\/en\/wp-json\/wp\/v2\/media?parent=7308"}],"wp:term":[{"taxonomy":"product_brand","embeddable":true,"href":"https:\/\/madelinefashion.pl\/en\/wp-json\/wp\/v2\/product_brand?post=7308"},{"taxonomy":"product_cat","embeddable":true,"href":"https:\/\/madelinefashion.pl\/en\/wp-json\/wp\/v2\/product_cat?post=7308"},{"taxonomy":"product_tag","embeddable":true,"href":"https:\/\/madelinefashion.pl\/en\/wp-json\/wp\/v2\/product_tag?post=7308"}],"curies":[{"name":"wp","href":"https:\/\/api.w.org\/{rel}","templated":true}]}}