{"id":733,"date":"2019-02-09T11:01:59","date_gmt":"2019-02-09T10:01:59","guid":{"rendered":"http:\/\/serwer2078743.home.pl\/?post_type=product&#038;p=733"},"modified":"2026-01-15T12:43:44","modified_gmt":"2026-01-15T11:43:44","slug":"plaszcz-brudny-roz-dlugi-z-flauszu","status":"publish","type":"product","link":"https:\/\/madelinefashion.pl\/en\/product\/plaszcz-brudny-roz-dlugi-z-flauszu\/","title":{"rendered":"Long Powder Pink Coat with fleece"},"content":{"rendered":"<h3 style=\"text-align: center;\">Long Powder Pink Coat with fleece<\/h3>\n<p style=\"text-align: center;\">Color coat <strong>Powder Pink<\/strong>\u00a0this <strong>must-have<\/strong> in every woman&#039;s wardrobe! It is the perfect complement to many styles. It is a combination of elegance, modernity and functionality - Powder<strong> coat <\/strong>will work in any styling. <strong>Wrap coat\u00a0<\/strong>\u00a0is a universal product - you can easily use it for different\u00a0\u00a0<strong>styling:<\/strong>\u00a0 elegant and sporty,\u00a0<strong>it will be perfect at any time of the year<\/strong>, not only\u00a0<strong>in spring, in autumn<\/strong>\u00a0if\u00a0<strong>winter<\/strong>. Made of fleece makes it perfectly arranged. The coat is perfect for any occasion. Powder pink, also known as heather, is a color that allows you to add energy to any styling.<\/p>\n<h3 style=\"text-align: center;\">The coat is perfect for any occasion<\/h3>\n<p style=\"text-align: center;\">Powder pink - this color is real <strong>a sales hit<\/strong> , the choice of many women. The color adds character to the cloak, but also allows it to be adapted to different styles, due to the fact that the colors are subdued, elegant and chic. Size <strong>universal <\/strong>\u00a0recommended for ladies wearing size\u00a0<strong>S, M, L, XL<\/strong> which is a huge advantage of this model. In the offer <strong>we have<\/strong> <strong>also<\/strong> bigger <strong>PLUS SIZE<\/strong> recommended for ladies in size <strong>44,46,48,50<\/strong>\u00a0. The coat is also available in others <strong>color variants<\/strong> - we encourage you to familiarize yourself with our other products. If you cannot decide which color or size is best for you, please contact us via Facebook or by phone.<\/p>\n<h3 style=\"text-align: center;\">Long coat dimensions:<\/h3>\n<ul style=\"text-align: center;\">\n<li>total length back: 90 cm<\/li>\n<li>width from armpit to armpit: 52 cm<\/li>\n<li>sleeve length from the shoulder: 62 cm<\/li>\n<li>sleeve length from armpit: 47 cm<\/li>\n<li>recommended maximum bust circumference: 125-130 cm<\/li>\n<li>bicep width: 36 cm<\/li>\n<\/ul>\n<p style=\"text-align: center;\">Dimensions may slightly differ from the given +\/- 2cm. All dimensions given are measured flat.<\/p>\n<p style=\"text-align: center;\"><strong>One size fits all, recommended for SML XL\u00a0\u00a0<\/strong><\/p>\n<table width=\"608\">\n<tbody>\n<tr>\n<td width=\"302\">Model name<\/td>\n<td width=\"302\">Envelope fleece coat<\/td>\n<\/tr>\n<tr>\n<td width=\"302\">Color<\/td>\n<td width=\"302\">Powder pink<\/td>\n<\/tr>\n<tr>\n<td width=\"302\">Collection<\/td>\n<td width=\"302\">Spring \/ Autumn \/ Winter<\/td>\n<\/tr>\n<tr>\n<td width=\"302\">Sizes<\/td>\n<td width=\"302\">Universal<\/td>\n<\/tr>\n<tr>\n<td width=\"302\">Fashion<\/td>\n<td width=\"302\">Oversize<\/td>\n<\/tr>\n<tr>\n<td width=\"302\">Hood<\/td>\n<td width=\"302\">Without the hood<\/td>\n<\/tr>\n<tr>\n<td width=\"302\">Warmed up<\/td>\n<td width=\"302\">Uninsulated<\/td>\n<\/tr>\n<tr>\n<td width=\"302\">Material<\/td>\n<td width=\"302\">Petersham<\/td>\n<\/tr>\n<\/tbody>\n<\/table>\n<p>&nbsp;<\/p>\n<p style=\"text-align: center;\">The model has\u00a0<strong>169<\/strong>\u00a0cm tall, wears a size every day\u00a0<strong>S.<\/strong><\/p>\n<p style=\"text-align: center;\">The width at the bust is 92 cm<\/p>\n<p style=\"text-align: center;\">Waist width 62 cm<\/p>\n<p style=\"text-align: center;\">The width at the hips is 94 cm<\/p>","protected":false},"excerpt":{"rendered":"<p>P\u0142aszcz Pudrowy R\u00f3\u017c D\u0142ugi z Flauszu P\u0142aszcz w kolorze Pudrowego R\u00f3\u017cu\u00a0to must-have w szafie ka\u017cdej kobiety! Jest to idealne dope\u0142nienie wielu stylizacji. Jest to po\u0142\u0105czenie elegancji, nowoczesno\u015bci i funkcjonalno\u015bci \u2013 Pudrowy p\u0142aszczyk sprawdzi si\u0119 w ka\u017cdej stylizacji . P\u0142aszcz kopertowy\u00a0\u00a0jest uniwersalnym produktem- z \u0142atwo\u015bci\u0105 wykorzystasz go do r\u00f3\u017cnych\u00a0\u00a0stylizacji:\u00a0 eleganckich i tych sportowych ,\u00a0\u015bwietnie sprawdzi si\u0119<\/p>\n<div class=\"klb-readmore post-buttons\"><a class=\"button black outline size-sm\" href=\"https:\/\/madelinefashion.pl\/en\/product\/plaszcz-brudny-roz-dlugi-z-flauszu\/\">Read More <i class=\"klbth-icon-right-arrow\"><\/i><\/a><\/div>","protected":false},"featured_media":81619,"template":"","meta":[],"product_brand":[],"product_cat":[120,279],"product_tag":[510],"class_list":{"0":"post-733","1":"product","2":"type-product","3":"status-publish","4":"has-post-thumbnail","6":"product_cat-plaszcze-dlugie","7":"product_cat-plaszcze-wiosenne","8":"product_tag-plaszcze-flauszowe","10":"first","11":"outofstock","12":"sale","13":"purchasable","14":"product-type-simple"},"_links":{"self":[{"href":"https:\/\/madelinefashion.pl\/en\/wp-json\/wp\/v2\/product\/733","targetHints":{"allow":["GET"]}}],"collection":[{"href":"https:\/\/madelinefashion.pl\/en\/wp-json\/wp\/v2\/product"}],"about":[{"href":"https:\/\/madelinefashion.pl\/en\/wp-json\/wp\/v2\/types\/product"}],"wp:featuredmedia":[{"embeddable":true,"href":"https:\/\/madelinefashion.pl\/en\/wp-json\/wp\/v2\/media\/81619"}],"wp:attachment":[{"href":"https:\/\/madelinefashion.pl\/en\/wp-json\/wp\/v2\/media?parent=733"}],"wp:term":[{"taxonomy":"product_brand","embeddable":true,"href":"https:\/\/madelinefashion.pl\/en\/wp-json\/wp\/v2\/product_brand?post=733"},{"taxonomy":"product_cat","embeddable":true,"href":"https:\/\/madelinefashion.pl\/en\/wp-json\/wp\/v2\/product_cat?post=733"},{"taxonomy":"product_tag","embeddable":true,"href":"https:\/\/madelinefashion.pl\/en\/wp-json\/wp\/v2\/product_tag?post=733"}],"curies":[{"name":"wp","href":"https:\/\/api.w.org\/{rel}","templated":true}]}}