{"id":73650,"date":"2023-01-13T12:51:31","date_gmt":"2023-01-13T11:51:31","guid":{"rendered":"https:\/\/madelinefashion.pl\/?post_type=product&#038;p=73650"},"modified":"2026-03-05T17:03:02","modified_gmt":"2026-03-05T16:03:02","slug":"tunika-swiateczna-christmas-zielona","status":"publish","type":"product","link":"https:\/\/madelinefashion.pl\/en\/product\/tunika-swiateczna-christmas-zielona\/","title":{"rendered":"Christmas Green Tunic"},"content":{"rendered":"<h3 style=\"text-align: center;\">Christmas Green Tunic<\/h3>\n<p style=\"text-align: center;\"><strong>Christmas Tunic\u00a0 <\/strong>is a model with Christmas patterns, perfect for Christmas meetings.<strong> Sweater tunic <\/strong>\u00a0This beautiful model is made of the highest quality yarn, which thanks to a precise processing process adds softness, softness and maximum comfort. <b>Tunic\u00a0 <\/b>in one universal size recommended for <b>Mr<\/b>\u00a0wearing a size\u00a0<b>S, M, L, XL<\/b>\u00a0It will attract attention and you will be\u00a0<b>look amazing<\/b>. Holidays are almost here, so it&#039;s high time to think about preparations, also those related to refreshing your wardrobe. In our store you will find <strong>Christmas clothes<\/strong>that will make you feel again <strong>the magic of Christmas.<\/strong> <strong>Festive character <\/strong>it will work both on a daily basis<strong>, <\/strong>and during dinner <strong>Christmas Eve.\u00a0<\/strong><\/p>\n<h3 style=\"text-align: center;\">Dress dimensions:<\/h3>\n<ul>\n<li style=\"text-align: center;\">Width from armpit to armpit 41-52 cm<\/li>\n<li style=\"text-align: center;\">Total length 90 cm<\/li>\n<li style=\"text-align: center;\">Sleeve length 43 cm<\/li>\n<li style=\"text-align: center;\"><\/li>\n<\/ul>\n<p style=\"text-align: center;\">Dimensions may slightly differ from the given +\/- 2cm. All dimensions given are measured flat.<strong>\u00a0<\/strong><\/p>\n<table style=\"height: 216px;\" width=\"732\">\n<tbody>\n<tr>\n<td width=\"302\">Model name<\/td>\n<td width=\"302\">Christmas<\/td>\n<\/tr>\n<tr>\n<td width=\"302\">Collection<\/td>\n<td width=\"302\">Spring \/ Autumn \/ Winter<\/td>\n<\/tr>\n<tr>\n<td width=\"302\">Sizes<\/td>\n<td width=\"302\">Universal SML XL<\/td>\n<\/tr>\n<tr>\n<td width=\"302\">Composition<\/td>\n<td width=\"302\">100% Acrylic<\/td>\n<\/tr>\n<tr>\n<td width=\"302\">Color<\/td>\n<td width=\"302\">Green<\/td>\n<\/tr>\n<tr>\n<td width=\"302\">Cleavage<\/td>\n<td width=\"302\">Round<\/td>\n<\/tr>\n<\/tbody>\n<\/table>\n<p style=\"text-align: center;\">The model has\u00a0<strong>169<\/strong>\u00a0cm tall, wears a size every day\u00a0<strong>S.<\/strong><\/p>\n<p style=\"text-align: center;\">The width at the bust is 92 cm<\/p>\n<p style=\"text-align: center;\">Waist width 62 cm<\/p>\n<p style=\"text-align: center;\">The width at the hips is 94 cm<\/p>","protected":false},"excerpt":{"rendered":"<p>Tunika \u015awi\u0105teczna Christmas Zielona Tunika \u015awi\u0105teczna Christmas\u00a0 to model o \u015bwi\u0105tecznych wzorach, idealnie sprawdzi si\u0119 podczas \u015bwi\u0105tecznych spotka\u0144. Tunika Sweterkowa \u00a0to pi\u0119kny model wykonany jest z najwy\u017cszej jako\u015bci prz\u0119dzy, kt\u00f3ra dzi\u0119ki precyzyjnemu procesowi obr\u00f3bki dodaje mi\u0119kko\u015bci, mi\u0119kko\u015bci i maksymalnego komfortu. Tunika\u00a0 w rozmiarze uniwersalnym zalecanym dla Pa\u0144\u00a0nosz\u0105cych rozmiar\u00a0S, M, L , XL\u00a0Przyci\u0105gnie uwag\u0119 i b\u0119dziesz\u00a0wygl\u0105da\u0107<\/p>\n<div class=\"klb-readmore post-buttons\"><a class=\"button black outline size-sm\" href=\"https:\/\/madelinefashion.pl\/en\/product\/tunika-swiateczna-christmas-zielona\/\">Read More <i class=\"klbth-icon-right-arrow\"><\/i><\/a><\/div>","protected":false},"featured_media":73613,"template":"","meta":[],"product_brand":[],"product_cat":[158],"product_tag":[473,296,505],"class_list":{"0":"post-73650","1":"product","2":"type-product","3":"status-publish","4":"has-post-thumbnail","6":"product_cat-sukienki-sweterkowe","7":"product_tag-kolekcja-swiateczna","8":"product_tag-tuniki","9":"product_tag-tunika-swiateczna","11":"first","12":"instock","13":"sale","14":"purchasable","15":"product-type-simple"},"_links":{"self":[{"href":"https:\/\/madelinefashion.pl\/en\/wp-json\/wp\/v2\/product\/73650","targetHints":{"allow":["GET"]}}],"collection":[{"href":"https:\/\/madelinefashion.pl\/en\/wp-json\/wp\/v2\/product"}],"about":[{"href":"https:\/\/madelinefashion.pl\/en\/wp-json\/wp\/v2\/types\/product"}],"wp:featuredmedia":[{"embeddable":true,"href":"https:\/\/madelinefashion.pl\/en\/wp-json\/wp\/v2\/media\/73613"}],"wp:attachment":[{"href":"https:\/\/madelinefashion.pl\/en\/wp-json\/wp\/v2\/media?parent=73650"}],"wp:term":[{"taxonomy":"product_brand","embeddable":true,"href":"https:\/\/madelinefashion.pl\/en\/wp-json\/wp\/v2\/product_brand?post=73650"},{"taxonomy":"product_cat","embeddable":true,"href":"https:\/\/madelinefashion.pl\/en\/wp-json\/wp\/v2\/product_cat?post=73650"},{"taxonomy":"product_tag","embeddable":true,"href":"https:\/\/madelinefashion.pl\/en\/wp-json\/wp\/v2\/product_tag?post=73650"}],"curies":[{"name":"wp","href":"https:\/\/api.w.org\/{rel}","templated":true}]}}