{"id":7385,"date":"2021-04-02T12:12:46","date_gmt":"2021-04-02T10:12:46","guid":{"rendered":"https:\/\/madelinefashion.pl\/?post_type=product&#038;p=7385"},"modified":"2025-09-09T10:36:55","modified_gmt":"2025-09-09T08:36:55","slug":"sukienka-wiazana-na-kilka-sposobow-bezowy-barcelona","status":"publish","type":"product","link":"https:\/\/madelinefashion.pl\/en\/product\/sukienka-wiazana-na-kilka-sposobow-bezowy-barcelona\/","title":{"rendered":"Dress Tied In Several Ways Beige Barcelona"},"content":{"rendered":"<h3 style=\"text-align: center;\">Dress Tied In Several Ways Beige Barcelona<\/h3>\n<p style=\"text-align: center;\"><span style=\"vertical-align: inherit;\"><span style=\"vertical-align: inherit;\"><strong>Elegant dress tied in several ways Barcelona\u00a0<\/strong> is a best-selling hit in our store. S.<\/span><span style=\"vertical-align: inherit;\">the rights that no one will pass by you indifferently.<strong> A unique maxi dress tied in many ways is a perfect proposition for spring and summer. The dress is very elegant, which is why it guarantees a stylish look.<\/strong>\u00a0 Made of pleasant to the touch material. C.<\/span><\/span>a love creates remarkable <strong>styling<\/strong>, perfect for warm spring and summer days, both during holidays and in the hustle and bustle of the city. <strong>B\u0119dziesz zachwycona, idealny fason stanowi\u0105cy \u2013 jeden MODEL \u2013 wiele MO\u017bLIWO\u015aCI.<\/strong> Comfortable to wear in a sophisticated style must be in your wardrobe. <strong>B<\/strong><b>very sexy, feminine Dress.<\/b>\u00a0Recommended for ladies wearing Size <strong>XS SML XL.\u00a0 <\/strong>Available in our<strong> store in several variants <a href=\"https:\/\/madelinefashion.pl\/en\/product-tag\/kombinezony\/\">color<\/a>.\u00a0<\/strong><\/p>\n<p>\u00a0<\/p>\n<h3 style=\"text-align: center;\"><span style=\"vertical-align: inherit;\">Dimensions :<\/span><\/h3>\n<p align=\"center\">D\u0142ugo\u015b\u0107 Ca\u0142kowita \u2013 153 cm<br \/>\nWaist width -29 cm -45 cm<br \/>\nTotal length from the waist 120 cm<\/p>\n<p style=\"text-align: center;\"><span style=\"vertical-align: inherit;\"><span style=\"vertical-align: inherit;\">Dimensions may vary from the given +\/- 2cm. <\/span><span style=\"vertical-align: inherit;\">All dimensions given are measured flat.<\/span><\/span><\/p>\n<h3 style=\"text-align: center;\"><span style=\"vertical-align: inherit;\"><span style=\"vertical-align: inherit;\">Product characteristics:<br \/>\n<\/span><\/span><\/h3>\n<p style=\"text-align: center;\"><span style=\"vertical-align: inherit;\"><span style=\"vertical-align: inherit;\"><br \/>\n-possibility of binding in several ways<br \/>\n-elegant<br \/>\n-pleasant material<br \/>\n-fashionable cut<br \/>\n- elastic waist<br \/>\n-high quality of the material<br \/>\n-comfortable<br \/>\n-maxi<\/span><\/span><\/p>\n<table style=\"height: 184px;\" width=\"661\">\n<tbody>\n<tr>\n<td width=\"302\">Model name<\/td>\n<td width=\"302\">Dress Tied In Several Ways<\/td>\n<\/tr>\n<tr>\n<td width=\"302\">Color<\/td>\n<td width=\"302\">Beige<\/td>\n<\/tr>\n<tr>\n<td width=\"302\">Collection<\/td>\n<td width=\"302\">Spring Summer Autumn<\/td>\n<\/tr>\n<tr>\n<td width=\"302\">Sizes<\/td>\n<td width=\"302\">Universal<\/td>\n<\/tr>\n<tr>\n<td width=\"302\">Cleavage<\/td>\n<td width=\"302\">Envelope<\/td>\n<\/tr>\n<tr>\n<td width=\"302\">Length<\/td>\n<td width=\"302\">Maxi<\/td>\n<\/tr>\n<tr>\n<td width=\"302\">Material<\/td>\n<td width=\"302\">95% Polyester 5% Elastane<\/td>\n<\/tr>\n<\/tbody>\n<\/table>\n<div class=\"tabs tabs-bb clear mb-80\">\n<div class=\"tab-content\">\n<div id=\"tab-description\" class=\"tab-pane fade in woocommerce-Tabs-panel--description active\">\n<p style=\"text-align: center;\">\u00a0The model has <strong>165<\/strong> cm tall, wears a size every day\u00a0<strong>S.<\/strong><\/p>\n<\/div>\n<\/div>\n<\/div>\n<section class=\"related products mb-80\"><\/section>\n<section class=\"page-product-box\">\n<div class=\"rte\">\n<p style=\"text-align: center;\">\n<\/div>\n<\/section>","protected":false},"excerpt":{"rendered":"<p>Sukienka Wi\u0105zana Na Kilka Sposob\u00f3w Be\u017cowy Barcelona Elegancka sukienka wi\u0105zany na kilka sposob\u00f3w Barcelona\u00a0 to bestsellerowy hit w naszym sklepie. Spraw, \u017ce nikt nie przejdzie obok Ciebie oboj\u0119tnie. Wyj\u0105tkowa sukienka maxi wi\u0105zana na wiele sposob\u00f3w to idealna propozycja na wiosn\u0119 i lato.\u00a0 Sukienka jest bardzo elegancka, dlatego zagwarantuje Ci szykowny look.\u00a0 Wykonana z przyjemnego w<\/p>\n<div class=\"klb-readmore post-buttons\"><a class=\"button black outline size-sm\" href=\"https:\/\/madelinefashion.pl\/en\/product\/sukienka-wiazana-na-kilka-sposobow-bezowy-barcelona\/\">Read More <i class=\"klbth-icon-right-arrow\"><\/i><\/a><\/div>","protected":false},"featured_media":7375,"template":"","meta":[],"product_brand":[],"product_cat":[125,124],"product_tag":[],"class_list":{"0":"post-7385","1":"product","2":"type-product","3":"status-publish","4":"has-post-thumbnail","6":"product_cat-sukienki","7":"product_cat-sukienki-okolicznosciowe","9":"first","10":"outofstock","11":"purchasable","12":"product-type-simple"},"_links":{"self":[{"href":"https:\/\/madelinefashion.pl\/en\/wp-json\/wp\/v2\/product\/7385","targetHints":{"allow":["GET"]}}],"collection":[{"href":"https:\/\/madelinefashion.pl\/en\/wp-json\/wp\/v2\/product"}],"about":[{"href":"https:\/\/madelinefashion.pl\/en\/wp-json\/wp\/v2\/types\/product"}],"wp:featuredmedia":[{"embeddable":true,"href":"https:\/\/madelinefashion.pl\/en\/wp-json\/wp\/v2\/media\/7375"}],"wp:attachment":[{"href":"https:\/\/madelinefashion.pl\/en\/wp-json\/wp\/v2\/media?parent=7385"}],"wp:term":[{"taxonomy":"product_brand","embeddable":true,"href":"https:\/\/madelinefashion.pl\/en\/wp-json\/wp\/v2\/product_brand?post=7385"},{"taxonomy":"product_cat","embeddable":true,"href":"https:\/\/madelinefashion.pl\/en\/wp-json\/wp\/v2\/product_cat?post=7385"},{"taxonomy":"product_tag","embeddable":true,"href":"https:\/\/madelinefashion.pl\/en\/wp-json\/wp\/v2\/product_tag?post=7385"}],"curies":[{"name":"wp","href":"https:\/\/api.w.org\/{rel}","templated":true}]}}