{"id":74036,"date":"2023-01-17T10:18:23","date_gmt":"2023-01-17T09:18:23","guid":{"rendered":"https:\/\/madelinefashion.pl\/?post_type=product&#038;p=74036"},"modified":"2026-03-26T12:39:46","modified_gmt":"2026-03-26T11:39:46","slug":"sukienka-dopasowana-islandia-czarno-zlota-rybka","status":"publish","type":"product","link":"https:\/\/madelinefashion.pl\/en\/product\/sukienka-dopasowana-islandia-czarno-zlota-rybka\/","title":{"rendered":"Fitted Dress Iceland Black Gold - Fish"},"content":{"rendered":"<h3 style=\"text-align: center;\">Fitted Dress Iceland Black Gold - Fish<\/h3>\n<p style=\"text-align: center;\"><span style=\"font-size: 10pt;\">Beautiful long evening dress decorated with sequins in the form of sparkling crystals. It beautifully displays feminine shapes. Long dress with a neckline <strong>in the style of a fish. <\/strong>See our offer <strong><a href=\"https:\/\/madelinefashion.pl\/en\/sukienki-i-kombinezony\/sukienki-okolicznosciowe\/\">evening dresses<\/a>\u00a0and select a model, <\/strong>in which you will be <strong>look like a star and you will stand out from the crowd. The maxi dress shimmers fabulously in the light of the lamps. <\/strong>One cannot be indifferent to her.<strong> Dress in maxi version to the ground.<\/strong><\/span><span style=\"font-size: 10pt;\"><strong> Long Black and gold<\/strong>\u00a0the dress has cups sewn in at the front, so you do not need to wear a bra.\u00a0 <strong>\u00a0And the slit on the side adds a whole lot of sex appeal.\u00a0 <\/strong>Made and sewn in Poland. <strong>Iceland dress <\/strong>\u00a0available <\/span><span style=\"font-size: 10pt;\">\u00a0in sizes <strong>34, 36, 38,40<\/strong> . Dresses <strong>Pretty Women<\/strong> is an excellent choice for a wedding, prom, New Year&#039;s Eve and other elegant special events. Available in our e-shop in several color variants, so do not hesitate and choose the one that is perfect for you. If you can&#039;t decide which color, <strong>size<\/strong> is the best for you, <strong>contact us<\/strong> through <a href=\"https:\/\/www.facebook.com\/madelinefashionbutik\" target=\"_blank\" rel=\"noopener\">Facebook<\/a> or <a href=\"https:\/\/madelinefashion.pl\/en\/kontakt\/\">phone<\/a>. If the size is not available on the website, please contact us.\u00a0 <strong>In the information after purchase, you can enter your dimensions<\/strong> Waist and Bust we will choose the right size for you !!\u00a0<\/span><\/p>\n<h3 style=\"text-align: center;\">DRESS DIMENSIONS:<\/h3>\n<p>&nbsp;<\/p>\n<table width=\"556\">\n<tbody>\n<tr>\n<td><strong>SIZE<\/strong><\/td>\n<td><strong>Bust<\/strong><\/td>\n<td><strong>Waist<\/strong><\/td>\n<td><strong>Hips<\/strong><\/td>\n<\/tr>\n<tr>\n<td><strong>34<\/strong><\/td>\n<td>84-86<\/td>\n<td>64-68<\/td>\n<td>\u00a082-90<\/td>\n<\/tr>\n<tr>\n<td><strong>36<\/strong><\/td>\n<td>88-90<\/td>\n<td>68-72<\/td>\n<td>\u00a086-92<\/td>\n<\/tr>\n<tr>\n<td><strong>38<\/strong><\/td>\n<td>92-94<\/td>\n<td>72-76<\/td>\n<td>\u00a090-96<\/td>\n<\/tr>\n<tr>\n<td><strong>40<\/strong><\/td>\n<td>96-98<\/td>\n<td>76-80<\/td>\n<td>\u00a094-106<\/td>\n<\/tr>\n<\/tbody>\n<\/table>\n<p style=\"text-align: center;\">total length approx. 157 cm<\/p>\n<p style=\"text-align: center;\">The dress is also available in other colors - see our other products.<\/p>\n<p style=\"text-align: center;\">Dimensions may slightly differ from the given +\/- 2cm.<\/p>\n<p style=\"text-align: center;\"><strong>\u00a0<\/strong><\/p>\n<p>&nbsp;<\/p>\n<table>\n<tbody>\n<tr>\n<td width=\"302\">Model name<\/td>\n<td width=\"302\">Fit Dress Iceland<\/td>\n<\/tr>\n<tr>\n<td width=\"302\">Color<\/td>\n<td width=\"302\"><span style=\"font-size: 13.3333px;\">Black and Gold<\/span><\/td>\n<\/tr>\n<tr>\n<td width=\"302\">Mark<\/td>\n<td width=\"302\">Pretty Women<\/td>\n<\/tr>\n<tr>\n<td width=\"302\">Sizes<\/td>\n<td width=\"302\">34 36 38 40<\/td>\n<\/tr>\n<tr>\n<td width=\"302\">Fashion<\/td>\n<td width=\"302\">Matched<\/td>\n<\/tr>\n<tr>\n<td width=\"302\">Material<\/td>\n<td width=\"302\">Viscose, Polyester, Cotton<\/td>\n<\/tr>\n<tr>\n<td width=\"302\">Length<\/td>\n<td width=\"302\">To the ground<\/td>\n<\/tr>\n<\/tbody>\n<\/table>\n<p>&nbsp;<\/p>\n<p style=\"text-align: center;\">In order to match\u00a0<strong>perfect dresses<\/strong>\u00a0we invite you to contact us by phone or via our facebook.<br \/>\nOur team will help\u00a0<strong>Choose the right one<\/strong>\u00a0.\u00a0<strong>We can make each dress at the request of the buyer\u00a0<\/strong><strong>measure carefully.\u00a0<\/strong><\/p>\n<div class=\"additional-details\">\n<p style=\"text-align: center;\">\n<\/div>","protected":false},"excerpt":{"rendered":"<p>Sukienka Dopasowana Islandia Czarno Z\u0142ota &#8211; Rybka Pi\u0119kna d\u0142uga suknia wieczorowa zdobiona cekinami w postaci mieni\u0105cych si\u0119 kryszta\u0142k\u00f3w. Pi\u0119knie eksponuje kobiece kszta\u0142ty. D\u0142uga suknia z dekoltem w stylu rybka. Zapoznaj si\u0119 z nasz\u0105 ofert\u0105 sukni wieczorowych\u00a0i wybierz model, w kt\u00f3rej b\u0119dziesz wygl\u0105da\u0107 jak gwiazda\u00a0i wyr\u00f3\u017cnisz si\u0119 z t\u0142umu.\u00a0 Suknia maxi bajecznie mieni si\u0119 w \u015bwietle<\/p>\n<div class=\"klb-readmore post-buttons\"><a class=\"button black outline size-sm\" href=\"https:\/\/madelinefashion.pl\/en\/product\/sukienka-dopasowana-islandia-czarno-zlota-rybka\/\">Read More <i class=\"klbth-icon-right-arrow\"><\/i><\/a><\/div>","protected":false},"featured_media":74031,"template":"","meta":[],"product_brand":[],"product_cat":[124,395,559,558],"product_tag":[213,257,163,445],"class_list":{"0":"post-74036","1":"product","2":"type-product","3":"status-publish","4":"has-post-thumbnail","6":"product_cat-sukienki-okolicznosciowe","7":"product_cat-nowosci","8":"product_cat-noworoczna-sekcja-okazji","9":"product_cat-sukienki-cekinowe","10":"product_tag-sukienka-czarna","11":"product_tag-madelinefashion","12":"product_tag-sukienki-dlugie","13":"product_tag-sukienki-zlote","15":"first","16":"instock","17":"sale","18":"purchasable","19":"product-type-variable"},"_links":{"self":[{"href":"https:\/\/madelinefashion.pl\/en\/wp-json\/wp\/v2\/product\/74036","targetHints":{"allow":["GET"]}}],"collection":[{"href":"https:\/\/madelinefashion.pl\/en\/wp-json\/wp\/v2\/product"}],"about":[{"href":"https:\/\/madelinefashion.pl\/en\/wp-json\/wp\/v2\/types\/product"}],"wp:featuredmedia":[{"embeddable":true,"href":"https:\/\/madelinefashion.pl\/en\/wp-json\/wp\/v2\/media\/74031"}],"wp:attachment":[{"href":"https:\/\/madelinefashion.pl\/en\/wp-json\/wp\/v2\/media?parent=74036"}],"wp:term":[{"taxonomy":"product_brand","embeddable":true,"href":"https:\/\/madelinefashion.pl\/en\/wp-json\/wp\/v2\/product_brand?post=74036"},{"taxonomy":"product_cat","embeddable":true,"href":"https:\/\/madelinefashion.pl\/en\/wp-json\/wp\/v2\/product_cat?post=74036"},{"taxonomy":"product_tag","embeddable":true,"href":"https:\/\/madelinefashion.pl\/en\/wp-json\/wp\/v2\/product_tag?post=74036"}],"curies":[{"name":"wp","href":"https:\/\/api.w.org\/{rel}","templated":true}]}}