{"id":7447,"date":"2021-04-02T15:16:42","date_gmt":"2021-04-02T13:16:42","guid":{"rendered":"https:\/\/madelinefashion.pl\/?post_type=product&#038;p=7447"},"modified":"2024-03-14T18:46:36","modified_gmt":"2024-03-14T17:46:36","slug":"komplet-bluza-spodnie-queen-bialy","status":"publish","type":"product","link":"https:\/\/madelinefashion.pl\/en\/product\/komplet-bluza-spodnie-queen-bialy\/","title":{"rendered":"Set of Sweatshirt + Pants Queen White"},"content":{"rendered":"<h3 style=\"text-align: center;\">Set of Sweatshirt + Pants Queen White<\/h3>\n<p style=\"text-align: center;\"><strong>A phenomenal tracksuit set<\/strong> made of very good quality, soft and <strong>enjoyable<\/strong> in touch <strong>material<\/strong>. Tracksuit decorated with the inscription Queen - on the sleeves, the front of the sweatshirt and on the pants on the bottom. Set<strong> with fastening <\/strong>To half<strong> sweatshirt with a zipper <\/strong>is a perfect proposition for those who love to feel comfortable on a daily basis, and at the same time to feel a friendly and soft touch. The set is made of high-quality material - it is very pleasant to the touch and very delicate on the inside.<br \/>\n<strong><span lang=\"en-us\" xml:lang=\"en-us\">Pants can be worn with a blouse or can also be combined with <\/span><\/strong><a href=\"https:\/\/madelinefashion.pl\/en\/casual-clothes\/t-shirty\/\"><span lang=\"en-us\" xml:lang=\"en-us\">shirt<\/span><\/a><strong><span lang=\"en-us\" xml:lang=\"en-us\"> and create the perfect everyday, casual look. <\/span><\/strong>The tracksuit is made of high-quality material. Pants have two pockets as well <strong>drawstring at the waist<\/strong> Set available in <strong>lovely colors<\/strong>that are perfect for the upcoming season. A set in a universal size recommended for ladies in size <strong>SML XL<\/strong> .<br \/>\nYou absolutely must have this set in <strong>your wardrobe<\/strong>!<\/p>\n<h3 style=\"text-align: center;\">\u00a0 \u00a0 \u00a0Dimensions :<\/h3>\n<p align=\"center\"><strong>Hoodie:<\/strong><br \/>\nTotal front length - 57 cm<br \/>\nTotal length back - 61 cm<br \/>\nWidth from armpit to armpit - 53-60 cm<br \/>\nWaist width -41-52 cm<br \/>\nSleeve length from armpit - 47 cm<\/p>\n<p align=\"center\"><strong>Pants :<\/strong><br \/>\nTotal length -96 cm<br \/>\nInside leg length - 66 cm<br \/>\nWaist - 30 cm<br \/>\nWaist width - 32-50 cm<br \/>\nThe width of the hips - 47-54 cm<\/p>\n<p style=\"text-align: center;\">Dimensions may slightly differ from the given +\/- 2cm. <strong>All dimensions given are measured flat x2\u00a0<\/strong><\/p>\n<h3 style=\"text-align: center;\">Product characteristics:<\/h3>\n<p align=\"center\">-pants<br \/>\n-hoodie<br \/>\n-light material<br \/>\n- trousers with drawstring<br \/>\n-loose<br \/>\n-convenient<br \/>\n-pants have pockets<br \/>\n-Queen<br \/>\n-lock<\/p>\n<table width=\"615\">\n<tbody>\n<tr>\n<td width=\"302\">Model name<\/td>\n<td width=\"302\">Set: Sweatshirt + Queen Pants<\/td>\n<\/tr>\n<tr>\n<td width=\"302\">Color<\/td>\n<td width=\"302\">White<\/td>\n<\/tr>\n<tr>\n<td width=\"302\">Sizes<\/td>\n<td width=\"302\">Universal<\/td>\n<\/tr>\n<tr>\n<td width=\"302\">Fashion<\/td>\n<td width=\"302\">Loose<\/td>\n<\/tr>\n<tr>\n<td width=\"302\">Material<\/td>\n<td width=\"302\">90% Cotton 10% Elastane<\/td>\n<\/tr>\n<\/tbody>\n<\/table>\n<p>&nbsp;<\/p>\n<div class=\"tabs tabs-bb clear mb-80\">\n<div class=\"tab-content\">\n<div id=\"tab-description\" class=\"tab-pane fade in woocommerce-Tabs-panel--description active\">\n<div class=\"tabs tabs-bb clear mb-80\">\n<div class=\"tab-content\">\n<div id=\"tab-description\" class=\"tab-pane fade in woocommerce-Tabs-panel--description active\">\n<p style=\"text-align: center;\">\u00a0The model has\u00a0<strong>165<\/strong>\u00a0cm tall, wears a size every day\u00a0<strong>S.<\/strong><\/p>\n<\/div>\n<\/div>\n<\/div>\n<section class=\"related products mb-80\"><\/section>\n<section class=\"page-product-box\">\n<div class=\"rte\">\n<p>&nbsp;<\/p>\n<\/div>\n<\/section>\n<\/div>\n<\/div>\n<\/div>\n<section class=\"up-sells upsells products mb-80\"><\/section>\n<p>&nbsp;<\/p>\n<p style=\"text-align: center;\">","protected":false},"excerpt":{"rendered":"<p>Komplet Bluza + Spodnie Queen Bia\u0142y Fenomenalny Komplet dresowy wykonany z bardzo dobrej jako\u015bci, mi\u0119kkiego i przyjemnego w dotyku materia\u0142u. Dres ozdobiony Napisem Queen &#8211; na r\u0119kawach, przodzie bluzy oraz na spodniach na pupie. Komplet z zapinan\u0105 do po\u0142owy bluz\u0105 na zamek to doskona\u0142a propozycja dla tych, kt\u00f3re uwielbiaj\u0105 na co dzie\u0144 mie\u0107 poczucie komfortu,<\/p>\n<div class=\"klb-readmore post-buttons\"><a class=\"button black outline size-sm\" href=\"https:\/\/madelinefashion.pl\/en\/product\/komplet-bluza-spodnie-queen-bialy\/\">Read More <i class=\"klbth-icon-right-arrow\"><\/i><\/a><\/div>","protected":false},"featured_media":7436,"template":"","meta":[],"product_brand":[],"product_cat":[89],"product_tag":[282],"class_list":{"0":"post-7447","1":"product","2":"type-product","3":"status-publish","4":"has-post-thumbnail","6":"product_cat-komplety","7":"product_tag-komplety-dresowe","8":"pa_rozmiar-s-m","9":"pa_rozmiar-l-xl","11":"first","12":"instock","13":"purchasable","14":"product-type-simple"},"_links":{"self":[{"href":"https:\/\/madelinefashion.pl\/en\/wp-json\/wp\/v2\/product\/7447","targetHints":{"allow":["GET"]}}],"collection":[{"href":"https:\/\/madelinefashion.pl\/en\/wp-json\/wp\/v2\/product"}],"about":[{"href":"https:\/\/madelinefashion.pl\/en\/wp-json\/wp\/v2\/types\/product"}],"wp:featuredmedia":[{"embeddable":true,"href":"https:\/\/madelinefashion.pl\/en\/wp-json\/wp\/v2\/media\/7436"}],"wp:attachment":[{"href":"https:\/\/madelinefashion.pl\/en\/wp-json\/wp\/v2\/media?parent=7447"}],"wp:term":[{"taxonomy":"product_brand","embeddable":true,"href":"https:\/\/madelinefashion.pl\/en\/wp-json\/wp\/v2\/product_brand?post=7447"},{"taxonomy":"product_cat","embeddable":true,"href":"https:\/\/madelinefashion.pl\/en\/wp-json\/wp\/v2\/product_cat?post=7447"},{"taxonomy":"product_tag","embeddable":true,"href":"https:\/\/madelinefashion.pl\/en\/wp-json\/wp\/v2\/product_tag?post=7447"}],"curies":[{"name":"wp","href":"https:\/\/api.w.org\/{rel}","templated":true}]}}