{"id":75042,"date":"2023-01-26T10:34:16","date_gmt":"2023-01-26T09:34:16","guid":{"rendered":"https:\/\/madelinefashion.pl\/?post_type=product&#038;p=75042"},"modified":"2026-03-01T12:58:15","modified_gmt":"2026-03-01T11:58:15","slug":"czapka-alpaka-zimowa-z-pomponem-biala","status":"publish","type":"product","link":"https:\/\/madelinefashion.pl\/en\/product\/czapka-alpaka-zimowa-z-pomponem-biala\/","title":{"rendered":"Alpaca Winter Hat with Pompom White"},"content":{"rendered":"<h3 style=\"text-align: center;\">Alpaca Winter Hat with Pompom White<\/h3>\n<ul style=\"text-align: center;\">\n<li>The hat is made of warm, nice materials<\/li>\n<li>Autumn \/ winter hat with fleece lining<\/li>\n<li>A perfect proposition for the upcoming cold days.<\/li>\n<li>Very pleasant to use.<\/li>\n<li>Polish product<\/li>\n<li>Recommended for children from 3 years of age and adults<\/li>\n<\/ul>\n<h3 style=\"text-align: center;\">Cap dimensions:<\/h3>\n<ul style=\"text-align: center;\">\n<li>Universal size,<\/li>\n<li>Comfortable, does not compress the head, freely adjusts to its shape,<\/li>\n<li>Hat height: 24 cm,<\/li>\n<li>Cap circumference: 2 x 23 cm (measured flat)<\/li>\n<li>The maximum circumference of the hat is 54cm<\/li>\n<li><\/li>\n<\/ul>\n<table class=\"aligncenter\" style=\"margin-left: auto; margin-right: auto; height: 192px;\" width=\"611\">\n<tbody>\n<tr>\n<td width=\"302\">Model<\/td>\n<td width=\"302\">Winter Alpaca Hat with Pompom<\/td>\n<\/tr>\n<tr>\n<td width=\"302\">Color<\/td>\n<td width=\"302\">White<\/td>\n<\/tr>\n<tr>\n<td width=\"302\">Collection<\/td>\n<td width=\"302\">Spring \/ Fall \/ Winter<\/td>\n<\/tr>\n<tr>\n<td width=\"302\">Sizes<\/td>\n<td width=\"302\">Universal<\/td>\n<\/tr>\n<tr>\n<td width=\"302\">Kids<\/td>\n<td width=\"302\">from 3 years<\/td>\n<\/tr>\n<tr>\n<td width=\"302\">Warmed up<\/td>\n<td width=\"302\">Fleece<\/td>\n<\/tr>\n<tr>\n<td width=\"302\"><\/td>\n<td width=\"302\"><\/td>\n<\/tr>\n<\/tbody>\n<\/table>\n<p style=\"text-align: center;\">","protected":false},"excerpt":{"rendered":"<p>Czapka Alpaka Zimowa z Pomponem Bia\u0142a Czapka wykonana jest z ciep\u0142ego, mi\u0142ego materia\u0142y Czapka Jesienno-zimowa podszyta polarem Idealna propozycja na nadchodz\u0105ce ch\u0142odne dni. Bardzo\u00a0 przyjemna w u\u017cytkowaniu. Produkt Polski Zalecana dla Dzieci od lat 3 i na osoby doros\u0142e Wymiary czapka: Rozmiar uniwersalny, Wygodna, nie uciska g\u0142owy, swobodnie dopasowuje si\u0119 do jej kszta\u0142tu, Wysoko\u015b\u0107 czapki:<\/p>\n<div class=\"klb-readmore post-buttons\"><a class=\"button black outline size-sm\" href=\"https:\/\/madelinefashion.pl\/en\/product\/czapka-alpaka-zimowa-z-pomponem-biala\/\">Read More <i class=\"klbth-icon-right-arrow\"><\/i><\/a><\/div>","protected":false},"featured_media":74502,"template":"","meta":[],"product_brand":[],"product_cat":[115],"product_tag":[],"class_list":{"0":"post-75042","1":"product","2":"type-product","3":"status-publish","4":"has-post-thumbnail","6":"product_cat-czapki","8":"first","9":"instock","10":"sale","11":"purchasable","12":"product-type-simple"},"_links":{"self":[{"href":"https:\/\/madelinefashion.pl\/en\/wp-json\/wp\/v2\/product\/75042","targetHints":{"allow":["GET"]}}],"collection":[{"href":"https:\/\/madelinefashion.pl\/en\/wp-json\/wp\/v2\/product"}],"about":[{"href":"https:\/\/madelinefashion.pl\/en\/wp-json\/wp\/v2\/types\/product"}],"wp:featuredmedia":[{"embeddable":true,"href":"https:\/\/madelinefashion.pl\/en\/wp-json\/wp\/v2\/media\/74502"}],"wp:attachment":[{"href":"https:\/\/madelinefashion.pl\/en\/wp-json\/wp\/v2\/media?parent=75042"}],"wp:term":[{"taxonomy":"product_brand","embeddable":true,"href":"https:\/\/madelinefashion.pl\/en\/wp-json\/wp\/v2\/product_brand?post=75042"},{"taxonomy":"product_cat","embeddable":true,"href":"https:\/\/madelinefashion.pl\/en\/wp-json\/wp\/v2\/product_cat?post=75042"},{"taxonomy":"product_tag","embeddable":true,"href":"https:\/\/madelinefashion.pl\/en\/wp-json\/wp\/v2\/product_tag?post=75042"}],"curies":[{"name":"wp","href":"https:\/\/api.w.org\/{rel}","templated":true}]}}