{"id":75071,"date":"2023-01-26T11:16:28","date_gmt":"2023-01-26T10:16:28","guid":{"rendered":"https:\/\/madelinefashion.pl\/?post_type=product&#038;p=75071"},"modified":"2026-03-01T12:58:14","modified_gmt":"2026-03-01T11:58:14","slug":"komplet-alpaka-czapka-z-pomponem-komin-ciemny-bez","status":"publish","type":"product","link":"https:\/\/madelinefashion.pl\/en\/product\/komplet-alpaka-czapka-z-pomponem-komin-ciemny-bez\/","title":{"rendered":"Set Alpaca Hat With Pompom + Chimney Dark Beige"},"content":{"rendered":"<h3 style=\"text-align: center;\">Set Alpaca Hat With Pompom + Chimney Dark Beige<\/h3>\n<p><strong>A warm chimney cap with a nice fur lining inside<\/strong>.\u00a0<strong>Hat<\/strong> <strong> and chimney <\/strong>are decorated with fashionable this season -<strong>\u00a0letters GG<\/strong>. It adds an unusual character to the cap <strong>pompon<\/strong> with nice hair. This proposal will be perfect for colder days.<\/p>\n<h3 style=\"text-align: center;\">Cap dimensions:<\/h3>\n<ul style=\"text-align: center;\">\n<li>Universal size,<\/li>\n<li>Comfortable, does not compress the head, freely adjusts to its shape,<\/li>\n<li>Hat height: 24 cm,<\/li>\n<li>Cap circumference: 2 x 23 cm (measured flat)<\/li>\n<li>The maximum circumference of the hat is 54cm<\/li>\n<li><\/li>\n<\/ul>\n<table class=\"aligncenter\" style=\"margin-left: auto; margin-right: auto; height: 192px;\" width=\"611\">\n<tbody>\n<tr>\n<td width=\"302\">Model<\/td>\n<td width=\"302\">Set Alpaca Hat With Pompom + Chimney<\/td>\n<\/tr>\n<tr>\n<td width=\"302\">Color<\/td>\n<td width=\"302\">Dark Beige<\/td>\n<\/tr>\n<tr>\n<td width=\"302\">Collection<\/td>\n<td width=\"302\">Spring \/ Fall \/ Winter<\/td>\n<\/tr>\n<tr>\n<td width=\"302\">Sizes<\/td>\n<td width=\"302\">Universal<\/td>\n<\/tr>\n<tr>\n<td width=\"302\">Kids<\/td>\n<td width=\"302\">from 3 years<\/td>\n<\/tr>\n<tr>\n<td width=\"302\">Warmed up<\/td>\n<td width=\"302\">Fleece<\/td>\n<\/tr>\n<tr>\n<td width=\"302\"><\/td>\n<td width=\"302\"><\/td>\n<\/tr>\n<\/tbody>\n<\/table>\n<p style=\"text-align: center;\">","protected":false},"excerpt":{"rendered":"<p>Komplet Alpaka Czapka Z Pomponem + Komin Ciemny Be\u017c Ciep\u0142a czapka z kominem z mi\u0142\u0105, futrzan\u0105 podszewk\u0105 w \u015brodku.\u00a0Czapka i komin zdobione s\u0105 modnymi w tym sezonie &#8211;\u00a0literkami GG. Niezwyk\u0142ego charakteru czapce dodaje pompon z mi\u0142ego w\u0142osia. Ta propozycja sprawdzi si\u0119 idealnie na ch\u0142odniejsze dni. Wymiary czapka: Rozmiar uniwersalny, Wygodna, nie uciska g\u0142owy, swobodnie dopasowuje<\/p>\n<div class=\"klb-readmore post-buttons\"><a class=\"button black outline size-sm\" href=\"https:\/\/madelinefashion.pl\/en\/product\/komplet-alpaka-czapka-z-pomponem-komin-ciemny-bez\/\">Read More <i class=\"klbth-icon-right-arrow\"><\/i><\/a><\/div>","protected":false},"featured_media":74490,"template":"","meta":[],"product_brand":[],"product_cat":[115],"product_tag":[],"class_list":{"0":"post-75071","1":"product","2":"type-product","3":"status-publish","4":"has-post-thumbnail","6":"product_cat-czapki","8":"first","9":"instock","10":"sale","11":"purchasable","12":"product-type-simple"},"_links":{"self":[{"href":"https:\/\/madelinefashion.pl\/en\/wp-json\/wp\/v2\/product\/75071","targetHints":{"allow":["GET"]}}],"collection":[{"href":"https:\/\/madelinefashion.pl\/en\/wp-json\/wp\/v2\/product"}],"about":[{"href":"https:\/\/madelinefashion.pl\/en\/wp-json\/wp\/v2\/types\/product"}],"wp:featuredmedia":[{"embeddable":true,"href":"https:\/\/madelinefashion.pl\/en\/wp-json\/wp\/v2\/media\/74490"}],"wp:attachment":[{"href":"https:\/\/madelinefashion.pl\/en\/wp-json\/wp\/v2\/media?parent=75071"}],"wp:term":[{"taxonomy":"product_brand","embeddable":true,"href":"https:\/\/madelinefashion.pl\/en\/wp-json\/wp\/v2\/product_brand?post=75071"},{"taxonomy":"product_cat","embeddable":true,"href":"https:\/\/madelinefashion.pl\/en\/wp-json\/wp\/v2\/product_cat?post=75071"},{"taxonomy":"product_tag","embeddable":true,"href":"https:\/\/madelinefashion.pl\/en\/wp-json\/wp\/v2\/product_tag?post=75071"}],"curies":[{"name":"wp","href":"https:\/\/api.w.org\/{rel}","templated":true}]}}