{"id":751,"date":"2019-02-09T11:30:39","date_gmt":"2019-02-09T10:30:39","guid":{"rendered":"http:\/\/serwer2078743.home.pl\/?post_type=product&#038;p=751"},"modified":"2026-01-15T12:43:43","modified_gmt":"2026-01-15T11:43:43","slug":"plaszcz-musztardowy-jasny-krotki-z-flauszu","status":"publish","type":"product","link":"https:\/\/madelinefashion.pl\/en\/product\/plaszcz-musztardowy-jasny-krotki-z-flauszu\/","title":{"rendered":"Light Mustard Short Coat made of Fleece"},"content":{"rendered":"<h3 style=\"text-align: center;\">Light Mustard Short Coat made of Fleece<\/h3>\n<p style=\"text-align: center;\">Energetic Mustard color - liven up your style not only in spring! Neon clothes reign on the catwalks, will you also choose this color? The color of mustard, also often referred to as burnt yellow, is one of the colors that dominate the popularity rankings in autumn.<\/p>\n<p style=\"text-align: center;\"><strong>Short from fleece<\/strong> this <strong>ideal\u00a0<\/strong>suggestion on\u00a0<strong>spring, autumn<\/strong>\u00a0and delicate\u00a0<strong>winter<\/strong>. It is a combination of elegance, modernity and functionality - Beige coat fits every figure. The coat is universal - it is appropriate for any occasion, it will be perfect for any occasion\u00a0<strong>time of year<\/strong>Additionally, the fact that it is made of fleece makes it fit perfectly.<\/p>\n<h3 style=\"text-align: center;\">The coat is perfect for any occasion<\/h3>\n<p style=\"text-align: center;\">The real hit is yellow - the mustard color of the coat - this color is a real bestseller, chosen by many women. The color adds energy and character, but also allows it to be adapted to different styles.<\/p>\n<p style=\"text-align: center;\">The coat is also available in other colors - we encourage you to familiarize yourself with our other products.<\/p>\n<p style=\"text-align: center;\">Perfect for school, work, a date or meeting with friends!<\/p>\n<p style=\"text-align: center;\"><strong>Perfect for any time and occasion!<\/strong><\/p>\n<h3 style=\"text-align: center;\">Coat dimensions<\/h3>\n<ul style=\"text-align: center;\">\n<li>total length back: 72 cm<\/li>\n<li>width from armpit to armpit: 52 cm<\/li>\n<li>sleeve length from the shoulder: 62 cm<\/li>\n<li>sleeve length from armpit: 47 cm<\/li>\n<li>recommended maximum bust circumference: 125-130 cm<\/li>\n<li>bicep width: 36 cm<\/li>\n<\/ul>\n<p style=\"text-align: center;\">Dimensions may slightly differ from the given +\/- 2cm. All dimensions given are measured flat.<\/p>\n<p style=\"text-align: center;\"><strong>\u00a0<\/strong><\/p>\n<p style=\"text-align: center;\"><strong>\u00a0One size fits all recommended SML XL\u00a0<\/strong><\/p>\n<table>\n<tbody>\n<tr>\n<td width=\"302\">Model name<\/td>\n<td width=\"302\">Fleece coat Jasna Mustard<\/td>\n<\/tr>\n<tr>\n<td width=\"302\">Color<\/td>\n<td width=\"302\">Mustard \/ Yellow<\/td>\n<\/tr>\n<tr>\n<td width=\"302\">Collection<\/td>\n<td width=\"302\">Spring \/ Autumn \/ Winter<\/td>\n<\/tr>\n<tr>\n<td width=\"302\">Sizes<\/td>\n<td width=\"302\">Universal<\/td>\n<\/tr>\n<tr>\n<td width=\"302\">Fashion<\/td>\n<td width=\"302\">Fitted \/ Waisted<\/td>\n<\/tr>\n<tr>\n<td width=\"302\">Hood<\/td>\n<td width=\"302\">Without the hood<\/td>\n<\/tr>\n<tr>\n<td width=\"302\">Warmed up<\/td>\n<td width=\"302\">Uninsulated<\/td>\n<\/tr>\n<tr>\n<td width=\"302\">Material<\/td>\n<td width=\"302\">Petersham<\/td>\n<\/tr>\n<\/tbody>\n<\/table>\n<p>&nbsp;<\/p>\n<p style=\"text-align: center;\">The model has\u00a0<strong>169<\/strong>\u00a0cm tall, wears a size every day\u00a0<strong>S.<\/strong><\/p>\n<p style=\"text-align: center;\">The width at the bust is 92 cm<\/p>\n<p style=\"text-align: center;\">Waist width 62 cm<\/p>\n<p style=\"text-align: center;\">The width at the hips is 94 cm<\/p>","protected":false},"excerpt":{"rendered":"<p>P\u0142aszcz Musztardowy Jasny Kr\u00f3tki z Flauszu Energetyczny kolor Musztardowy\u00a0 &#8211; o\u017cyw sw\u00f3j styl nie tylko na wiosn\u0119!\u00a0\u00a0Neonowe ubrania kr\u00f3luj\u0105 na wybiegach, czy i Ty si\u0119gniesz po ten kolor ?\u00a0\u00a0Kolor musztardy, okre\u015blany te\u017c cz\u0119sto mianem palonej \u017c\u00f3\u0142ci, to jeden z kolor\u00f3w, kt\u00f3re\u00a0 jesieni\u0105 kr\u00f3luj\u0105 w rankingach popularno\u015bci. Kr\u00f3tki z flauszu to idealna\u00a0propozycja na\u00a0wiosn\u0119, jesie\u0144\u00a0i delikatn\u0105\u00a0zim\u0119. Jest<\/p>\n<div class=\"klb-readmore post-buttons\"><a class=\"button black outline size-sm\" href=\"https:\/\/madelinefashion.pl\/en\/product\/plaszcz-musztardowy-jasny-krotki-z-flauszu\/\">Read More <i class=\"klbth-icon-right-arrow\"><\/i><\/a><\/div>","protected":false},"featured_media":81654,"template":"","meta":[],"product_brand":[],"product_cat":[119,279],"product_tag":[510],"class_list":{"0":"post-751","1":"product","2":"type-product","3":"status-publish","4":"has-post-thumbnail","6":"product_cat-plaszcze-krotkie","7":"product_cat-plaszcze-wiosenne","8":"product_tag-plaszcze-flauszowe","10":"first","11":"outofstock","12":"sale","13":"purchasable","14":"product-type-simple"},"_links":{"self":[{"href":"https:\/\/madelinefashion.pl\/en\/wp-json\/wp\/v2\/product\/751","targetHints":{"allow":["GET"]}}],"collection":[{"href":"https:\/\/madelinefashion.pl\/en\/wp-json\/wp\/v2\/product"}],"about":[{"href":"https:\/\/madelinefashion.pl\/en\/wp-json\/wp\/v2\/types\/product"}],"wp:featuredmedia":[{"embeddable":true,"href":"https:\/\/madelinefashion.pl\/en\/wp-json\/wp\/v2\/media\/81654"}],"wp:attachment":[{"href":"https:\/\/madelinefashion.pl\/en\/wp-json\/wp\/v2\/media?parent=751"}],"wp:term":[{"taxonomy":"product_brand","embeddable":true,"href":"https:\/\/madelinefashion.pl\/en\/wp-json\/wp\/v2\/product_brand?post=751"},{"taxonomy":"product_cat","embeddable":true,"href":"https:\/\/madelinefashion.pl\/en\/wp-json\/wp\/v2\/product_cat?post=751"},{"taxonomy":"product_tag","embeddable":true,"href":"https:\/\/madelinefashion.pl\/en\/wp-json\/wp\/v2\/product_tag?post=751"}],"curies":[{"name":"wp","href":"https:\/\/api.w.org\/{rel}","templated":true}]}}