{"id":75369,"date":"2023-01-30T14:00:31","date_gmt":"2023-01-30T13:00:31","guid":{"rendered":"https:\/\/madelinefashion.pl\/?post_type=product&#038;p=75369"},"modified":"2026-03-06T15:51:35","modified_gmt":"2026-03-06T14:51:35","slug":"elegancki-dopasowany-plaszcz-w-pepitke-szary","status":"publish","type":"product","link":"https:\/\/madelinefashion.pl\/en\/product\/elegancki-dopasowany-plaszcz-w-pepitke-szary\/","title":{"rendered":"Elegant Fitted Gray Houndstooth Coat"},"content":{"rendered":"<h3 style=\"text-align: center;\">Elegant Fitted Gray Houndstooth Coat<\/h3>\n<p style=\"text-align: center;\"><b>Elegant houndstooth coat available in several colors. <\/b>It is a combination of elegance, modernity and functionality - the black and gray coat fits into every silhouette and stylization. Made of a very fashionable and extremely pleasant material. Warm, perfect for spring and autumn. <strong>Elegant coat<\/strong> straight female <strong>classic cut<\/strong>. The knee-length coat has functional pockets at the front. The timeless cut of the coat will complement any styling. In our online store you will find a large selection of coats. Perfect for everyday wear, but with the right accessories you can also create an original evening outfit <strong>a romantic walk and a business trip<\/strong>. <strong>A stylish houndstooth coat is a proposal that will be perfect for any wardrobe. Classic cut and design will always look good and fit into the current trends.\u00a0<\/strong>Recommended for men wearing size SML XL We suggest for styling <a href=\"https:\/\/madelinefashion.pl\/en\/product-tag\/paski-damskie\/\">stripes,<\/a> which are also in our offer<\/p>\n<h3 style=\"text-align: center;\">Coat dimensions:<\/h3>\n<p style=\"text-align: center;\">Total length - 96 cm<br \/>\nWidth from armpit to armpit - 48-54 cm<br \/>\nWidth at the hips - 47-59 cm<br \/>\nSleeve length from the shoulder - 64 cm<br \/>\nSleeve length from armpit - 44 cm<br \/>\nWidth in the biceps - 15-22 cm<\/p>\n<p style=\"text-align: center;\">Dimensions may slightly differ from the given +\/- 2cm. All dimensions given are measured flat. <strong>X2 dimension\u00a0<\/strong><\/p>\n<p style=\"text-align: center;\"><strong>\u00a0<\/strong><\/p>\n<table width=\"499\">\n<tbody>\n<tr>\n<td width=\"302\">Model name<\/td>\n<td width=\"302\">Elegant Fitted Houndstooth Coat<\/td>\n<\/tr>\n<tr>\n<td width=\"302\">Color<\/td>\n<td width=\"302\">Gray<\/td>\n<\/tr>\n<tr>\n<td width=\"302\">Collection<\/td>\n<td width=\"302\">Spring \/ Autumn \/ Winter<\/td>\n<\/tr>\n<tr>\n<td width=\"302\">Sizes<\/td>\n<td width=\"302\">Universal<\/td>\n<\/tr>\n<tr>\n<td width=\"302\">Fashion<\/td>\n<td width=\"302\">Matched<\/td>\n<\/tr>\n<tr>\n<td width=\"302\">Hood<\/td>\n<td width=\"302\">Not<\/td>\n<\/tr>\n<tr>\n<td width=\"302\">Fastening<\/td>\n<td width=\"302\">Lack<\/td>\n<\/tr>\n<tr>\n<td width=\"302\">Material<\/td>\n<td width=\"302\">55 % Cotton 10% Angora 25% Cashmere 10% Elastane<\/td>\n<\/tr>\n<\/tbody>\n<\/table>\n<p style=\"text-align: center;\"><strong>The belt in the photo is not included\u00a0<\/strong><\/p>\n<p style=\"text-align: center;\">The model has <strong>169<\/strong>\u00a0cm tall, wears a size every day\u00a0<strong>S.<\/strong><\/p>\n<p style=\"text-align: center;\">The width at the bust is 92 cm<\/p>\n<p style=\"text-align: center;\">Waist width 62 cm<\/p>\n<p style=\"text-align: center;\">The width at the hips is 94 cm<\/p>","protected":false},"excerpt":{"rendered":"<p>Elegancki Dopasowany P\u0142aszcz w Pepitk\u0119 Szary Elegancki P\u0142aszcz w Pepitk\u0119 dost\u0119pny w kilku wariantach kolorystycznych. Jest to po\u0142\u0105czenie elegancji, nowoczesno\u015bci i funkcjonalno\u015bci \u2013 Czarno szary p\u0142aszczyk wpisuje si\u0119 w ka\u017cd\u0105 sylwetk\u0119 i stylizacj\u0119. Wykonany z bardzo modnego i niezwykle przyjemnego materia\u0142u. Ciep\u0142y, idealny na wiosn\u0119 i jesie\u0144. Elegancki p\u0142aszcz damski o prostym, klasycznym kroju. P\u0142aszczyk<\/p>\n<div class=\"klb-readmore post-buttons\"><a class=\"button black outline size-sm\" href=\"https:\/\/madelinefashion.pl\/en\/product\/elegancki-dopasowany-plaszcz-w-pepitke-szary\/\">Read More <i class=\"klbth-icon-right-arrow\"><\/i><\/a><\/div>","protected":false},"featured_media":75213,"template":"","meta":[],"product_brand":[],"product_cat":[120,395,279],"product_tag":[],"class_list":{"0":"post-75369","1":"product","2":"type-product","3":"status-publish","4":"has-post-thumbnail","6":"product_cat-plaszcze-dlugie","7":"product_cat-nowosci","8":"product_cat-plaszcze-wiosenne","9":"pa_rozmiar-m","10":"pa_rozmiar-l","11":"pa_rozmiar-s","13":"first","14":"instock","15":"sale","16":"purchasable","17":"product-type-simple"},"_links":{"self":[{"href":"https:\/\/madelinefashion.pl\/en\/wp-json\/wp\/v2\/product\/75369","targetHints":{"allow":["GET"]}}],"collection":[{"href":"https:\/\/madelinefashion.pl\/en\/wp-json\/wp\/v2\/product"}],"about":[{"href":"https:\/\/madelinefashion.pl\/en\/wp-json\/wp\/v2\/types\/product"}],"wp:featuredmedia":[{"embeddable":true,"href":"https:\/\/madelinefashion.pl\/en\/wp-json\/wp\/v2\/media\/75213"}],"wp:attachment":[{"href":"https:\/\/madelinefashion.pl\/en\/wp-json\/wp\/v2\/media?parent=75369"}],"wp:term":[{"taxonomy":"product_brand","embeddable":true,"href":"https:\/\/madelinefashion.pl\/en\/wp-json\/wp\/v2\/product_brand?post=75369"},{"taxonomy":"product_cat","embeddable":true,"href":"https:\/\/madelinefashion.pl\/en\/wp-json\/wp\/v2\/product_cat?post=75369"},{"taxonomy":"product_tag","embeddable":true,"href":"https:\/\/madelinefashion.pl\/en\/wp-json\/wp\/v2\/product_tag?post=75369"}],"curies":[{"name":"wp","href":"https:\/\/api.w.org\/{rel}","templated":true}]}}