{"id":75418,"date":"2023-01-30T15:10:37","date_gmt":"2023-01-30T14:10:37","guid":{"rendered":"https:\/\/madelinefashion.pl\/?post_type=product&#038;p=75418"},"modified":"2024-01-23T10:43:57","modified_gmt":"2024-01-23T09:43:57","slug":"srebrne-baleriny-zdobione-kamieniami-crystal","status":"publish","type":"product","link":"https:\/\/madelinefashion.pl\/en\/product\/srebrne-baleriny-zdobione-kamieniami-crystal\/","title":{"rendered":"Silver Ballerinas Decorated With Crystal Stones"},"content":{"rendered":"<h3 style=\"text-align: center;\">Silver Ballerinas Decorated With Crystal Stones<\/h3>\n<p style=\"text-align: center;\"><b>Silver<\/b><strong>\u00a0Ballerinas with stones <\/strong>\u00a0at an affordable price, it is an excellent choice for women who are looking for comfortable footwear. In addition, the fashionable cut and interesting decorations perfectly fit into the modern style. Design and universality make them a popular choice among women. In turn, the manufacturer&#039;s attention to detail makes them reliable. Additionally offered by us <strong>ballerinas\u00a0<\/strong>they fit both in combination with shorts and a top, as well as with an airy dress or skirt. Ballerinas are a great choice for women who value comfort. The soft eco-leather upper will ensure a perfect fit. insert with <strong>natural leather<\/strong> is a guarantee of comfort! <strong>When choosing a size, please use the size chart.<\/strong><\/p>\n<p>&nbsp;<\/p>\n<p>&nbsp;<\/p>\n<ul>\n<li style=\"text-align: center;\">shoes perfect for everyday and party<\/li>\n<li style=\"text-align: center;\">convenience and comfort of wearing is ensured by a flat sole<\/li>\n<li style=\"text-align: center;\">original cut - an interesting look is provided by decorative stones that add charm to them<\/li>\n<li style=\"text-align: center;\">made of eco leather, which provides full comfort<\/li>\n<\/ul>\n<p>&nbsp;<\/p>\n<table width=\"540\">\n<thead>\n<tr>\n<td width=\"216\"><strong>EU size<\/strong><\/td>\n<td width=\"316\"><strong>The length of the insert<\/strong><\/td>\n<\/tr>\n<\/thead>\n<tbody>\n<tr>\n<td width=\"216\"><strong>36<\/strong><\/td>\n<td width=\"316\">23 cm<\/td>\n<\/tr>\n<tr>\n<td width=\"216\"><strong>37<\/strong><\/td>\n<td width=\"316\">24 cm<\/td>\n<\/tr>\n<tr>\n<td width=\"216\"><strong>38<\/strong><\/td>\n<td width=\"316\">24.5 cm<\/td>\n<\/tr>\n<tr>\n<td width=\"216\"><strong>39<\/strong><\/td>\n<td width=\"316\">25 cm<\/td>\n<\/tr>\n<tr>\n<td width=\"216\"><strong>40<\/strong><\/td>\n<td width=\"316\">26 cm<\/td>\n<\/tr>\n<tr>\n<td width=\"216\"><strong>41<\/strong><\/td>\n<td width=\"316\">26.5 cm<\/td>\n<\/tr>\n<\/tbody>\n<\/table>\n<div class=\"wrap-content\">\n<div class=\"main-container container\">\n<div class=\"row\">\n<section class=\"main-content sidebar-left-false\">\n<div class=\"product-page page\">\n<div class=\"page-content\">\n<div id=\"ProductSizing\" class=\"product-sizing modal fade in\" tabindex=\"-1\" role=\"dialog\" aria-hidden=\"false\">\n<div class=\"modal-dialog\">\n<div class=\"modal-content\">\n<div class=\"widget html_editor\">\n<p>&nbsp;<\/p>\n<\/div>\n<p>&nbsp;<\/p>\n<\/div>\n<\/div>\n<\/div>\n<\/div>\n<\/div>\n<\/section>\n<\/div>\n<\/div>\n<\/div>\n<div class=\"wrap-footer\">\n<footer class=\"\">\n<div class=\"container\">\n<div class=\"footer-newsletter-box\"><\/div>\n<\/div>\n<\/footer>\n<\/div>\n<table>\n<tbody>\n<tr>\n<td width=\"302\">Model Name<\/td>\n<td width=\"302\">Silver ballerinas with stones<\/td>\n<\/tr>\n<tr>\n<td width=\"302\">Color<\/td>\n<td width=\"302\">Silver<\/td>\n<\/tr>\n<tr>\n<td width=\"302\">Sizes<\/td>\n<td width=\"302\">36 37\u00a0 38\u00a0 39 40 41<\/td>\n<\/tr>\n<tr>\n<td width=\"302\">Sole<\/td>\n<td width=\"302\">Flat heel<\/td>\n<\/tr>\n<tr>\n<td width=\"302\">Additional features<\/td>\n<td width=\"302\">Stone decorations<\/td>\n<\/tr>\n<tr>\n<td width=\"302\">Clasp<\/td>\n<td width=\"302\">No (slip-on)<\/td>\n<\/tr>\n<tr>\n<td width=\"302\">Collection<\/td>\n<td width=\"302\">Spring \/ Fall \/ Summer<\/td>\n<\/tr>\n<\/tbody>\n<\/table>\n<div class=\"tabs tabs-bb clear mb-80\">\n<div class=\"tab-content\">\n<div id=\"tab-description\" class=\"tab-pane fade in woocommerce-Tabs-panel--description active\">\n<p style=\"text-align: left;\">PRODUCT CODE : C87P<\/p>\n<\/div>\n<\/div>\n<\/div>\n<section class=\"up-sells upsells products mb-80\"><\/section>\n<p style=\"text-align: left;\">","protected":false},"excerpt":{"rendered":"<p>Srebrne Baleriny Zdobione Kamieniami Crystal Srebrne\u00a0Baleriny z kamieniami \u00a0w przyst\u0119pnej cenie to doskona\u0142y wyb\u00f3r dla kobiet, kt\u00f3re poszukuj\u0105 wygodnego obuwia. Dodatkowo modny fason\u00a0 i ciekawe ozdoby doskonale wpisuj\u0105 si\u0119 w nowoczesny styl. Design i\u00a0 uniwersalno\u015b\u0107 sprawiaj\u0105, \u017ce s\u0105 ch\u0119tnie wybierane przez kobiety. Z kolei dba\u0142o\u015b\u0107 producenta o detale sprawia, \u017ce s\u0105 niezawodne. Dodatkowo oferowane przez<\/p>\n<div class=\"klb-readmore post-buttons\"><a class=\"button black outline size-sm\" href=\"https:\/\/madelinefashion.pl\/en\/product\/srebrne-baleriny-zdobione-kamieniami-crystal\/\">Read More <i class=\"klbth-icon-right-arrow\"><\/i><\/a><\/div>","protected":false},"featured_media":77848,"template":"","meta":[],"product_brand":[],"product_cat":[400],"product_tag":[],"class_list":{"0":"post-75418","1":"product","2":"type-product","3":"status-publish","4":"has-post-thumbnail","6":"product_cat-buty","8":"first","9":"outofstock","10":"product-type-variable"},"_links":{"self":[{"href":"https:\/\/madelinefashion.pl\/en\/wp-json\/wp\/v2\/product\/75418","targetHints":{"allow":["GET"]}}],"collection":[{"href":"https:\/\/madelinefashion.pl\/en\/wp-json\/wp\/v2\/product"}],"about":[{"href":"https:\/\/madelinefashion.pl\/en\/wp-json\/wp\/v2\/types\/product"}],"wp:featuredmedia":[{"embeddable":true,"href":"https:\/\/madelinefashion.pl\/en\/wp-json\/wp\/v2\/media\/77848"}],"wp:attachment":[{"href":"https:\/\/madelinefashion.pl\/en\/wp-json\/wp\/v2\/media?parent=75418"}],"wp:term":[{"taxonomy":"product_brand","embeddable":true,"href":"https:\/\/madelinefashion.pl\/en\/wp-json\/wp\/v2\/product_brand?post=75418"},{"taxonomy":"product_cat","embeddable":true,"href":"https:\/\/madelinefashion.pl\/en\/wp-json\/wp\/v2\/product_cat?post=75418"},{"taxonomy":"product_tag","embeddable":true,"href":"https:\/\/madelinefashion.pl\/en\/wp-json\/wp\/v2\/product_tag?post=75418"}],"curies":[{"name":"wp","href":"https:\/\/api.w.org\/{rel}","templated":true}]}}