{"id":75558,"date":"2023-01-31T11:37:55","date_gmt":"2023-01-31T10:37:55","guid":{"rendered":"https:\/\/madelinefashion.pl\/?post_type=product&#038;p=75558"},"modified":"2026-03-01T12:58:14","modified_gmt":"2026-03-01T11:58:14","slug":"pasek-do-spodni-ala-pinko-z-kamieniami","status":"publish","type":"product","link":"https:\/\/madelinefashion.pl\/en\/product\/pasek-do-spodni-ala-pinko-z-kamieniami\/","title":{"rendered":"Al Pinko Jeweled Trouser Belt"},"content":{"rendered":"<h3 style=\"text-align: center;\">Al Pinko Jeweled Trouser Belt<\/h3>\n<ul>\n<li style=\"text-align: center;\">unique, original buckle<\/li>\n<li style=\"text-align: center;\">timeless design<\/li>\n<\/ul>\n<p>&nbsp;<\/p>\n<p>&nbsp;<\/p>\n<h3 style=\"text-align: center;\">BELT PARAMETERS:<\/h3>\n<ul style=\"text-align: center;\">\n<li><strong>strap color: Black<\/strong><\/li>\n<li><strong>color of fittings:<\/strong>\u00a0golden<\/li>\n<li><strong>Material:<\/strong>\u00a0eco leather<\/li>\n<li><strong>pin buckle<\/strong><\/li>\n<li><strong>width:<\/strong> 2.8 cm<\/li>\n<li><strong>total length:<\/strong> 113 cm<\/li>\n<li><b>1 buttonhole: <\/b>88 cm<\/li>\n<\/ul>\n<p style=\"text-align: center;\">","protected":false},"excerpt":{"rendered":"<p>Pasek do Spodni Ala Pinko z Kamieniami niepowtarzalna, oryginalna klamra ponadczasowy fason &nbsp; &nbsp; PARAMETRY PASKA: kolor paska: Czarny kolor oku\u0107:\u00a0z\u0142oty materia\u0142:\u00a0sk\u00f3ra eko klamra bolec szeroko\u015b\u0107: 2,8 cm d\u0142ugo\u015b\u0107 ca\u0142kowita: 113 cm 1 dziurka: 88 cm<\/p>","protected":false},"featured_media":75555,"template":"","meta":[],"product_brand":[],"product_cat":[113,395],"product_tag":[410],"class_list":{"0":"post-75558","1":"product","2":"type-product","3":"status-publish","4":"has-post-thumbnail","6":"product_cat-dodatki","7":"product_cat-nowosci","8":"product_tag-paski-damskie","10":"first","11":"outofstock","12":"sale","13":"purchasable","14":"product-type-simple"},"_links":{"self":[{"href":"https:\/\/madelinefashion.pl\/en\/wp-json\/wp\/v2\/product\/75558","targetHints":{"allow":["GET"]}}],"collection":[{"href":"https:\/\/madelinefashion.pl\/en\/wp-json\/wp\/v2\/product"}],"about":[{"href":"https:\/\/madelinefashion.pl\/en\/wp-json\/wp\/v2\/types\/product"}],"wp:featuredmedia":[{"embeddable":true,"href":"https:\/\/madelinefashion.pl\/en\/wp-json\/wp\/v2\/media\/75555"}],"wp:attachment":[{"href":"https:\/\/madelinefashion.pl\/en\/wp-json\/wp\/v2\/media?parent=75558"}],"wp:term":[{"taxonomy":"product_brand","embeddable":true,"href":"https:\/\/madelinefashion.pl\/en\/wp-json\/wp\/v2\/product_brand?post=75558"},{"taxonomy":"product_cat","embeddable":true,"href":"https:\/\/madelinefashion.pl\/en\/wp-json\/wp\/v2\/product_cat?post=75558"},{"taxonomy":"product_tag","embeddable":true,"href":"https:\/\/madelinefashion.pl\/en\/wp-json\/wp\/v2\/product_tag?post=75558"}],"curies":[{"name":"wp","href":"https:\/\/api.w.org\/{rel}","templated":true}]}}