{"id":75661,"date":"2023-01-31T16:58:00","date_gmt":"2023-01-31T15:58:00","guid":{"rendered":"https:\/\/madelinefashion.pl\/?post_type=product&#038;p=75661"},"modified":"2026-03-26T12:39:44","modified_gmt":"2026-03-26T11:39:44","slug":"sukienka-asymetryczna-brokatowa-turkusowa-alika","status":"publish","type":"product","link":"https:\/\/madelinefashion.pl\/en\/product\/sukienka-asymetryczna-brokatowa-turkusowa-alika\/","title":{"rendered":"Asymmetric Glitter Turquoise Dress Alika"},"content":{"rendered":"<h3 style=\"text-align: center;\">Asymmetric Glitter Turquoise Dress Alika<\/h3>\n<p style=\"text-align: center;\"><span style=\"font-size: 10pt;\">Beautiful dress<b> Asymmetrical<\/b> brocade on the straps. Beautifully exposes female shapes - the bottom of the dress is flared - asymmetrical. Tapered at waist height <strong>great emphasizes the waist<\/strong>.\u00a0 <\/span>Dress with an envelope neckline fastened at the back with a zipper. Styling designed for women who value <strong>sexy and unique look<\/strong>. Dress with a shorter asymmetric side. <span style=\"font-size: 10pt;\"><strong>The dress is wonderfully spread and looks wonderful when dancing as well as walking.<\/strong> It is a model that cannot be ignored by it.<strong> Brocade midi dress below the knee. Produced and sewn in Poland - <\/strong>made of the highest quality materials. Perfect for any occasion. <strong>Must Have<\/strong> every elegant woman!\u00a0 <\/span><span style=\"font-size: 10pt;\">See our offer <strong><a href=\"https:\/\/madelinefashion.pl\/en\/sukienki-i-kombinezony\/sukienki-okolicznosciowe\/\">evening dresses<\/a>\u00a0and select a model, <\/strong>in which you will be <strong>look like a star and you will stand out from the crowd.\u00a0 <\/strong>The latest designs of this season! <\/span><span style=\"font-size: 10pt;\">Available in our e-shop in <strong>several color variants<\/strong>so don&#039;t hesitate and choose the one that&#039;s perfect for you. If you can&#039;t decide which color, <strong>size<\/strong> is the best for you, <strong>contact us<\/strong> through <a href=\"https:\/\/www.facebook.com\/madelinefashionbutik\" target=\"_blank\" rel=\"noopener\">Facebook<\/a> or <a href=\"https:\/\/madelinefashion.pl\/en\/kontakt\/\">phone<\/a>. If the size is not available on the website, please contact us.\u00a0<\/span><\/p>\n<p>&nbsp;<\/p>\n<h3 style=\"text-align: center;\">Dimensions:<\/h3>\n<p style=\"text-align: center;\"><strong>36 \/ s<\/strong><br \/>\nTotal length - 150 cm<br \/>\nTotal side length - 83 cm<br \/>\nWidth from armpit to armpit - 40-48 cm<br \/>\nWaist width - 32-36 cm<\/p>\n<p style=\"text-align: center;\"><strong>38 \/ m<\/strong><br \/>\nTotal length - 137 cm<br \/>\nTotal length side - 97 cm<br \/>\nWidth from armpit to armpit - 42-50 cm<br \/>\nWaist width - 35-39 cm<\/p>\n<p style=\"text-align: center;\"><strong>40 \/ l<\/strong><br \/>\nTotal length - 138 cm<br \/>\nTotal length side - 98 cm<br \/>\nWidth from armpit to armpit - 44-53 cm<br \/>\nWaist width - 38-42 cm<\/p>\n<p style=\"text-align: center;\">Dimensions may slightly differ from the given +\/- 2cm. <strong>Dimension given Flat x2\u00a0<\/strong><\/p>\n<p style=\"text-align: center;\"><strong>\u00a0<\/strong><\/p>\n<table width=\"591\">\n<tbody>\n<tr>\n<td width=\"302\">Model name<\/td>\n<td width=\"302\">Alika Asymmetric Brocade Dress<\/td>\n<\/tr>\n<tr>\n<td width=\"302\">Color<\/td>\n<td width=\"302\">Turquoise<\/td>\n<\/tr>\n<tr>\n<td width=\"302\">Mark<\/td>\n<td width=\"302\">adika collection<\/td>\n<\/tr>\n<tr>\n<td width=\"302\">Sizes<\/td>\n<td width=\"302\">36 38 40<\/td>\n<\/tr>\n<tr>\n<td width=\"302\">Fashion<\/td>\n<td width=\"302\">Matched<\/td>\n<\/tr>\n<tr>\n<td width=\"302\">Material<\/td>\n<td width=\"302\">95% Polyester 5% Elastane<\/td>\n<\/tr>\n<tr>\n<td width=\"302\">Length<\/td>\n<td width=\"302\">Over the knee<\/td>\n<\/tr>\n<\/tbody>\n<\/table>\n<p>&nbsp;<\/p>\n<p style=\"text-align: center;\">The model has\u00a0<strong>169<\/strong>\u00a0cm tall, wears a size every day\u00a0<strong>S.<\/strong><\/p>\n<p style=\"text-align: center;\">The width at the bust is 92 cm<\/p>\n<p style=\"text-align: center;\">Waist width 62 cm<\/p>\n<p style=\"text-align: center;\">The width at the hips is 94 cm<\/p>","protected":false},"excerpt":{"rendered":"<p>Sukienka Asymetryczna Brokatowa Turkusowa Alika Pi\u0119kna suknia Asymetryczna brokatowa na rami\u0105czkach. Pi\u0119knie eksponuje kobiece kszta\u0142ty- d\u00f3\u0142 sukienki rozkloszowany- asymetryczny. Zw\u0119\u017cana na wysoko\u015bci pasa wspaniale podkre\u015bla tali\u0119.\u00a0 Sukienka o dekolcie kopertowym zapinana z ty\u0142u na suwak. Stylizacja przeznaczona dla kobiet ceni\u0105cych seksowny i niepowtarzalny look. Suknia z kr\u00f3tszym asymetrycznym bokiem. Suknia jest wspaniale roz\u0142o\u017cysta i cudownie<\/p>\n<div class=\"klb-readmore post-buttons\"><a class=\"button black outline size-sm\" href=\"https:\/\/madelinefashion.pl\/en\/product\/sukienka-asymetryczna-brokatowa-turkusowa-alika\/\">Read More <i class=\"klbth-icon-right-arrow\"><\/i><\/a><\/div>","protected":false},"featured_media":75615,"template":"","meta":[],"product_brand":[],"product_cat":[124,559,560],"product_tag":[],"class_list":{"0":"post-75661","1":"product","2":"type-product","3":"status-publish","4":"has-post-thumbnail","6":"product_cat-sukienki-okolicznosciowe","7":"product_cat-noworoczna-sekcja-okazji","8":"product_cat-sukienki-brokatowe","10":"first","11":"outofstock","12":"product-type-variable"},"_links":{"self":[{"href":"https:\/\/madelinefashion.pl\/en\/wp-json\/wp\/v2\/product\/75661","targetHints":{"allow":["GET"]}}],"collection":[{"href":"https:\/\/madelinefashion.pl\/en\/wp-json\/wp\/v2\/product"}],"about":[{"href":"https:\/\/madelinefashion.pl\/en\/wp-json\/wp\/v2\/types\/product"}],"wp:featuredmedia":[{"embeddable":true,"href":"https:\/\/madelinefashion.pl\/en\/wp-json\/wp\/v2\/media\/75615"}],"wp:attachment":[{"href":"https:\/\/madelinefashion.pl\/en\/wp-json\/wp\/v2\/media?parent=75661"}],"wp:term":[{"taxonomy":"product_brand","embeddable":true,"href":"https:\/\/madelinefashion.pl\/en\/wp-json\/wp\/v2\/product_brand?post=75661"},{"taxonomy":"product_cat","embeddable":true,"href":"https:\/\/madelinefashion.pl\/en\/wp-json\/wp\/v2\/product_cat?post=75661"},{"taxonomy":"product_tag","embeddable":true,"href":"https:\/\/madelinefashion.pl\/en\/wp-json\/wp\/v2\/product_tag?post=75661"}],"curies":[{"name":"wp","href":"https:\/\/api.w.org\/{rel}","templated":true}]}}