{"id":75750,"date":"2023-02-01T14:04:38","date_gmt":"2023-02-01T13:04:38","guid":{"rendered":"https:\/\/madelinefashion.pl\/?post_type=product&#038;p=75750"},"modified":"2026-03-26T12:39:43","modified_gmt":"2026-03-26T11:39:43","slug":"sukienka-biala-dopasowana-juliette","status":"publish","type":"product","link":"https:\/\/madelinefashion.pl\/en\/product\/sukienka-biala-dopasowana-juliette\/","title":{"rendered":"Dress White Fitted Juliette\u00a0"},"content":{"rendered":"<h3 style=\"text-align: center;\">Dress White Fitted Juliette<\/h3>\n<p style=\"text-align: center;\"><strong>Dreamlike dress <\/strong>\u00a0with the original <strong>lace top<\/strong> with V-neckline Top made of mesh trimmed with guipure floral lace with sewn beads. <strong>It looks very sensual and original.<\/strong> Plecy\u00a0 z \u0142agodnym dekoltem w liter\u0119 v. D\u00f3\u0142 sukienki dopasowany \u2013 ala<strong> fish<\/strong>\u00a0 lining underneath. Narrowed at the waist, it perfectly emphasizes the waist. <strong>Juliette<\/strong>\u00a0is the essence of elegance. Beautifully emphasizes the waist, hips and bust. Our <strong>Juliette Wedding Dress <\/strong>in color <strong>white<\/strong> d<span style=\"font-size: 10pt;\">available in our store in sizes XS SML XL. <\/span><strong>Fish wedding dress\u00a0<\/strong>is a cut dedicated to brides who like to emphasize their figure. No other cut emphasizes feminine shapes so much.\u00a0<strong>Fish dress<\/strong>\u00a0or\u00a0<strong>Mermaid<\/strong> this is the sexiest style in <strong>wedding dresses<\/strong>. Be sensual, tempting and mesmerizing.<br \/>\n<span style=\"font-size: 10pt;\"><span style=\"font-size: 10pt;\">Nasze Sukienki \u00a0to doskona\u0142y wyb\u00f3r na wesele, studni\u00f3wk\u0119, sylwestra i inne eleganckie imprezy okoliczno\u015bciowe. W naszym e-sklepie znajdziesz niepowtarzalne sukienki w niezwykle przyst\u0119pnych cenach \u2013\u00a0 <\/span><strong style=\"font-size: 10pt;\">do not hesitate and choose the one that is perfect for you<\/strong><span style=\"font-size: 10pt;\">. If you can&#039;t decide which color, <\/span><strong style=\"font-size: 10pt;\">size<\/strong><span style=\"font-size: 10pt;\"> is the best for you, <\/span><strong style=\"font-size: 10pt;\">contact us<\/strong><span style=\"font-size: 10pt;\"> through <\/span><a style=\"font-size: 10pt;\" href=\"https:\/\/www.facebook.com\/madelinefashionbutik\" target=\"_blank\" rel=\"noopener\">Facebook<\/a><span style=\"font-size: 10pt;\"> or <\/span><a style=\"font-size: 10pt;\" href=\"https:\/\/madelinefashion.pl\/en\/kontakt\/\">phone<\/a><span style=\"font-size: 10pt;\">. If the size is not available on the website, please contact us.\u00a0<\/span><b style=\"font-size: 10pt;\">\u00a0<\/b><br \/>\n<b style=\"font-size: 10pt;\"><br \/>\nWe understand how important a decision you are making. In order for your creation to be perfectly tailored to you on the most important day of your life, please specify in the information after purchase <\/b><span style=\"font-size: 13.3333px;\"><b>own<\/b><\/span><b style=\"font-size: 10pt;\"> dimensions \ud83d\ude09\u00a0<\/b><br \/>\n<\/span><\/p>\n<h3 style=\"text-align: center;\">DRESS DIMENSIONS:<\/h3>\n<p><img fetchpriority=\"high\" decoding=\"async\" class=\"size-medium wp-image-16801 aligncenter\" src=\"https:\/\/madelinefashion.pl\/wp-content\/uploads\/2021\/08\/wymiary-suknia-300x194.png\" alt=\"\" width=\"300\" height=\"194\" title=\"\"><\/p>\n<div class=\"additional-details\" style=\"text-align: center;\">\n<p style=\"text-align: center;\"><span style=\"font-size: 10pt;\">\u00a0<\/span><\/p>\n<\/div>\n<table width=\"740\">\n<tbody>\n<tr>\n<td width=\"100\">Size<\/td>\n<td width=\"100\">34<\/td>\n<td width=\"100\">36<\/td>\n<td width=\"100\">38<\/td>\n<td width=\"100\">40<\/td>\n<td width=\"100\">42<\/td>\n<td width=\"100\">44<\/td>\n<\/tr>\n<tr>\n<td width=\"100\">Bust<\/td>\n<td width=\"100\">84-86<\/td>\n<td width=\"100\">88-90<\/td>\n<td width=\"100\">92-94<\/td>\n<td width=\"100\">96-98<\/td>\n<td width=\"100\">100-102<\/td>\n<td width=\"100\">104-106<\/td>\n<\/tr>\n<tr>\n<td width=\"100\">Waist<\/td>\n<td width=\"100\">64<\/td>\n<td width=\"100\">68<\/td>\n<td width=\"100\">72<\/td>\n<td width=\"100\">76<\/td>\n<td width=\"100\">80<\/td>\n<td width=\"100\">84<\/td>\n<\/tr>\n<tr>\n<td width=\"100\">Hips<\/td>\n<td width=\"100\">any<\/td>\n<td width=\"100\">any<\/td>\n<td width=\"100\">any<\/td>\n<td width=\"100\">any<\/td>\n<td width=\"100\">any<\/td>\n<td width=\"100\">any<\/td>\n<\/tr>\n<\/tbody>\n<\/table>\n<p style=\"text-align: center;\"><span style=\"font-size: 10pt;\">\u00a0 <\/span><\/p>\n<p style=\"text-align: center;\"><span style=\"font-size: 10pt;\">total length approx. 157 cm\u00a0<\/span><\/p>\n<p style=\"text-align: center;\"><span style=\"font-size: 10pt;\">The dress is also available in other colors - see our other products.<\/span><\/p>\n<p style=\"text-align: center;\"><span style=\"font-size: 10pt;\">Dimensions may slightly differ from the given +\/- 2cm.\u00a0<\/span><\/p>\n<p style=\"text-align: center;\"><span style=\"font-size: 10pt;\"><strong>\u00a0<\/strong>\u00a0<\/span><\/p>\n<table width=\"620\">\n<tbody>\n<tr>\n<td width=\"302\">Model name<\/td>\n<td width=\"302\">Juliette Fitted Dress<\/td>\n<\/tr>\n<tr>\n<td width=\"302\">Color<\/td>\n<td width=\"302\">White<\/td>\n<\/tr>\n<tr>\n<td width=\"302\">Mark<\/td>\n<td width=\"302\">Pretty Women<\/td>\n<\/tr>\n<tr>\n<td width=\"302\">Sizes<\/td>\n<td width=\"302\">34 36 38 40<\/td>\n<\/tr>\n<tr>\n<td width=\"302\">Fashion<\/td>\n<td width=\"302\">Matching \/ fish<\/td>\n<\/tr>\n<tr>\n<td width=\"302\">Material<\/td>\n<td width=\"302\">Viscose, Polyester, Cotton<\/td>\n<\/tr>\n<tr>\n<td width=\"302\">Length<\/td>\n<td width=\"302\">To the ground<\/td>\n<\/tr>\n<\/tbody>\n<\/table>\n<p style=\"text-align: center;\"><span style=\"font-size: 10pt;\">\u00a0<\/span><\/p>\n<p>\u00a0<\/p>\n<p style=\"text-align: center;\"><span style=\"font-size: 10pt;\">In order to match <strong>perfect dresses<\/strong> we invite you to contact us by phone or contact us <a href=\"https:\/\/www.facebook.com\/madelinefashionbutik\" target=\"_blank\" rel=\"noopener\">Facebook<\/a> .<\/span><br \/>\n<span style=\"font-size: 10pt;\">Our team will help <strong>Choose the right one<\/strong> . <strong>We can make each dress at the request of the buyer\u00a0<\/strong><strong>measure carefully.\u00a0<\/strong><\/span><\/p>\n<div class=\"additional-details\" style=\"text-align: center;\">\n<p style=\"text-align: center;\"><span style=\"font-size: 10pt;\">\u00a0<\/span><\/p>\n<\/div>","protected":false},"excerpt":{"rendered":"<p>Sukienka Bia\u0142a Dopasowana Juliette Zjawiskowa suknia \u00a0z oryginaln\u0105 koronkow\u0105 g\u00f3r\u0105 z dekoltem w szpic\u00a0 G\u00f3ra wykonana z siateczki obszytej gipiurow\u0105 kwiatow\u0105 koronk\u0105 z naszytymi koralikami. Wygl\u0105da bardzo zmys\u0142owo i oryginalnie. Plecy\u00a0 z \u0142agodnym dekoltem w liter\u0119 v. D\u00f3\u0142 sukienki dopasowany \u2013 ala rybka\u00a0 pod spodem podszewka. Zw\u0119\u017cana na wysoko\u015bci pasa wspaniale podkre\u015bla tali\u0119. Juliette\u00a0to kwintesencja<\/p>\n<div class=\"klb-readmore post-buttons\"><a class=\"button black outline size-sm\" href=\"https:\/\/madelinefashion.pl\/en\/product\/sukienka-biala-dopasowana-juliette\/\">Read More <i class=\"klbth-icon-right-arrow\"><\/i><\/a><\/div>","protected":false},"featured_media":93884,"template":"","meta":[],"product_brand":[],"product_cat":[395,124,559],"product_tag":[257,219,163],"class_list":{"0":"post-75750","1":"product","2":"type-product","3":"status-publish","4":"has-post-thumbnail","6":"product_cat-nowosci","7":"product_cat-sukienki-okolicznosciowe","8":"product_cat-noworoczna-sekcja-okazji","9":"product_tag-madelinefashion","10":"product_tag-sukienka-biala","11":"product_tag-sukienki-dlugie","13":"first","14":"outofstock","15":"product-type-variable"},"_links":{"self":[{"href":"https:\/\/madelinefashion.pl\/en\/wp-json\/wp\/v2\/product\/75750","targetHints":{"allow":["GET"]}}],"collection":[{"href":"https:\/\/madelinefashion.pl\/en\/wp-json\/wp\/v2\/product"}],"about":[{"href":"https:\/\/madelinefashion.pl\/en\/wp-json\/wp\/v2\/types\/product"}],"wp:featuredmedia":[{"embeddable":true,"href":"https:\/\/madelinefashion.pl\/en\/wp-json\/wp\/v2\/media\/93884"}],"wp:attachment":[{"href":"https:\/\/madelinefashion.pl\/en\/wp-json\/wp\/v2\/media?parent=75750"}],"wp:term":[{"taxonomy":"product_brand","embeddable":true,"href":"https:\/\/madelinefashion.pl\/en\/wp-json\/wp\/v2\/product_brand?post=75750"},{"taxonomy":"product_cat","embeddable":true,"href":"https:\/\/madelinefashion.pl\/en\/wp-json\/wp\/v2\/product_cat?post=75750"},{"taxonomy":"product_tag","embeddable":true,"href":"https:\/\/madelinefashion.pl\/en\/wp-json\/wp\/v2\/product_tag?post=75750"}],"curies":[{"name":"wp","href":"https:\/\/api.w.org\/{rel}","templated":true}]}}