{"id":7596,"date":"2021-04-09T18:54:10","date_gmt":"2021-04-09T16:54:10","guid":{"rendered":"https:\/\/madelinefashion.pl\/?post_type=product&#038;p=7596"},"modified":"2026-01-20T10:34:38","modified_gmt":"2026-01-20T09:34:38","slug":"t-shirt-ramones-karmelowy","status":"publish","type":"product","link":"https:\/\/madelinefashion.pl\/en\/product\/t-shirt-ramones-karmelowy\/","title":{"rendered":"Caramel Ramones T-shirt"},"content":{"rendered":"<h3 style=\"text-align: center;\">Caramel Ramones T-shirt<\/h3>\n<p style=\"text-align: center;\"><strong>Pink T-shirt with &quot;RAMONES&quot; print\u201e<\/strong> - with a V-style cut on the neckline. It is a blouse that will match most styles - due to the pattern. Pleasant to the touch, breathable material will provide you with comfort. A simple, universal T-shirt you can wear all year round, regardless of the season. Pair it with a denim katana and waxed trousers. Available in our store in various colors. It is a model in which you will not pass unnoticed. The size is<strong> universal recommended from S to XXL\u00a0<\/strong><\/p>\n<h3 style=\"text-align: center;\">Dimensions :<\/h3>\n<ul>\n<li style=\"text-align: center;\">\u00a0\u00a0\u00a0\u00a0\u00a0\u00a0\u00a0 Overall length: 69 cm<\/li>\n<li style=\"text-align: center;\">\u00a0 \u00a0 \u00a0 \u00a0 Width from armpit to armpit: 53 cm -68 cm<\/li>\n<li style=\"text-align: center;\">Bottom width: 55 cm - 68 cm<br \/>\nSleeve length from armpit: 7 cm<br \/>\nSleeve length from the shoulder: 16 cm<\/li>\n<\/ul>\n<p style=\"text-align: center;\">Dimensions may slightly differ from the given +\/- 2cm. All dimensions given are measured flat.<\/p>\n<table>\n<tbody>\n<tr>\n<td width=\"302\">Model name<\/td>\n<td width=\"302\">Ramones T-Shirt<\/td>\n<\/tr>\n<tr>\n<td width=\"302\">Color<\/td>\n<td width=\"302\">caramel<\/td>\n<\/tr>\n<tr>\n<td width=\"302\">Sizes<\/td>\n<td width=\"302\">Universal<\/td>\n<\/tr>\n<tr>\n<td width=\"302\">Fashion<\/td>\n<td width=\"302\">Oversize<\/td>\n<\/tr>\n<tr>\n<td width=\"302\">Material<\/td>\n<td width=\"302\">95 % Cotton 5% Elastane<\/td>\n<\/tr>\n<\/tbody>\n<\/table>\n<p style=\"text-align: center;\"><span style=\"font-size: 10pt;\">\u00a0<\/span><\/p>\n<p style=\"text-align: center;\">The model has\u00a0<strong>169<\/strong>\u00a0cm tall, wears a size every day\u00a0<strong>S.<\/strong><\/p>\n<p style=\"text-align: center;\">Bust width 91 cm<\/p>\n<p style=\"text-align: center;\">Waist width 71 cm<\/p>\n<p style=\"text-align: center;\">Hip width 96 cm<\/p>\n<div class=\"additional-details\" style=\"text-align: center;\"><\/div>","protected":false},"excerpt":{"rendered":"<p>T-shirt Ramones Karmelowy R\u00f3\u017cowy T-shirt z\u00a0 nadrukiem &#8222;RAMONES&#8221; &#8211; z wyci\u0119ciem\u00a0 w stylu V na dekolcie. Jest to bluzka , kt\u00f3ra b\u0119dzie pasowa\u0142a do wi\u0119kszo\u015bci stylizacji\u2013 ze wzgl\u0119du na wz\u00f3r. Przyjemny w dotyku, oddychaj\u0105cy materia\u0142 zapewni Ci komfort noszenia. Prosty, uniwersalny T-shirt mo\u017cesz nosi\u0107 przez ca\u0142y rok, niezale\u017cnie od pory roku. Po\u0142\u0105cz go z jeansowi<\/p>\n<div class=\"klb-readmore post-buttons\"><a class=\"button black outline size-sm\" href=\"https:\/\/madelinefashion.pl\/en\/product\/t-shirt-ramones-karmelowy\/\">Read More <i class=\"klbth-icon-right-arrow\"><\/i><\/a><\/div>","protected":false},"featured_media":112659,"template":"","meta":[],"product_brand":[],"product_cat":[77,85],"product_tag":[],"class_list":{"0":"post-7596","1":"product","2":"type-product","3":"status-publish","4":"has-post-thumbnail","6":"product_cat-bluzki","7":"product_cat-t-shirty","8":"pa_rozmiar-s-m","9":"pa_rozmiar-l-xl","11":"first","12":"outofstock","13":"sale","14":"purchasable","15":"product-type-simple"},"_links":{"self":[{"href":"https:\/\/madelinefashion.pl\/en\/wp-json\/wp\/v2\/product\/7596","targetHints":{"allow":["GET"]}}],"collection":[{"href":"https:\/\/madelinefashion.pl\/en\/wp-json\/wp\/v2\/product"}],"about":[{"href":"https:\/\/madelinefashion.pl\/en\/wp-json\/wp\/v2\/types\/product"}],"wp:featuredmedia":[{"embeddable":true,"href":"https:\/\/madelinefashion.pl\/en\/wp-json\/wp\/v2\/media\/112659"}],"wp:attachment":[{"href":"https:\/\/madelinefashion.pl\/en\/wp-json\/wp\/v2\/media?parent=7596"}],"wp:term":[{"taxonomy":"product_brand","embeddable":true,"href":"https:\/\/madelinefashion.pl\/en\/wp-json\/wp\/v2\/product_brand?post=7596"},{"taxonomy":"product_cat","embeddable":true,"href":"https:\/\/madelinefashion.pl\/en\/wp-json\/wp\/v2\/product_cat?post=7596"},{"taxonomy":"product_tag","embeddable":true,"href":"https:\/\/madelinefashion.pl\/en\/wp-json\/wp\/v2\/product_tag?post=7596"}],"curies":[{"name":"wp","href":"https:\/\/api.w.org\/{rel}","templated":true}]}}