{"id":76102,"date":"2023-02-03T16:01:47","date_gmt":"2023-02-03T15:01:47","guid":{"rendered":"https:\/\/madelinefashion.pl\/?post_type=product&#038;p=76102"},"modified":"2026-01-20T10:33:40","modified_gmt":"2026-01-20T09:33:40","slug":"sukienka-carmelowa-koszulowa-elbise","status":"publish","type":"product","link":"https:\/\/madelinefashion.pl\/en\/product\/sukienka-carmelowa-koszulowa-elbise\/","title":{"rendered":"Elbise Caramel Shirt Dress"},"content":{"rendered":"<h3 style=\"text-align: center;\">Elbise Caramel Shirt Dress<\/h3>\n<p>&nbsp;<\/p>\n<p style=\"text-align: center;\"><strong>Shirt dress<\/strong> This is a perfect choice for a more elegant look. A belt is included with the dress. The dress fastens with small buttons, allowing you to adjust the neckline. The neckline is finished with a collar. This dress is perfect for formal wear. Its interesting cut not only conceals imperfections but also beautifully accentuates calves and bust. The dress is made of a pleasant, slightly stretchy material. You can match it with shoes and a handbag in our store. The caramel-colored dress is definitely a very versatile wardrobe piece.<\/p>\n<p style=\"text-align: center;\">Dress in size <strong>SML XL\u00a0<\/strong><\/p>\n<h3 style=\"text-align: center;\">Dimensions:<\/h3>\n<ul>\n<li style=\"text-align: center;\"><strong>S \/ 36<\/strong><\/li>\n<li style=\"text-align: center;\">TOTAL LENGTH 94 cm<\/li>\n<li style=\"text-align: center;\">WIDTH FROM AARM TO AARM 48 cm<\/li>\n<li style=\"text-align: center;\">SLEEVE LENGTH FROM THE SHOULDER 48 cm<\/li>\n<li style=\"text-align: center;\">SLEEVE LENGTH FROM THE ARMP 35 cm<\/li>\n<li style=\"text-align: center;\"><\/li>\n<li style=\"text-align: center;\"><strong>M \/ 38<\/strong><\/li>\n<li style=\"text-align: center;\">TOTAL LENGTH 95 cm<\/li>\n<li style=\"text-align: center;\">WIDTH FROM AARM TO AARM 50 cm<\/li>\n<li style=\"text-align: center;\">SLEEVE LENGTH FROM THE SHOULDER 49 cm<\/li>\n<li style=\"text-align: center;\">SLEEVE LENGTH FROM THE ARMP 35 cm<\/li>\n<li style=\"text-align: center;\"><\/li>\n<li style=\"text-align: center;\"><strong>L \/ 40<\/strong><br \/>\nTOTAL LENGTH 96 cm<\/li>\n<li style=\"text-align: center;\">WIDTH FROM AARM TO AARM 52 cm<\/li>\n<li style=\"text-align: center;\">SLEEVE LENGTH FROM THE SHOULDER 50 cm<\/li>\n<li style=\"text-align: center;\">SLEEVE LENGTH FROM THE ARMP 35 cm<\/li>\n<li><\/li>\n<li style=\"text-align: center;\"><strong>42 \/ XL<\/strong><\/li>\n<li style=\"text-align: center;\">TOTAL LENGTH 97 cm<\/li>\n<li style=\"text-align: center;\">WIDTH FROM AARM TO AARM 54 cm<\/li>\n<li style=\"text-align: center;\">SLEEVE LENGTH FROM THE SHOULDER 51 cm<\/li>\n<li style=\"text-align: center;\">SLEEVE LENGTH FROM THE ARMP 35 cm<br \/>\n<strong>Belt length 95 cm<\/strong><\/li>\n<li style=\"text-align: center;\"><\/li>\n<\/ul>\n<p style=\"text-align: center;\">Dimensions may vary from the given +\/- 2cm. All dimensions given are measured flat. Dimension <strong>x2<\/strong><\/p>\n<table class=\"table\" width=\"591\">\n<tbody>\n<tr>\n<td width=\"302\">Model name<\/td>\n<td width=\"302\">Elbise Caramel Shirt Dress<\/td>\n<\/tr>\n<tr>\n<td width=\"302\">Color<\/td>\n<td width=\"302\">caramel<\/td>\n<\/tr>\n<tr>\n<td width=\"302\">Fastening<\/td>\n<td width=\"302\">With buttons<\/td>\n<\/tr>\n<tr>\n<td width=\"302\">Size<\/td>\n<td width=\"302\">S, M, L, XL<\/td>\n<\/tr>\n<tr>\n<td width=\"302\">Included<\/td>\n<td width=\"302\">Strap<\/td>\n<\/tr>\n<tr>\n<td width=\"302\">Material<\/td>\n<td width=\"302\">\u00a077% Cotton 21%Polyester 2% Elastane<\/td>\n<\/tr>\n<tr>\n<td width=\"302\">Length<\/td>\n<td width=\"302\">At knee<\/td>\n<\/tr>\n<\/tbody>\n<\/table>\n<p>&nbsp;<\/p>\n<p>&nbsp;<\/p>\n<p style=\"text-align: center;\">The model has\u00a0<strong>169<\/strong>\u00a0cm tall, wears a size every day\u00a0<strong>S.<\/strong><\/p>\n<p style=\"text-align: center;\">The width at the bust is 92 cm<\/p>\n<p style=\"text-align: center;\">Waist width 62 cm<\/p>\n<p style=\"text-align: center;\">The width at the hips is 94 cm<\/p>","protected":false},"excerpt":{"rendered":"<p>Sukienka Karmelowa Koszulowa Elbise &nbsp; Koszulowa sukienka to doskona\u0142y wyb\u00f3r je\u015bli chcesz stworzy\u0107 bardziej eleganck\u0105 stylizacj\u0119. Do sukienki zosta\u0142 do\u0142\u0105czony \u00a0pasek.\u00a0 Sukienka zapinana jest na drobne guziczki, za pomoc\u0105 kt\u00f3rych mo\u017cesz regulowa\u0107 g\u0142\u0119boko\u015b\u0107 dekoltu. Dekolt sukienki zosta\u0142 wyko\u0144czony ko\u0142nierzykiem.\u00a0 Sukienk\u0119 z powodzeniem wykorzystasz w wizytowych stylizacjach.\u00a0 Jej ciekawy kr\u00f3j nie tylko maskuje niedoskona\u0142o\u015bci, ale r\u00f3wnie\u017c<\/p>\n<div class=\"klb-readmore post-buttons\"><a class=\"button black outline size-sm\" href=\"https:\/\/madelinefashion.pl\/en\/product\/sukienka-carmelowa-koszulowa-elbise\/\">Read More <i class=\"klbth-icon-right-arrow\"><\/i><\/a><\/div>","protected":false},"featured_media":76060,"template":"","meta":[],"product_brand":[],"product_cat":[125,92,395],"product_tag":[],"class_list":{"0":"post-76102","1":"product","2":"type-product","3":"status-publish","4":"has-post-thumbnail","6":"product_cat-sukienki","7":"product_cat-koszule","8":"product_cat-nowosci","10":"first","11":"instock","12":"sale","13":"purchasable","14":"product-type-variable"},"_links":{"self":[{"href":"https:\/\/madelinefashion.pl\/en\/wp-json\/wp\/v2\/product\/76102","targetHints":{"allow":["GET"]}}],"collection":[{"href":"https:\/\/madelinefashion.pl\/en\/wp-json\/wp\/v2\/product"}],"about":[{"href":"https:\/\/madelinefashion.pl\/en\/wp-json\/wp\/v2\/types\/product"}],"wp:featuredmedia":[{"embeddable":true,"href":"https:\/\/madelinefashion.pl\/en\/wp-json\/wp\/v2\/media\/76060"}],"wp:attachment":[{"href":"https:\/\/madelinefashion.pl\/en\/wp-json\/wp\/v2\/media?parent=76102"}],"wp:term":[{"taxonomy":"product_brand","embeddable":true,"href":"https:\/\/madelinefashion.pl\/en\/wp-json\/wp\/v2\/product_brand?post=76102"},{"taxonomy":"product_cat","embeddable":true,"href":"https:\/\/madelinefashion.pl\/en\/wp-json\/wp\/v2\/product_cat?post=76102"},{"taxonomy":"product_tag","embeddable":true,"href":"https:\/\/madelinefashion.pl\/en\/wp-json\/wp\/v2\/product_tag?post=76102"}],"curies":[{"name":"wp","href":"https:\/\/api.w.org\/{rel}","templated":true}]}}