{"id":76114,"date":"2023-02-03T16:16:35","date_gmt":"2023-02-03T15:16:35","guid":{"rendered":"https:\/\/madelinefashion.pl\/?post_type=product&#038;p=76114"},"modified":"2025-09-09T10:19:45","modified_gmt":"2025-09-09T08:19:45","slug":"sukienka-carmelowa-asymetryczna-z-paskiem-la-luna-2","status":"publish","type":"product","link":"https:\/\/madelinefashion.pl\/en\/product\/sukienka-carmelowa-asymetryczna-z-paskiem-la-luna-2\/","title":{"rendered":"Asymmetric Caramel Dress with La Luna Belt"},"content":{"rendered":"<h3 style=\"text-align: center;\">Asymmetric Caramel Dress with La Luna Belt<\/h3>\n<p>&nbsp;<\/p>\n<p style=\"text-align: center;\"><strong>Shirt dress<\/strong> is an excellent choice if you want to create a more elegant styling. A belt was attached to the dress. The dress is fastened with small buttons, with which you can adjust the depth of the neckline. The neckline of the dress was finished with a collar. You can successfully use the dress in formal stylizations. Its interesting cut not only masks imperfections, but also perfectly emphasizes calves or bust. The dress has a pleasant, slightly stretchy material. You can match it with shoes and a handbag in our store. A dress in a caramel color is definitely a very versatile piece of clothing. The set includes a belt with a gold element.<\/p>\n<p style=\"text-align: center;\">Dress in size <strong>SML XL\u00a0<\/strong><\/p>\n<h3 style=\"text-align: center;\">Dimensions:<\/h3>\n<ul>\n<li style=\"text-align: center;\"><\/li>\n<li style=\"text-align: center;\">TOTAL LENGTH 115 cm<\/li>\n<li style=\"text-align: center;\">WIDTH FROM AARM TO AARM 44-53 cm<\/li>\n<li style=\"text-align: center;\">SLEEVE LENGTH FROM THE SHOULDER 45 cm<\/li>\n<li style=\"text-align: center;\">SLEEVE LENGTH FROM THE ARMP 35 cm<\/li>\n<li style=\"text-align: center;\"><\/li>\n<li style=\"text-align: center;\"><strong>Belt length 65-110 cm<\/strong><\/li>\n<\/ul>\n<p style=\"text-align: center;\">Dimensions may vary from the given +\/- 2cm. All dimensions given are measured flat. <strong>X2 dimension<\/strong><\/p>\n<table class=\"table\" width=\"591\">\n<tbody>\n<tr>\n<td width=\"302\">Model name<\/td>\n<td width=\"302\">Asymmetric Caramel Dress with La Luna Belt<\/td>\n<\/tr>\n<tr>\n<td width=\"302\">Color<\/td>\n<td width=\"302\">Caramel<\/td>\n<\/tr>\n<tr>\n<td width=\"302\">Fastening<\/td>\n<td width=\"302\">With buttons<\/td>\n<\/tr>\n<tr>\n<td width=\"302\">Size<\/td>\n<td width=\"302\">Universal<\/td>\n<\/tr>\n<tr>\n<td width=\"302\">Included<\/td>\n<td width=\"302\">Strap<\/td>\n<\/tr>\n<tr>\n<td width=\"302\">Material<\/td>\n<td width=\"302\">60%Polyester 35% Viscose 5% Elastane<\/td>\n<\/tr>\n<tr>\n<td width=\"302\">Length<\/td>\n<td width=\"302\">Behind the knees<\/td>\n<\/tr>\n<\/tbody>\n<\/table>\n<p>&nbsp;<\/p>\n<p>&nbsp;<\/p>\n<p style=\"text-align: center;\">The model has\u00a0<strong>169<\/strong>\u00a0cm tall, wears a size every day\u00a0<strong>S.<\/strong><\/p>\n<p style=\"text-align: center;\">The width at the bust is 92 cm<\/p>\n<p style=\"text-align: center;\">Waist width 62 cm<\/p>\n<p style=\"text-align: center;\">The width at the hips is 94 cm<\/p>","protected":false},"excerpt":{"rendered":"<p>Sukienka Carmelowa Asymetryczna z Paskiem La Luna &nbsp; Koszulowa sukienka to doskona\u0142y wyb\u00f3r je\u015bli chcesz stworzy\u0107 bardziej eleganck\u0105 stylizacj\u0119. Do sukienki zosta\u0142 do\u0142\u0105czony \u00a0pasek.\u00a0 Sukienka zapinana jest na drobne guziczki, za pomoc\u0105 kt\u00f3rych mo\u017cesz regulowa\u0107 g\u0142\u0119boko\u015b\u0107 dekoltu. Dekolt sukienki zosta\u0142 wyko\u0144czony ko\u0142nierzykiem.\u00a0 Sukienk\u0119 z powodzeniem wykorzystasz w wizytowych stylizacjach.\u00a0 Jej ciekawy kr\u00f3j nie tylko maskuje<\/p>\n<div class=\"klb-readmore post-buttons\"><a class=\"button black outline size-sm\" href=\"https:\/\/madelinefashion.pl\/en\/product\/sukienka-carmelowa-asymetryczna-z-paskiem-la-luna-2\/\">Read More <i class=\"klbth-icon-right-arrow\"><\/i><\/a><\/div>","protected":false},"featured_media":76048,"template":"","meta":[],"product_brand":[],"product_cat":[125,395],"product_tag":[],"class_list":{"0":"post-76114","1":"product","2":"type-product","3":"status-publish","4":"has-post-thumbnail","6":"product_cat-sukienki","7":"product_cat-nowosci","9":"first","10":"instock","11":"purchasable","12":"product-type-simple"},"_links":{"self":[{"href":"https:\/\/madelinefashion.pl\/en\/wp-json\/wp\/v2\/product\/76114","targetHints":{"allow":["GET"]}}],"collection":[{"href":"https:\/\/madelinefashion.pl\/en\/wp-json\/wp\/v2\/product"}],"about":[{"href":"https:\/\/madelinefashion.pl\/en\/wp-json\/wp\/v2\/types\/product"}],"wp:featuredmedia":[{"embeddable":true,"href":"https:\/\/madelinefashion.pl\/en\/wp-json\/wp\/v2\/media\/76048"}],"wp:attachment":[{"href":"https:\/\/madelinefashion.pl\/en\/wp-json\/wp\/v2\/media?parent=76114"}],"wp:term":[{"taxonomy":"product_brand","embeddable":true,"href":"https:\/\/madelinefashion.pl\/en\/wp-json\/wp\/v2\/product_brand?post=76114"},{"taxonomy":"product_cat","embeddable":true,"href":"https:\/\/madelinefashion.pl\/en\/wp-json\/wp\/v2\/product_cat?post=76114"},{"taxonomy":"product_tag","embeddable":true,"href":"https:\/\/madelinefashion.pl\/en\/wp-json\/wp\/v2\/product_tag?post=76114"}],"curies":[{"name":"wp","href":"https:\/\/api.w.org\/{rel}","templated":true}]}}