{"id":76500,"date":"2023-02-06T11:17:24","date_gmt":"2023-02-06T10:17:24","guid":{"rendered":"https:\/\/madelinefashion.pl\/?post_type=product&#038;p=76500"},"modified":"2026-01-20T10:33:40","modified_gmt":"2026-01-20T09:33:40","slug":"koszula-z-koronka-bezowa-sabra","status":"publish","type":"product","link":"https:\/\/madelinefashion.pl\/en\/product\/koszula-z-koronka-bezowa-sabra\/","title":{"rendered":"Beige Sabra Lace Shirt"},"content":{"rendered":"<h3 style=\"text-align: center;\">Beige Sabra Lace Shirt<\/h3>\n<p style=\"text-align: center;\">Shirt with welts on the sleeves, asymmetric. The shirt is with lace on the sleeves and on the neckline. It has a V-shaped neckline,<br \/>\nwhich optically lengthens the neck and slims the silhouette. It will be great in many elegant and everyday stylizations.<\/p>\n<div class=\"product-actions\">\n<form id=\"add-to-cart-or-refresh\" action=\"https:\/\/super-store.pl\/koszyk\" method=\"post\">\n<div class=\"product-variants\">\n<div id=\"box_why\"><\/div>\n<\/div>\n<\/form>\n<\/div>\n<h3 style=\"text-align: center;\">\u00a0 \u00a0 \u00a0Dimensions:<\/h3>\n<p style=\"text-align: center;\"><strong>S \/ M<\/strong><\/p>\n<p style=\"text-align: center;\">total length at the front: 65 cm<br \/>\ntotal length back: 69.5 cm<br \/>\nwidth from armpit to armpit: 52 cm<br \/>\nsleeve length from the shoulder: 62 cm<br \/>\nsleeve length from armpit: 47 cm<\/p>\n<p style=\"text-align: center;\"><strong>L \/ XL<\/strong><\/p>\n<p style=\"text-align: center;\">total length at the front: 65 cm<br \/>\ntotal length back: 69.5 cm<br \/>\nwidth from armpit to armpit: 54 cm<br \/>\nsleeve length from shoulder: 63 cm<br \/>\nsleeve length from armpit: 48 cm<\/p>\n<ul>\n<li style=\"list-style-type: none;\"><\/li>\n<\/ul>\n<table style=\"height: 288px;\" width=\"432\">\n<tbody>\n<tr>\n<td>Model Name<\/td>\n<td>\n<p style=\"text-align: left;\">Beige Sabra Lace Shirt<\/p>\n<\/td>\n<\/tr>\n<tr>\n<td>Color<\/td>\n<td>Beige<\/td>\n<\/tr>\n<tr>\n<td>Collection<\/td>\n<td>Spring Summer Autumn Winter<\/td>\n<\/tr>\n<tr>\n<td>Size<\/td>\n<td>Universal<\/td>\n<\/tr>\n<tr>\n<td>Pattern<\/td>\n<td>Lace<\/td>\n<\/tr>\n<tr>\n<td>Fastening<\/td>\n<td>Buttons<\/td>\n<\/tr>\n<tr>\n<td>Composition of the materials<\/td>\n<td>100% Polyester<\/td>\n<\/tr>\n<\/tbody>\n<\/table>\n<p>&nbsp;<\/p>\n<p style=\"text-align: center;\">The model has\u00a0<strong>169<\/strong>\u00a0cm tall, wears a size every day\u00a0<strong>S.<\/strong><\/p>\n<p style=\"text-align: center;\">The width at the bust is 92 cm<\/p>\n<p style=\"text-align: center;\">Waist width 62 cm<\/p>\n<p style=\"text-align: center;\">The width at the hips is 94 cm<\/p>","protected":false},"excerpt":{"rendered":"<p>Koszula z Koronk\u0105 Be\u017cowa Sabra Koszula ze \u015bci\u0105gaczem na r\u0119kawkach , asymetryczna.\u00a0 Koszula jest z koronk\u0105 na r\u0119kawach oraz na dekolcie. Posiada dekolt w kszta\u0142cie litery V, kt\u00f3ry optycznie wyd\u0142u\u017ca szyj\u0119 i wysmukla sylwetk\u0119. Wspaniale sprawdzi si\u0119 w wielu eleganckich jak i codziennych stylizacjach. \u00a0 \u00a0 \u00a0Wymiary: S\/M d\u0142ugo\u015b\u0107 ca\u0142kowita prz\u00f3d: 65 cm d\u0142ugo\u015b\u0107 ca\u0142kowita<\/p>\n<div class=\"klb-readmore post-buttons\"><a class=\"button black outline size-sm\" href=\"https:\/\/madelinefashion.pl\/en\/product\/koszula-z-koronka-bezowa-sabra\/\">Read More <i class=\"klbth-icon-right-arrow\"><\/i><\/a><\/div>","protected":false},"featured_media":76440,"template":"","meta":[],"product_brand":[],"product_cat":[92],"product_tag":[],"class_list":{"0":"post-76500","1":"product","2":"type-product","3":"status-publish","4":"has-post-thumbnail","6":"product_cat-koszule","7":"pa_rozmiar-s-m","8":"pa_rozmiar-l-xl","10":"first","11":"instock","12":"sale","13":"purchasable","14":"product-type-variable"},"_links":{"self":[{"href":"https:\/\/madelinefashion.pl\/en\/wp-json\/wp\/v2\/product\/76500","targetHints":{"allow":["GET"]}}],"collection":[{"href":"https:\/\/madelinefashion.pl\/en\/wp-json\/wp\/v2\/product"}],"about":[{"href":"https:\/\/madelinefashion.pl\/en\/wp-json\/wp\/v2\/types\/product"}],"wp:featuredmedia":[{"embeddable":true,"href":"https:\/\/madelinefashion.pl\/en\/wp-json\/wp\/v2\/media\/76440"}],"wp:attachment":[{"href":"https:\/\/madelinefashion.pl\/en\/wp-json\/wp\/v2\/media?parent=76500"}],"wp:term":[{"taxonomy":"product_brand","embeddable":true,"href":"https:\/\/madelinefashion.pl\/en\/wp-json\/wp\/v2\/product_brand?post=76500"},{"taxonomy":"product_cat","embeddable":true,"href":"https:\/\/madelinefashion.pl\/en\/wp-json\/wp\/v2\/product_cat?post=76500"},{"taxonomy":"product_tag","embeddable":true,"href":"https:\/\/madelinefashion.pl\/en\/wp-json\/wp\/v2\/product_tag?post=76500"}],"curies":[{"name":"wp","href":"https:\/\/api.w.org\/{rel}","templated":true}]}}