{"id":76591,"date":"2023-02-06T15:27:22","date_gmt":"2023-02-06T14:27:22","guid":{"rendered":"https:\/\/madelinefashion.pl\/?post_type=product&#038;p=76591"},"modified":"2026-02-16T15:02:24","modified_gmt":"2026-02-16T14:02:24","slug":"skorzane-sandaly-z-wycieciami-czarne-broadway","status":"publish","type":"product","link":"https:\/\/madelinefashion.pl\/en\/product\/skorzane-sandaly-z-wycieciami-czarne-broadway\/","title":{"rendered":"Black Broadway Cut Out Leather Sandals"},"content":{"rendered":"<h3 style=\"text-align: center;\">Black Broadway Cut Out Leather Sandals<\/h3>\n<p>Unusual women&#039;s high heel sandals in the form of a massive post and platform. They have an upper with spectacular cutouts and a stiffened heel counter. Fastened around the ankle with two adjustable straps with a buckle. Made entirely of eco leather. The insole is comfortable to use. Open nose, rounded. An interesting cut that will make you stand out from the crowd.\u00a0<b>When choosing a size, please use the size chart.<\/b><\/p>\n<h3 style=\"text-align: center;\">Characteristics:<\/h3>\n<ul>\n<li style=\"text-align: center;\">Classic boots on the post - elegance and pleasure to use<\/li>\n<li style=\"text-align: center;\">Fashionable - recommended by bloggers<\/li>\n<li style=\"text-align: center;\">A solid heel - they are stable in use<\/li>\n<li style=\"text-align: center;\">Comfortable - you will spend the whole day in them comfortably<\/li>\n<li style=\"text-align: center;\">Classic look - universal and timeless design<\/li>\n<\/ul>\n<p>&nbsp;<\/p>\n<h3 style=\"text-align: center;\">Dimensions<\/h3>\n<ul>\n<li style=\"text-align: center;\">Heel height 11.5 cm<\/li>\n<li style=\"text-align: center;\">Platform \/ Sole: 3 cm<\/li>\n<\/ul>\n<table width=\"540\">\n<thead>\n<tr>\n<td width=\"216\"><strong>EU size<\/strong><\/td>\n<td width=\"316\"><strong>The length of the insert<\/strong><\/td>\n<\/tr>\n<\/thead>\n<tbody>\n<tr>\n<td width=\"216\"><strong>36<\/strong><\/td>\n<td width=\"316\">24 cm<\/td>\n<\/tr>\n<tr>\n<td width=\"216\"><strong>37<\/strong><\/td>\n<td width=\"316\">24.5 cm<\/td>\n<\/tr>\n<tr>\n<td width=\"216\"><strong>38<\/strong><\/td>\n<td width=\"316\">25 cm<\/td>\n<\/tr>\n<tr>\n<td width=\"216\"><strong>39<\/strong><\/td>\n<td width=\"316\">25.5 cm<\/td>\n<\/tr>\n<tr>\n<td width=\"216\"><strong>40<\/strong><\/td>\n<td width=\"316\">26 cm<\/td>\n<\/tr>\n<tr>\n<td width=\"216\"><strong>41<\/strong><\/td>\n<td width=\"316\">26.5 cm<\/td>\n<\/tr>\n<\/tbody>\n<\/table>\n<div class=\"wrap-content\">\n<div class=\"main-container container\">\n<div class=\"row\">\n<section class=\"main-content sidebar-left-false\">\n<div class=\"product-page page\">\n<div class=\"page-content\">\n<div id=\"ProductSizing\" class=\"product-sizing modal fade in\" tabindex=\"-1\" role=\"dialog\" aria-hidden=\"false\">\n<div class=\"modal-dialog\">\n<div class=\"modal-content\">\n<div class=\"widget html_editor\">\n<p>&nbsp;<\/p>\n<\/div>\n<p>&nbsp;<\/p>\n<\/div>\n<\/div>\n<\/div>\n<\/div>\n<\/div>\n<\/section>\n<\/div>\n<\/div>\n<\/div>\n<div class=\"wrap-footer\">\n<footer class=\"\">\n<div class=\"container\">\n<div class=\"footer-newsletter-box\"><\/div>\n<\/div>\n<\/footer>\n<\/div>\n<table>\n<tbody>\n<tr>\n<td width=\"302\">Model name<\/td>\n<td width=\"302\">Black Broadway Cut Out Leather Sandals<\/td>\n<\/tr>\n<tr>\n<td width=\"302\">Color<\/td>\n<td width=\"302\">Black<\/td>\n<\/tr>\n<tr>\n<td width=\"302\">Sizes<\/td>\n<td width=\"302\">36 37\u00a0 38\u00a0 39 40 41<\/td>\n<\/tr>\n<tr>\n<td width=\"302\">Material<\/td>\n<td width=\"302\">Eco-leather<\/td>\n<\/tr>\n<tr>\n<td width=\"302\">Warming<\/td>\n<td width=\"302\">Not<\/td>\n<\/tr>\n<tr>\n<td width=\"302\">Type of heel<\/td>\n<td width=\"302\">Post<\/td>\n<\/tr>\n<tr>\n<td width=\"302\">Collection<\/td>\n<td width=\"302\">Spring \/ Autumn \/ Winter<\/td>\n<\/tr>\n<\/tbody>\n<\/table>\n<div class=\"tabs tabs-bb clear mb-80\">\n<div class=\"tab-content\">\n<div id=\"tab-description\" class=\"tab-pane fade in woocommerce-Tabs-panel--description active\">\n<p style=\"text-align: left;\">r4l9672-2<\/p>\n<\/div>\n<\/div>\n<\/div>\n<section class=\"up-sells upsells products mb-80\"><\/section>\n<p>&nbsp;<\/p>","protected":false},"excerpt":{"rendered":"<p>Sk\u00f3rzane Sanda\u0142y z Wyci\u0119ciami Czarne Broadway Niezwyk\u0142e sanda\u0142ki damskie na obcasie w postaci masywnego s\u0142upka oraz platformie. Posiadaj\u0105 cholewk\u0119 z efektownymi wyci\u0119ciami oraz usztywniany zapi\u0119tek. Zapinane wok\u00f3\u0142 kostki na dwa regulowane paski ze sprz\u0105czk\u0105. Wykonane w ca\u0142o\u015bci z eko sk\u00f3ry. Wk\u0142adka komfortowa w u\u017cytkowaniu. Nosek odkryty, zaokr\u0105glony. Ciekawy fason, kt\u00f3ry wyr\u00f3\u017cni Ci\u0119 z t\u0142umu.\u00a0Przy wyborze<\/p>\n<div class=\"klb-readmore post-buttons\"><a class=\"button black outline size-sm\" href=\"https:\/\/madelinefashion.pl\/en\/product\/skorzane-sandaly-z-wycieciami-czarne-broadway\/\">Read More <i class=\"klbth-icon-right-arrow\"><\/i><\/a><\/div>","protected":false},"featured_media":76554,"template":"","meta":[],"product_brand":[],"product_cat":[400],"product_tag":[492,496],"class_list":{"0":"post-76591","1":"product","2":"type-product","3":"status-publish","4":"has-post-thumbnail","6":"product_cat-buty","7":"product_tag-botki","8":"product_tag-sandalki","10":"first","11":"instock","12":"sale","13":"purchasable","14":"product-type-variable"},"_links":{"self":[{"href":"https:\/\/madelinefashion.pl\/en\/wp-json\/wp\/v2\/product\/76591","targetHints":{"allow":["GET"]}}],"collection":[{"href":"https:\/\/madelinefashion.pl\/en\/wp-json\/wp\/v2\/product"}],"about":[{"href":"https:\/\/madelinefashion.pl\/en\/wp-json\/wp\/v2\/types\/product"}],"wp:featuredmedia":[{"embeddable":true,"href":"https:\/\/madelinefashion.pl\/en\/wp-json\/wp\/v2\/media\/76554"}],"wp:attachment":[{"href":"https:\/\/madelinefashion.pl\/en\/wp-json\/wp\/v2\/media?parent=76591"}],"wp:term":[{"taxonomy":"product_brand","embeddable":true,"href":"https:\/\/madelinefashion.pl\/en\/wp-json\/wp\/v2\/product_brand?post=76591"},{"taxonomy":"product_cat","embeddable":true,"href":"https:\/\/madelinefashion.pl\/en\/wp-json\/wp\/v2\/product_cat?post=76591"},{"taxonomy":"product_tag","embeddable":true,"href":"https:\/\/madelinefashion.pl\/en\/wp-json\/wp\/v2\/product_tag?post=76591"}],"curies":[{"name":"wp","href":"https:\/\/api.w.org\/{rel}","templated":true}]}}