{"id":76606,"date":"2023-02-06T15:38:27","date_gmt":"2023-02-06T14:38:27","guid":{"rendered":"https:\/\/madelinefashion.pl\/?post_type=product&#038;p=76606"},"modified":"2026-04-18T20:10:54","modified_gmt":"2026-04-18T18:10:54","slug":"czarne-skorzane-botki-sztyblety-z-wycieciami","status":"publish","type":"product","link":"https:\/\/madelinefashion.pl\/en\/product\/czarne-skorzane-botki-sztyblety-z-wycieciami\/","title":{"rendered":"Black Leather Cut-out Jodhpur Boots"},"content":{"rendered":"<h3 style=\"text-align: center;\">Black Leather Cut-out Jodhpur Boots<\/h3>\n<p>Extremely comfortable and comfortable thanks to the use of optimal profiling for a woman&#039;s delicate foot and a soft insole. You will be happy to match the boots to numerous styles. Jodhpur boots made of ecological leather. <strong>The upper is finished with cutouts and decorated with silver rhinestones. Slip-on model. <\/strong>They will be a great decoration for everyday styling.<\/p>\n<h3 style=\"text-align: center;\">Characteristics:<\/h3>\n<ul>\n<li style=\"text-align: center;\">Boots on a post - elegance and pleasure of use<\/li>\n<li style=\"text-align: center;\">Fashionable - recommended by bloggers<\/li>\n<li style=\"text-align: center;\">A solid heel - they are stable in use<\/li>\n<li style=\"text-align: center;\">Comfortable - you will spend the whole day in them comfortably<\/li>\n<\/ul>\n<div class=\"mb-4\" style=\"text-align: center;\"><b>Color:\u00a0<\/b>Black<\/div>\n<div class=\"mb-4\" style=\"text-align: center;\" data-key=\"foot-thickness\"><b>Foot width:\u00a0<\/b>Neutral<\/div>\n<div class=\"mb-4\" style=\"text-align: center;\" data-key=\"type-of-heel\"><b>Type of heel:\u00a0<\/b>Post<\/div>\n<div class=\"mb-4\" style=\"text-align: center;\" data-key=\"cloth\"><b>Material:\u00a0<\/b>Eco-leather<\/div>\n<div class=\"mb-4\" style=\"text-align: center;\" data-key=\"nose-of-shoe\"><b>Shoe toecap:\u00a0<\/b>Tonsil<\/div>\n<div class=\"mb-4\" style=\"text-align: center;\"><b>Heel height: <\/b>5 cm<\/div>\n<h3 style=\"text-align: center;\"><\/h3>\n<table width=\"540\">\n<thead>\n<tr>\n<td width=\"216\"><strong>EU size<\/strong><\/td>\n<td width=\"316\"><strong>The length of the insert<\/strong><\/td>\n<\/tr>\n<\/thead>\n<tbody>\n<tr>\n<td width=\"216\"><strong>36<\/strong><\/td>\n<td width=\"316\">23.5 cm<\/td>\n<\/tr>\n<tr>\n<td width=\"216\"><strong>37<\/strong><\/td>\n<td width=\"316\">24 cm<\/td>\n<\/tr>\n<tr>\n<td width=\"216\"><strong>38<\/strong><\/td>\n<td width=\"316\">24.5 cm<\/td>\n<\/tr>\n<tr>\n<td width=\"216\"><strong>39<\/strong><\/td>\n<td width=\"316\">25 cm<\/td>\n<\/tr>\n<tr>\n<td width=\"216\"><strong>40<\/strong><\/td>\n<td width=\"316\">25.5 cm<\/td>\n<\/tr>\n<tr>\n<td width=\"216\"><strong>41<\/strong><\/td>\n<td width=\"316\">26 cm<\/td>\n<\/tr>\n<\/tbody>\n<\/table>\n<div class=\"wrap-content\">\n<div class=\"main-container container\">\n<div class=\"row\">\n<section class=\"main-content sidebar-left-false\">\n<div class=\"product-page page\">\n<div class=\"page-content\">\n<div id=\"ProductSizing\" class=\"product-sizing modal fade in\" tabindex=\"-1\" role=\"dialog\" aria-hidden=\"false\">\n<div class=\"modal-dialog\">\n<div class=\"modal-content\">\n<div class=\"widget html_editor\">\n<p>&nbsp;<\/p>\n<\/div>\n<p>&nbsp;<\/p>\n<\/div>\n<\/div>\n<\/div>\n<\/div>\n<\/div>\n<\/section>\n<\/div>\n<\/div>\n<\/div>\n<div class=\"wrap-footer\">\n<footer class=\"\">\n<div class=\"container\">\n<div class=\"footer-newsletter-box\"><\/div>\n<\/div>\n<\/footer>\n<\/div>\n<table>\n<tbody>\n<tr>\n<td width=\"302\">Model name<\/td>\n<td width=\"302\">Black Leather Cut-out Jodhpur Boots<\/td>\n<\/tr>\n<tr>\n<td width=\"302\">Color<\/td>\n<td width=\"302\">Black<\/td>\n<\/tr>\n<tr>\n<td width=\"302\">Sizes<\/td>\n<td width=\"302\">36 37\u00a0 38\u00a0 39 40 41<\/td>\n<\/tr>\n<tr>\n<td width=\"302\">Material<\/td>\n<td width=\"302\">Eco-leather<\/td>\n<\/tr>\n<tr>\n<td width=\"302\">Warming<\/td>\n<td width=\"302\">Yes<\/td>\n<\/tr>\n<tr>\n<td width=\"302\">Type of heel<\/td>\n<td width=\"302\">Post<\/td>\n<\/tr>\n<tr>\n<td width=\"302\">Collection<\/td>\n<td width=\"302\">Spring autumn<\/td>\n<\/tr>\n<\/tbody>\n<\/table>\n<div class=\"tabs tabs-bb clear mb-80\">\n<div class=\"tab-content\">\n<div id=\"tab-description\" class=\"tab-pane fade in woocommerce-Tabs-panel--description active\">\n<p style=\"text-align: center;\">\n<\/div>\n<\/div>\n<\/div>\n<section class=\"up-sells upsells products mb-80\"><\/section>\n<p style=\"text-align: left;\">RQ358<\/p>","protected":false},"excerpt":{"rendered":"<p>Czarne Sk\u00f3rzane Botki Sztyblety z Wyci\u0119ciami Niezwykle wygodne i komfortowe dzi\u0119ki zastosowaniu optymalnego wyprofilowania do kobiecej delikatnej stopy oraz mi\u0119kkiej wk\u0142adce. Botki\u00a0 z przyjemno\u015bci\u0105 dopasujesz do licznych stylizacji. Sztyblety wykonane ze sk\u00f3ry ekologicznej. Cholewka wyko\u0144czona wyci\u0119ciami i zdobiona srebrnymi d\u017cetami. Model wsuwany. B\u0119d\u0105 \u015bwietn\u0105 ozdob\u0105 do codziennych stylizacji. Cechy charakterystyczne: Botki na s\u0142upku &#8211; elegancja<\/p>\n<div class=\"klb-readmore post-buttons\"><a class=\"button black outline size-sm\" href=\"https:\/\/madelinefashion.pl\/en\/product\/czarne-skorzane-botki-sztyblety-z-wycieciami\/\">Read More <i class=\"klbth-icon-right-arrow\"><\/i><\/a><\/div>","protected":false},"featured_media":76561,"template":"","meta":[],"product_brand":[],"product_cat":[400],"product_tag":[492],"class_list":{"0":"post-76606","1":"product","2":"type-product","3":"status-publish","4":"has-post-thumbnail","6":"product_cat-buty","7":"product_tag-botki","9":"first","10":"instock","11":"sale","12":"purchasable","13":"product-type-variable"},"_links":{"self":[{"href":"https:\/\/madelinefashion.pl\/en\/wp-json\/wp\/v2\/product\/76606","targetHints":{"allow":["GET"]}}],"collection":[{"href":"https:\/\/madelinefashion.pl\/en\/wp-json\/wp\/v2\/product"}],"about":[{"href":"https:\/\/madelinefashion.pl\/en\/wp-json\/wp\/v2\/types\/product"}],"wp:featuredmedia":[{"embeddable":true,"href":"https:\/\/madelinefashion.pl\/en\/wp-json\/wp\/v2\/media\/76561"}],"wp:attachment":[{"href":"https:\/\/madelinefashion.pl\/en\/wp-json\/wp\/v2\/media?parent=76606"}],"wp:term":[{"taxonomy":"product_brand","embeddable":true,"href":"https:\/\/madelinefashion.pl\/en\/wp-json\/wp\/v2\/product_brand?post=76606"},{"taxonomy":"product_cat","embeddable":true,"href":"https:\/\/madelinefashion.pl\/en\/wp-json\/wp\/v2\/product_cat?post=76606"},{"taxonomy":"product_tag","embeddable":true,"href":"https:\/\/madelinefashion.pl\/en\/wp-json\/wp\/v2\/product_tag?post=76606"}],"curies":[{"name":"wp","href":"https:\/\/api.w.org\/{rel}","templated":true}]}}