{"id":767,"date":"2019-02-09T16:57:48","date_gmt":"2019-02-09T15:57:48","guid":{"rendered":"http:\/\/serwer2078743.home.pl\/?post_type=product&#038;p=767"},"modified":"2026-04-20T15:47:17","modified_gmt":"2026-04-20T13:47:17","slug":"body-koronkowe-odkryte-ramiona-musztardowe","status":"publish","type":"product","link":"https:\/\/madelinefashion.pl\/en\/product\/body-koronkowe-odkryte-ramiona-musztardowe\/","title":{"rendered":"Lace Bodysuit Open Shoulders Mustard"},"content":{"rendered":"<h3 style=\"text-align: center;\">Lace Bodysuit Open Shoulders Mustard<\/h3>\n<p style=\"text-align: center;\"><strong>Elegant lace bodysuit with long sleeves (3\/4)<\/strong><br \/>\nPerfect for elegant stylizations.<br \/>\nThe body has a non-translucent lining under the lace and stiffening breast cups.<br \/>\nMade entirely of elastic, stretchy lace.<br \/>\n<strong>This season&#039;s absolute hit.<\/strong><br \/>\nWe highly recommend !!!<\/p>\n<h3 style=\"text-align: center;\">Dimensions:<\/h3>\n<p style=\"text-align: center;\">The width from armpit to armpit is 36-48 cm<\/p>\n<p style=\"text-align: center;\">Total length 60-70 cm<\/p>\n<p style=\"text-align: center;\">Sleeve length from armpit 44 cm<\/p>\n<p style=\"text-align: center;\">Circumference in the biceps 20-30 cm<\/p>\n<p>&nbsp;<\/p>\n<p style=\"text-align: center;\">Dimensions may slightly differ from the given +\/- 2cm. All dimensions given are measured flat.\u00a0<strong>X2 dimension<\/strong><\/p>\n<p>&nbsp;<\/p>\n<p>&nbsp;<\/p>\n<p style=\"text-align: center;\">\u00a0The model has\u00a0<strong>169<\/strong>\u00a0cm tall, wears a size every day\u00a0<strong>S.<\/strong><\/p>\n<p style=\"text-align: center;\">The width at the bust is 92 cm<\/p>\n<p style=\"text-align: center;\">Waist width 62 cm<\/p>\n<p style=\"text-align: center;\">The width at the hips is 94 cm<\/p>","protected":false},"excerpt":{"rendered":"<p>Body Koronkowe Odkryte Ramiona Musztardowe Eleganckie koronkowe body z d\u0142ugim r\u0119kawem(3\/4) Idealne do eleganckich stylizacji. Body posiadaj\u0105 pod koronk\u0105 nie prze\u015bwituj\u0105c\u0105 podszewk\u0119 oraz usztywniaj\u0105ce miseczki na biust.(Mo\u017cliwo\u015b\u0107 wyci\u0105gni\u0119cia) Wykonane w ca\u0142o\u015bci z elastycznej, rozci\u0105gliwej koronki. Absolutny hit tego sezonu. Gor\u0105co polecamy !!! Wymiary: Szeroko\u015b\u0107 od pachy do pachy 36-48 cm D\u0142ugo\u015b\u0107 ca\u0142kowita 60-70 cm D\u0142ugo\u015b\u0107<\/p>\n<div class=\"klb-readmore post-buttons\"><a class=\"button black outline size-sm\" href=\"https:\/\/madelinefashion.pl\/en\/product\/body-koronkowe-odkryte-ramiona-musztardowe\/\">Read More <i class=\"klbth-icon-right-arrow\"><\/i><\/a><\/div>","protected":false},"featured_media":32965,"template":"","meta":[],"product_brand":[],"product_cat":[84,559,380],"product_tag":[],"class_list":{"0":"post-767","1":"product","2":"type-product","3":"status-publish","4":"has-post-thumbnail","6":"product_cat-body","7":"product_cat-noworoczna-sekcja-okazji","8":"product_cat-wyprzedaz","10":"first","11":"instock","12":"sale","13":"purchasable","14":"product-type-simple"},"_links":{"self":[{"href":"https:\/\/madelinefashion.pl\/en\/wp-json\/wp\/v2\/product\/767","targetHints":{"allow":["GET"]}}],"collection":[{"href":"https:\/\/madelinefashion.pl\/en\/wp-json\/wp\/v2\/product"}],"about":[{"href":"https:\/\/madelinefashion.pl\/en\/wp-json\/wp\/v2\/types\/product"}],"wp:featuredmedia":[{"embeddable":true,"href":"https:\/\/madelinefashion.pl\/en\/wp-json\/wp\/v2\/media\/32965"}],"wp:attachment":[{"href":"https:\/\/madelinefashion.pl\/en\/wp-json\/wp\/v2\/media?parent=767"}],"wp:term":[{"taxonomy":"product_brand","embeddable":true,"href":"https:\/\/madelinefashion.pl\/en\/wp-json\/wp\/v2\/product_brand?post=767"},{"taxonomy":"product_cat","embeddable":true,"href":"https:\/\/madelinefashion.pl\/en\/wp-json\/wp\/v2\/product_cat?post=767"},{"taxonomy":"product_tag","embeddable":true,"href":"https:\/\/madelinefashion.pl\/en\/wp-json\/wp\/v2\/product_tag?post=767"}],"curies":[{"name":"wp","href":"https:\/\/api.w.org\/{rel}","templated":true}]}}