{"id":77109,"date":"2023-02-09T13:14:10","date_gmt":"2023-02-09T12:14:10","guid":{"rendered":"https:\/\/madelinefashion.pl\/?post_type=product&#038;p=77109"},"modified":"2026-03-01T12:58:11","modified_gmt":"2026-03-01T11:58:11","slug":"mis-z-roz-czerwony-40-cm-pudelko-prezent","status":"publish","type":"product","link":"https:\/\/madelinefashion.pl\/en\/product\/mis-z-roz-czerwony-40-cm-pudelko-prezent\/","title":{"rendered":"Red Rose Bear 40 cm + Gift Box"},"content":{"rendered":"<h3 style=\"text-align: center;\">Red Rose Bear 40 cm + Gift Box<\/h3>\n<p>&nbsp;<\/p>\n<p style=\"text-align: center;\"><strong>Teddy bear made of rose petals<\/strong> is a chance to give a unique gift, <strong>exceptional woman<\/strong>. This idea was created for every woman who loves roses and teddy bears.\u00a0<b>Surprise your woman with a unique gift!<\/b><br \/>\n<strong>The most fashionable gift recently<\/strong>which was created for special occasions.<b> The Big Bear is carefully prepared to surprise you with the highest quality and become a luxurious and timeless gift<\/b>, for every woman. This cute teddy bear is made of artificial roses, so you don&#039;t have to worry about its durability. <b>Teddy bear from roses -<\/b>\u00a0The perfect gift from the heart that expresses more than 1000 words!\u00a0<b>Perfect gift<\/b>\u00a0on <strong>Valentine&#039;s Day<\/strong>, <strong>birthday, engagement or other occasion.<\/strong><\/p>\n<p style=\"text-align: center;\">The roses from which the teddy bear is made are\u00a0<b>made of PE plastic,<\/b>\u00a0thanks to what they are\u00a0<b>durable<\/b>\u00a0and\u00a0<b>odorless<br \/>\nThe model is available in several color variants.\u00a0<\/b><\/p>\n<p>&nbsp;<\/p>\n<h3 style=\"text-align: center;\">Specification:<\/h3>\n<ul>\n<li style=\"text-align: center;\"><\/li>\n<li style=\"text-align: center;\">High quality product<\/li>\n<li style=\"text-align: center;\">Teddy bear made of tall roses\u00a0<b>40 cm<\/b><\/li>\n<li style=\"text-align: center;\"><b>Hand made gift<\/b><\/li>\n<li style=\"text-align: center;\"><b>A great gift idea for a loved one<\/b><\/li>\n<li style=\"text-align: center;\"><b>Red colour<\/b><\/li>\n<li style=\"text-align: center;\"><b>Box included<\/b><\/li>\n<\/ul>","protected":false},"excerpt":{"rendered":"<p>Mi\u015b z R\u00f3\u017c Czerwony 40 cm + Pude\u0142ko Prezent &nbsp; Mi\u015b z p\u0142atk\u00f3w r\u00f3\u017c to szansa na podarowanie wyj\u0105tkowego prezentu, wyj\u0105tkowej kobiecie. Pomys\u0142 ten powsta\u0142 z my\u015bl\u0105 o ka\u017cdej kobiecie kt\u00f3ra uwielbia r\u00f3\u017ce oraz misie.\u00a0Zaskocz swoj\u0105 kobiet\u0119 wyj\u0105tkowym prezentem! Najmodniejszy w ostatnim czasie prezent, kt\u00f3ry powsta\u0142 z my\u015bl\u0105 o wyj\u0105tkowych okazjach. Du\u017cy Mi\u015b jest pieczo\u0142owicie<\/p>\n<div class=\"klb-readmore post-buttons\"><a class=\"button black outline size-sm\" href=\"https:\/\/madelinefashion.pl\/en\/product\/mis-z-roz-czerwony-40-cm-pudelko-prezent\/\">Read More <i class=\"klbth-icon-right-arrow\"><\/i><\/a><\/div>","protected":false},"featured_media":26843,"template":"","meta":[],"product_brand":[],"product_cat":[113,395],"product_tag":[],"class_list":{"0":"post-77109","1":"product","2":"type-product","3":"status-publish","4":"has-post-thumbnail","6":"product_cat-dodatki","7":"product_cat-nowosci","9":"first","10":"instock","11":"sale","12":"purchasable","13":"product-type-simple"},"_links":{"self":[{"href":"https:\/\/madelinefashion.pl\/en\/wp-json\/wp\/v2\/product\/77109","targetHints":{"allow":["GET"]}}],"collection":[{"href":"https:\/\/madelinefashion.pl\/en\/wp-json\/wp\/v2\/product"}],"about":[{"href":"https:\/\/madelinefashion.pl\/en\/wp-json\/wp\/v2\/types\/product"}],"wp:featuredmedia":[{"embeddable":true,"href":"https:\/\/madelinefashion.pl\/en\/wp-json\/wp\/v2\/media\/26843"}],"wp:attachment":[{"href":"https:\/\/madelinefashion.pl\/en\/wp-json\/wp\/v2\/media?parent=77109"}],"wp:term":[{"taxonomy":"product_brand","embeddable":true,"href":"https:\/\/madelinefashion.pl\/en\/wp-json\/wp\/v2\/product_brand?post=77109"},{"taxonomy":"product_cat","embeddable":true,"href":"https:\/\/madelinefashion.pl\/en\/wp-json\/wp\/v2\/product_cat?post=77109"},{"taxonomy":"product_tag","embeddable":true,"href":"https:\/\/madelinefashion.pl\/en\/wp-json\/wp\/v2\/product_tag?post=77109"}],"curies":[{"name":"wp","href":"https:\/\/api.w.org\/{rel}","templated":true}]}}