{"id":77133,"date":"2023-02-09T16:46:29","date_gmt":"2023-02-09T15:46:29","guid":{"rendered":"https:\/\/madelinefashion.pl\/?post_type=product&#038;p=77133"},"modified":"2025-09-09T10:19:37","modified_gmt":"2025-09-09T08:19:37","slug":"komplet-slubny-toscana-bialy-dwuczesciowy","status":"publish","type":"product","link":"https:\/\/madelinefashion.pl\/en\/product\/komplet-slubny-toscana-bialy-dwuczesciowy\/","title":{"rendered":"Wedding Set Toscana White Two Piece"},"content":{"rendered":"<h3 style=\"text-align: center;\">Wedding Set Toscana White Two Piece<\/h3>\n<p style=\"text-align: center;\"><span style=\"font-size: 10pt;\">A beautiful wedding set. The top is an elegant lace blouse, while the bottom is a maxi fitted white skirt. Beautifully exposes female shapes. A model that has the features of simplicity and elegance. Perfectly adapts to the figure. <strong>The effect is complemented by the richly decorated top of the set.<\/strong><strong>\u00a0<\/strong>See our offer <strong><a href=\"https:\/\/madelinefashion.pl\/en\/product-tag\/sukienka-biala\/\">dress <\/a>white and choose a model, <\/strong>in which you will be <strong>look like a star and you will stand out from the crowd. <\/strong>One cannot be indifferent to her. <\/span><span style=\"font-size: 10pt;\">Premium long dress fastened with a concealed zipper at the back. <strong>The wedding dress reflects the light beautifully, each of the ladies will look stunning in it. <\/strong>Manufactured and sewn in Poland. Long ball gown available <\/span><span style=\"font-size: 10pt;\">\u00a0in sizes <strong>34, 36, 38,40,42 ,44. <\/strong>\u00a0Dresses <a href=\"https:\/\/madelinefashion.pl\/en\/product-tag\/pretty-women\/\"><strong>Pretty Women<\/strong><\/a> is an excellent choice for a wedding, prom, New Year&#039;s Eve and other elegant special events. The Toscana set is the perfect choice for women who want something different than a traditional wedding dress. If you can&#039;t decide which one\u00a0 <strong>size<\/strong> is the best for you, <strong>contact us<\/strong> through <a href=\"https:\/\/www.facebook.com\/madelinefashionbutik\" target=\"_blank\" rel=\"noopener\">Facebook<\/a> or <a href=\"https:\/\/madelinefashion.pl\/en\/kontakt\/\">phone<\/a>. If the size is not available on the website, please contact us.\u00a0 <strong>In the information after purchase, you can enter your dimensions<\/strong> Waist and Bust we will choose the right size for you !!\u00a0<\/span><\/p>\n<h3 style=\"text-align: center;\">DRESS DIMENSIONS:<\/h3>\n<p style=\"text-align: center;\"><img fetchpriority=\"high\" decoding=\"async\" class=\"alignnone size-medium wp-image-16801\" src=\"https:\/\/madelinefashion.pl\/wp-content\/uploads\/2021\/08\/wymiary-suknia-300x194.png\" alt=\"\" width=\"300\" height=\"194\" title=\"\"><\/p>\n<table style=\"height: 186px;\" width=\"901\">\n<tbody>\n<tr>\n<td width=\"103\">Size<\/td>\n<td width=\"103\">34<\/td>\n<td width=\"103\">36<\/td>\n<td width=\"103\">38<\/td>\n<td width=\"103\">40<\/td>\n<td width=\"133\">42<\/td>\n<\/tr>\n<tr>\n<td width=\"103\">Bust<\/td>\n<td width=\"103\">84-86<\/td>\n<td width=\"103\">88-90<\/td>\n<td width=\"103\">92-94<\/td>\n<td width=\"103\">96-98<\/td>\n<td width=\"133\">100-102<\/td>\n<\/tr>\n<tr>\n<td width=\"103\">Waist<\/td>\n<td width=\"103\">64<\/td>\n<td width=\"103\">68<\/td>\n<td width=\"103\">72<\/td>\n<td width=\"103\">76<\/td>\n<td width=\"133\">80<\/td>\n<\/tr>\n<tr>\n<td width=\"103\">Hips<\/td>\n<td width=\"103\">any<\/td>\n<td width=\"103\">any<\/td>\n<td width=\"103\">any<\/td>\n<td width=\"103\">any<\/td>\n<td width=\"133\">any<\/td>\n<\/tr>\n<\/tbody>\n<\/table>\n<p style=\"text-align: center;\">total length approx. 158 cm<\/p>\n<p style=\"text-align: center;\">The dress is also available in other colors - see our other products.<\/p>\n<p style=\"text-align: center;\">Dimensions may slightly differ from the given +\/- 2cm.<\/p>\n<p style=\"text-align: center;\"><strong>\u00a0<\/strong><\/p>\n<p>\u00a0<\/p>\n<table>\n<tbody>\n<tr>\n<td width=\"302\">Model name<\/td>\n<td width=\"302\">Wedding Set Toscana White Two Piece<\/td>\n<\/tr>\n<tr>\n<td width=\"302\">Color<\/td>\n<td width=\"302\">White<\/td>\n<\/tr>\n<tr>\n<td width=\"302\">Mark<\/td>\n<td width=\"302\">Pretty Women<\/td>\n<\/tr>\n<tr>\n<td width=\"302\">Sizes<\/td>\n<td width=\"302\">34 36 38 40, 42, 44<\/td>\n<\/tr>\n<tr>\n<td width=\"302\">Fashion<\/td>\n<td width=\"302\">Matched<\/td>\n<\/tr>\n<tr>\n<td width=\"302\">Material<\/td>\n<td width=\"302\">Viscose, Polyester, Cotton<\/td>\n<\/tr>\n<tr>\n<td width=\"302\">Length<\/td>\n<td width=\"302\">To the ground<\/td>\n<\/tr>\n<\/tbody>\n<\/table>\n<p>\u00a0<\/p>\n<p style=\"text-align: center;\">In order to match\u00a0<strong>perfect dresses<\/strong>\u00a0we invite you to contact us by phone or contact us <a href=\"https:\/\/www.facebook.com\/madelinefashionbutik\" target=\"_blank\" rel=\"noopener\">facebook<\/a> .<br \/>\nOur team will help\u00a0<strong>Choose the right one<\/strong>\u00a0.\u00a0<strong>We can make each dress at the request of the buyer\u00a0<\/strong><strong>measure carefully.\u00a0<\/strong><\/p>\n<div class=\"additional-details\">\n<p style=\"text-align: center;\">\n<\/div>","protected":false},"excerpt":{"rendered":"<p>Komplet \u015alubny Toscana Bia\u0142y Dwucz\u0119\u015bciowy Pi\u0119kny komplet \u015blubny. G\u00f3ra to elegancka koronkowa bluzka, za to d\u00f3\u0142 to maxi dopasowana, bia\u0142a sp\u00f3dnica. Pi\u0119knie eksponuje kobiece kszta\u0142ty. Model, kt\u00f3ry posiada w sobie cechy prostoty i elegancji. Doskonale dopasowuje si\u0119 do figury. Efektu dope\u0142nia bogato zdobiona g\u00f3ra kompletu.\u00a0Zapoznaj si\u0119 z nasz\u0105 ofert\u0105 sukni bia\u0142ych i wybierz model, w<\/p>\n<div class=\"klb-readmore post-buttons\"><a class=\"button black outline size-sm\" href=\"https:\/\/madelinefashion.pl\/en\/product\/komplet-slubny-toscana-bialy-dwuczesciowy\/\">Read More <i class=\"klbth-icon-right-arrow\"><\/i><\/a><\/div>","protected":false},"featured_media":77119,"template":"","meta":[],"product_brand":[],"product_cat":[124,395],"product_tag":[257,219,163],"class_list":{"0":"post-77133","1":"product","2":"type-product","3":"status-publish","4":"has-post-thumbnail","6":"product_cat-sukienki-okolicznosciowe","7":"product_cat-nowosci","8":"product_tag-madelinefashion","9":"product_tag-sukienka-biala","10":"product_tag-sukienki-dlugie","12":"first","13":"outofstock","14":"product-type-variable"},"_links":{"self":[{"href":"https:\/\/madelinefashion.pl\/en\/wp-json\/wp\/v2\/product\/77133","targetHints":{"allow":["GET"]}}],"collection":[{"href":"https:\/\/madelinefashion.pl\/en\/wp-json\/wp\/v2\/product"}],"about":[{"href":"https:\/\/madelinefashion.pl\/en\/wp-json\/wp\/v2\/types\/product"}],"wp:featuredmedia":[{"embeddable":true,"href":"https:\/\/madelinefashion.pl\/en\/wp-json\/wp\/v2\/media\/77119"}],"wp:attachment":[{"href":"https:\/\/madelinefashion.pl\/en\/wp-json\/wp\/v2\/media?parent=77133"}],"wp:term":[{"taxonomy":"product_brand","embeddable":true,"href":"https:\/\/madelinefashion.pl\/en\/wp-json\/wp\/v2\/product_brand?post=77133"},{"taxonomy":"product_cat","embeddable":true,"href":"https:\/\/madelinefashion.pl\/en\/wp-json\/wp\/v2\/product_cat?post=77133"},{"taxonomy":"product_tag","embeddable":true,"href":"https:\/\/madelinefashion.pl\/en\/wp-json\/wp\/v2\/product_tag?post=77133"}],"curies":[{"name":"wp","href":"https:\/\/api.w.org\/{rel}","templated":true}]}}