{"id":77722,"date":"2023-02-16T11:03:54","date_gmt":"2023-02-16T10:03:54","guid":{"rendered":"https:\/\/madelinefashion.pl\/?post_type=product&#038;p=77722"},"modified":"2026-01-20T10:33:39","modified_gmt":"2026-01-20T09:33:39","slug":"koszula-satynowa-z-piorami-przy-rekawach-czarna-matilda","status":"publish","type":"product","link":"https:\/\/madelinefashion.pl\/en\/product\/koszula-satynowa-z-piorami-przy-rekawach-czarna-matilda\/","title":{"rendered":"Satin Shirt With Feathers At The Sleeves Black Matilda"},"content":{"rendered":"<h3 style=\"text-align: center;\">\u00a0Satin Shirt With Feathers At The Sleeves Black Matilda<\/h3>\n<p style=\"text-align: center;\"><strong>Black Satin Buttoned Shirt is an inseparable element of every wardrobe! <\/strong>Fashion is fastened on<strong> buttons. <\/strong>A shirt with a classic cut will be great in many versions<strong>, both the official ones and<\/strong> everyday. <strong>Phenomenal Matilda shirt <\/strong>is an offer for women who appreciate the latest fashion trends. <strong>Feathers on the sleeves<\/strong> they add elegance to the whole outfit. Perfect for special occasions as well as for everyday styling. An absolute must have in your wardrobe! Our shirt can be the basis for many elegant and timeless stylizations <a href=\"https:\/\/madelinefashion.pl\/en\/spodnica-skora-mini-czarna\/\">pencils <\/a>skirts or classic <a href=\"https:\/\/madelinefashion.pl\/en\/spodnie-jeansowe-paradise-jasne\/\">jeans, <\/a>\u00a0The shirt is an ideal proposition for work, every day, for family meetings and many other occasions. Recommended for women wearing a size <strong>S, M, L, XL<\/strong><\/p>\n<h3 style=\"text-align: center;\">\u00a0 \u00a0 \u00a0Dimensions:<\/h3>\n<p style=\"text-align: center;\"><strong>36 \/ S<\/strong><\/p>\n<ul>\n<li style=\"text-align: center;\">total front length: 73 cm<\/li>\n<li style=\"text-align: center;\">total length back: 78 cm<\/li>\n<li style=\"text-align: center;\">width from armpit to armpit: 56 cm<\/li>\n<li style=\"text-align: center;\">sleeve length from the shoulder: 62 cm<\/li>\n<li style=\"text-align: center;\">sleeve length from armpit: 46 cm<\/li>\n<li style=\"text-align: center;\"><\/li>\n<\/ul>\n<p style=\"text-align: center;\"><strong>38 \/ M<\/strong><\/p>\n<ul>\n<li style=\"text-align: center;\">total front length: 75 cm<\/li>\n<li style=\"text-align: center;\">total length back: 80 cm<\/li>\n<li style=\"text-align: center;\">width from armpit to armpit: 59 cm<\/li>\n<li style=\"text-align: center;\">sleeve length from shoulder: 63 cm<\/li>\n<li style=\"text-align: center;\">sleeve length from armpit: 47 cm<\/li>\n<\/ul>\n<ul style=\"text-align: center;\">\n<li style=\"list-style-type: none;\">Dimensions may slightly differ from the given +\/- 2cm. All dimensions given are measured flat. <strong>X2 dimension<\/strong><\/li>\n<\/ul>\n<table style=\"height: 287px;\" width=\"556\">\n<tbody>\n<tr>\n<td>Model Name<\/td>\n<td>\u00a0Matilda Satin Shirt With Feathers At The Sleeves<\/td>\n<\/tr>\n<tr>\n<td>Color<\/td>\n<td>Black<\/td>\n<\/tr>\n<tr>\n<td>Collection<\/td>\n<td>Spring Summer Autumn Winter<\/td>\n<\/tr>\n<tr>\n<td>Size<\/td>\n<td>SM<\/td>\n<\/tr>\n<tr>\n<td>Fashion<\/td>\n<td>Oversize<\/td>\n<\/tr>\n<tr>\n<td>Fastening<\/td>\n<td>Golden Buttons<\/td>\n<\/tr>\n<tr>\n<td>Composition of the materials<\/td>\n<td>60% Polyester 35% Viscose 5% Elastane<\/td>\n<\/tr>\n<\/tbody>\n<\/table>\n<p style=\"text-align: center;\">\u00a0The model has\u00a0<strong>169<\/strong>\u00a0cm tall, wears a size every day\u00a0<strong>S.<\/strong><\/p>\n<p style=\"text-align: center;\">The width at the bust is 92 cm<\/p>\n<p style=\"text-align: center;\">Waist width 62 cm<\/p>\n<p style=\"text-align: center;\">The width at the hips is 94 cm<strong>\u00a0<\/strong><\/p>","protected":false},"excerpt":{"rendered":"<p>\u00a0Koszula Satynowa z Pi\u00f3rami Przy R\u0119kawach Czarna Matilda Koszula Satynowa Zapinana na Guziki Czarna to nieod\u0142\u0105czny element ka\u017cdej garderoby! Fason zapinany jest na guziki. Koszula o klasycznym kroju \u015bwietnie sprawdzi si\u0119 w wielu ods\u0142onach, zar\u00f3wno tych oficjalnych, jak i codziennych. Zjawiskowa koszula Matilda to propozycja dla kobiet ceni\u0105cych sobie najnowsze trendy w modzie. Pi\u00f3ra przy<\/p>\n<div class=\"klb-readmore post-buttons\"><a class=\"button black outline size-sm\" href=\"https:\/\/madelinefashion.pl\/en\/product\/koszula-satynowa-z-piorami-przy-rekawach-czarna-matilda\/\">Read More <i class=\"klbth-icon-right-arrow\"><\/i><\/a><\/div>","protected":false},"featured_media":77587,"template":"","meta":[],"product_brand":[],"product_cat":[92,395],"product_tag":[414],"class_list":{"0":"post-77722","1":"product","2":"type-product","3":"status-publish","4":"has-post-thumbnail","6":"product_cat-koszule","7":"product_cat-nowosci","8":"product_tag-koszule","9":"pa_rozmiar-s","10":"pa_rozmiar-m","11":"pa_rozmiar-l","12":"pa_rozmiar-xl","13":"pa_rozmiar-xxl","15":"first","16":"instock","17":"sale","18":"purchasable","19":"product-type-variable"},"_links":{"self":[{"href":"https:\/\/madelinefashion.pl\/en\/wp-json\/wp\/v2\/product\/77722","targetHints":{"allow":["GET"]}}],"collection":[{"href":"https:\/\/madelinefashion.pl\/en\/wp-json\/wp\/v2\/product"}],"about":[{"href":"https:\/\/madelinefashion.pl\/en\/wp-json\/wp\/v2\/types\/product"}],"wp:featuredmedia":[{"embeddable":true,"href":"https:\/\/madelinefashion.pl\/en\/wp-json\/wp\/v2\/media\/77587"}],"wp:attachment":[{"href":"https:\/\/madelinefashion.pl\/en\/wp-json\/wp\/v2\/media?parent=77722"}],"wp:term":[{"taxonomy":"product_brand","embeddable":true,"href":"https:\/\/madelinefashion.pl\/en\/wp-json\/wp\/v2\/product_brand?post=77722"},{"taxonomy":"product_cat","embeddable":true,"href":"https:\/\/madelinefashion.pl\/en\/wp-json\/wp\/v2\/product_cat?post=77722"},{"taxonomy":"product_tag","embeddable":true,"href":"https:\/\/madelinefashion.pl\/en\/wp-json\/wp\/v2\/product_tag?post=77722"}],"curies":[{"name":"wp","href":"https:\/\/api.w.org\/{rel}","templated":true}]}}